{"id":4338,"date":"2022-01-25T17:17:10","date_gmt":"2022-01-25T23:17:10","guid":{"rendered":"https:\/\/d46e648428.nxcli.io\/?page_id=4338"},"modified":"2026-01-26T14:45:56","modified_gmt":"2026-01-26T20:45:56","slug":"scholars","status":"publish","type":"page","link":"https:\/\/highjumpchicago.org\/vi\/our-programs\/scholars\/","title":{"rendered":"h\u1ecdc gi\u1ea3"},"content":{"rendered":"<nav  aria-label=\"v\u1ee5n b\u00e1nh m\u00ec\"><ol itemscope itemtype=\"https:\/\/schema.org\/BreadcrumbList\"><li itemprop=\"itemListElement\" itemscope itemtype=\"https:\/\/schema.org\/ListItem\"><a itemscope itemtype=\"https:\/\/schema.org\/WebPage\" itemprop=\"item\" itemid=\"https:\/\/highjumpchicago.org\" href=\"https:\/\/highjumpchicago.org\/vi\/\">Nh\u00e0<\/a><meta itemprop=\"position\" content=\"1\"\/><\/li><li itemprop=\"itemListElement\" itemscope itemtype=\"https:\/\/schema.org\/ListItem\"><a itemscope itemtype=\"https:\/\/schema.org\/WebPage\" itemprop=\"item\" itemid=\"https:\/\/highjumpchicago.org\/our-programs\/\" href=\"https:\/\/highjumpchicago.org\/vi\/our-programs\/\">ch\u01b0\u01a1ng tr\u00ecnh c\u1ee7a ch\u00fang t\u00f4i<\/a><meta itemprop=\"position\" content=\"2\"\/><\/li><li aria-current=\"page\" itemprop=\"itemListElement\" itemscope itemtype=\"https:\/\/schema.org\/ListItem\">h\u1ecdc gi\u1ea3<meta itemprop=\"position\" content=\"3\"\/><\/li><\/ol><\/nav>\n<h1>\n\t\t\tH\u1ecdc sinh \u0111\u1ea7u ti\u00ean. Th\u1ef1c h\u00e0nh. D\u1ef1a tr\u00ean khu\u00f4n vi\u00ean tr\u01b0\u1eddng.\t<\/h1>\n\t<h3>High Jump Scholars l\u00e0 m\u1ed9t ch\u01b0\u01a1ng tr\u00ecnh mi\u1ec5n h\u1ecdc ph\u00ed v\u1edbi nh\u1eefng tr\u1ea3i nghi\u1ec7m c\u00f3 m\u1ed9t kh\u00f4ng hai, kh\u1ea3 n\u0103ng ti\u1ebfp c\u1eadn c\u00e1c ngu\u1ed3n l\u1ef1c v\u00e0 c\u01a1 h\u1ed9i gi\u00e1o d\u1ee5c.<\/h3>\n<p>H\u1ecdc sinh t\u00f2 m\u00f2 v\u1ec1 tr\u00ed tu\u1ec7 v\u00e0 c\u00f3 \u0111\u1ed9ng l\u1ef1c h\u1ecdc t\u1eadp, v\u00e0 c\u00e1c em t\u00ecm ki\u1ebfm tr\u1ea3i nghi\u1ec7m \u1edf tr\u01b0\u1eddng trung h\u1ecdc s\u1ebd th\u00e1ch th\u1ee9c c\u00e1c em v\u1ec1 m\u1eb7t x\u00e3 h\u1ed9i v\u00e0 h\u1ecdc thu\u1eadt. Ch\u01b0\u01a1ng tr\u00ecnh di\u1ec5n ra t\u1ea1i ba c\u01a1 s\u1edf \u1edf Chicago v\u1edbi c\u00e1c gi\u00e1o vi\u00ean t\u1eeb kh\u1eafp th\u00e0nh ph\u1ed1.<\/p>\n\t<h1>Nh\u1ea3y cao l\u00e0 g\u00ec?<\/h1>\n<h3>T\u0103ng c\u01b0\u1eddng h\u1ecdc t\u1eadp mi\u1ec5n ph\u00ed quanh n\u0103m<\/h3>\n\t\t\t\t\t\t<h3>Nh\u1ea3y cao di\u1ec5n ra khi n\u00e0o?<\/h3>\n\t\t\t\t\t\t<ul><li>Nh\u1ea3y cao l\u00e0 m\u1ed9t <strong>ch\u01b0\u01a1ng tr\u00ecnh b\u1ed3i d\u01b0\u1ee1ng h\u1ecdc thu\u1eadt <\/strong>m\u00e0 b\u1ea1n tham d\u1ef1 <strong>ngo\u00e0i tr\u01b0\u1eddng h\u1ecdc c\u1ee7a b\u1ea1n<\/strong>.<\/li><li>ch\u01b0\u01a1ng tr\u00ecnh \u0111\u00e1p \u1ee9ng <strong>5 tu\u1ea7n v\u00e0o m\u00f9a h\u00e8<\/strong> v\u00e0 <strong>2-3 l\u1ea7n m\u1ed9t th\u00e1ng v\u00e0o th\u1ee9 b\u1ea3y<\/strong> trong n\u0103m h\u1ecdc.<\/li><\/ul>\n\t\t\t\t\t\t<!-- CTA -->\n\t\t\t\t\t\t<h3>Tham gia Nh\u1ea3y cao \u1edf \u0111\u00e2u?<\/h3>\n\t\t\t\t\t\t<ul><li><strong>Tr\u01b0\u1eddng Latinh Chicago: <\/strong>59 W. \u0110\u1ea1i l\u1ed9 B\u1eafc<\/li><li><strong>Tr\u01b0\u1eddng Francis W. Parker: <\/strong>330 W.Webster<\/li><li><strong>Tr\u01b0\u1eddng Ph\u00f2ng th\u00ed nghi\u1ec7m \u0110\u1ea1i h\u1ecdc Chicago: <\/strong>1362 E. \u0110\u01b0\u1eddng 59<\/li><\/ul>\n\t\t\t\t\t\t<!-- CTA -->\n\t\t<iframe loading=\"lazy\" width=\"560\" height=\"315\" src=\"https:\/\/www.youtube.com\/embed\/as9bU1DY0kU\" title=\"tr\u00ecnh ph\u00e1t video YouTube\" frameborder=\"0\" allow=\"accelerometer; autoplay; clipboard-write; encrypted-media; gyroscope; picture-in-picture\" allowfullscreen><\/iframe>\t\n\t\t\t\t\t\t<h3>Ai c\u00f3 th\u1ec3 \u00e1p d\u1ee5ng?<\/h3>\n\t\t\t\t\t\t<ul><li>Hi\u1ec7n h\u00e0nh<strong> H\u1ecdc sinh l\u1edbp 6<\/strong><\/li><li>Sinh vi\u00ean <strong>c\u00f3 \u0111i\u1ec3m trung b\u00ecnh B tr\u1edf l\u00ean<\/strong> (nh\u1eefng sinh vi\u00ean \u0111\u1ea1t \u0111i\u1ec3m C v\u1eabn \u0111\u01b0\u1ee3c khuy\u1ebfn kh\u00edch n\u1ed9p \u0111\u01a1n)<\/li><li><strong>H\u1ecdc sinh t\u00f2 m\u00f2 v\u1ec1 tr\u00ed tu\u1ec7 v\u00e0 c\u00f3 \u0111\u1ed9ng l\u1ef1c h\u1ecdc t\u1eadp<\/strong><\/li><li>Sinh vi\u00ean \u0111ang t\u00ecm ki\u1ebfm m\u1ed9t <strong>tr\u1ea3i nghi\u1ec7m \u0111\u1ea7y th\u1eed th\u00e1ch \u1edf tr\u01b0\u1eddng trung h\u1ecdc<\/strong><\/li><li>H\u1ecdc sinh v\u1edbi <strong>nhu c\u1ea7u t\u00e0i ch\u00ednh \u0111\u00e3 \u0111\u01b0\u1ee3c ch\u1ee9ng minh<\/strong><\/li><\/ul>\n\t\t\t\t\t\t<!-- CTA -->\n\t\t\t\t\t\t<h3>kinh nghi\u1ec7m sinh vi\u00ean<\/h3>\n\t\t\t\t\t\t<ul><li><strong>K\u1ebft b\u1ea1n m\u1edbi v\u00e0 c\u00f3 \u0111\u01b0\u1ee3c nh\u1eefng tr\u1ea3i nghi\u1ec7m \u00fd ngh\u0129a,<\/strong> bao g\u1ed3m c\u00e1c chuy\u1ebfn \u0111i th\u1ef1c t\u1ebf, m\u1ea1ng l\u01b0\u1edbi tr\u01b0\u1eddng trung h\u1ecdc v\u00e0 c\u00e1c ho\u1ea1t \u0111\u1ed9ng h\u1ecdc t\u1eadp th\u1ef1c h\u00e0nh.<\/li><li><strong>Kh\u00e1m ph\u00e1 nh\u1eefng s\u1edf th\u00edch m\u1edbi<\/strong> v\u1edbi c\u00e1c m\u00f4n t\u1ef1 ch\u1ecdn nh\u01b0 ngh\u1ec7 thu\u1eadt th\u1ecb gi\u00e1c, nghi\u00ean c\u1ee9u \u0111i\u1ec7n \u1ea3nh, l\u1ecbch s\u1eed \u00e2m nh\u1ea1c, v.v.!<\/li><\/ul>\n\t\t\t\t\t\t<!-- CTA -->\n\t\t\t\t\t\t<h3>H\u1ed7 tr\u1ee3 tuy\u1ec3n ch\u1ecdn tr\u01b0\u1eddng trung h\u1ecdc<\/h3>\n\t\t\t\t\t\t<p>Khi h\u1ecdc l\u1edbp t\u00e1m, <strong>High Jump h\u1ed7 tr\u1ee3 h\u1ecdc sinh v\u00e0 gia \u0111\u00ecnh c\u1ee7a h\u1ecd v\u1edbi th\u00f4ng tin tuy\u1ec3n sinh trung h\u1ecdc, h\u1ed7 tr\u1ee3 t\u00e0i ch\u00ednh v\u00e0 h\u1ecdc b\u1ed5ng<\/strong> c\u00e1c em c\u1ea7n ph\u1ea3i chu\u1ea9n b\u1ecb cho b\u1eadc trung h\u1ecdc v\u00e0 cao h\u01a1n n\u1eefa.<\/p>\n\t\t\t\t\t\t<!-- CTA -->\n\t\t\t\t\t\t<h3>V\u1eadt li\u1ec7u v\u00e0 b\u1eefa \u0103n<\/h3>\n\t\t\t\t\t\t<p><strong>M\u1ecdi t\u00e0i li\u1ec7u h\u1ecdc t\u1eadp c\u1ee7a ch\u01b0\u01a1ng tr\u00ecnh s\u1ebd \u0111\u01b0\u1ee3c cung c\u1ea5p mi\u1ec5n ph\u00ed.<\/strong> H\u1ecdc sinh c\u0169ng s\u1ebd nh\u1eadn \u0111\u01b0\u1ee3c <strong>b\u1eefa s\u00e1ng v\u00e0 b\u1eefa tr\u01b0a mi\u1ec5n ph\u00ed<\/strong>\u00a0t\u1ea1i m\u1ed7i ng\u00e0y c\u1ee7a ch\u01b0\u01a1ng tr\u00ecnh h\u1ecd tham d\u1ef1.<\/p>\n\t\t\t\t\t\t<!-- CTA -->\n\t\t\t\t\t\t<h1>L\u00e0m th\u1ebf n\u00e0o \u0111\u1ec3 \u00e1p d\u1ee5ng?<\/h1>\n\t\t\t\t\t\t<h2>Th\u1eddi h\u1ea1n n\u1ed9p \u0111\u01a1n tr\u1ef1c tuy\u1ebfn l\u00e0 ng\u00e0y 25 th\u00e1ng 10 n\u0103m 2025.<\/h2><ul><li><strong>H\u1ea1n n\u1ed9p \u0111\u01a1n tr\u1ef1c tuy\u1ebfn l\u00e0 ng\u00e0y 20 th\u00e1ng 1 n\u0103m 2026.<\/strong><\/li><li><strong>Y\u00eau c\u1ea7u \u1ee9ng d\u1ee5ng bao g\u1ed3m:<\/strong><ul><li>1 b\u00e0i lu\u1eadn c\u00e1 nh\u00e2n<\/li><li>h\u1ecdc b\u1ea1 l\u1edbp 5-6<\/li><li>3 \u0110\u1ec1 xu\u1ea5t c\u1ee7a Gi\u00e1o vi\u00ean\/Nh\u00e0 tr\u01b0\u1eddng<\/li><li>T\u1edd khai thu\u1ebf gia \u0111\u00ecnh n\u0103m 2024<\/li><\/ul><\/li><li><strong>C\u00e1c \u1ee9ng vi\u00ean \u0111\u1ee7 \u0111i\u1ec1u ki\u1ec7n s\u1ebd \u0111\u01b0\u1ee3c m\u1eddi ph\u1ecfng v\u1ea5n v\u00e0o th\u00e1ng 3 n\u0103m 2026<\/strong><\/li><li><strong>Vui l\u00f2ng g\u1eedi b\u1ea5t k\u1ef3 c\u00e2u h\u1ecfi ho\u1eb7c th\u1eafc m\u1eafc n\u00e0o v\u1ec1 \u0111\u01a1n \u0111\u0103ng k\u00fd c\u1ee7a b\u1ea1n t\u1edbi <a href=\"mailto:apply@highjumpchicago.org\"><u>apply@highjumpchicago.org<\/u><\/a><\/strong><\/li><\/ul>\n\t\t\t\t\t\t<!-- CTA -->\n<h1>\n\t\t\tTham quan l\u1edbp h\u1ecdc\t<\/h1>\n\t<h3>H\u00e3y xem c\u00e1c video n\u00e0y \u0111\u1ec3 c\u00f3 c\u00e1i nh\u00ecn s\u01a1 l\u01b0\u1ee3c v\u1ec1 c\u00e1c l\u1edbp h\u1ecdc Nh\u1ea3y cao l\u00e0 nh\u01b0 th\u1ebf n\u00e0o.<\/h3>\n\t\t<a href=\"https:\/\/highjumpchicago.org\/vi\/our-programs\/virtual-tour\/virtual-tour-chemistry-lab\/\" target=\"_self\">\n\t\t\t\t\t\t\t\t\t\t\t<img decoding=\"async\" src=\"https:\/\/highjumpchicago.org\/wp-content\/uploads\/2020\/05\/HighJump_080214_143-crop.jpg\" alt=\"HighJump_080214_143-crop\"\/>\n\t\t\t\t\t<p>C\u00e1c h\u1ecdc gi\u1ea3 kh\u00e1m ph\u00e1 c\u00e1c kh\u00e1i ni\u1ec7m thay \u0111\u1ed5i v\u1eadt l\u00fd v\u00e0 h\u00f3a h\u1ecdc, ph\u1ea3n \u1ee9ng h\u00f3a h\u1ecdc, c\u1ea5u tr\u00fac nguy\u00ean t\u1eed, v.v. H\u1ecd h\u1ecdc c\u00e1ch quan s\u00e1t v\u00e0 ghi l\u1ea1i d\u1eef li\u1ec7u, ph\u00e2n t\u00edch k\u1ebft qu\u1ea3 v\u00e0 truy\u1ec1n \u0111\u1ea1t hi\u1ec7u qu\u1ea3 nh\u1eefng ph\u00e1t hi\u1ec7n c\u1ee7a h\u1ecd th\u00f4ng qua c\u00e1c ph\u00f2ng th\u00ed nghi\u1ec7m th\u1ef1c h\u00e0nh.<\/p>\t\t\t\t\t\n\t\t\t\t\t\t<h3>\n\t\t\t\t\t\tH\u00f3a h\u1ecdc\t\t<\/h3>\n\t\t<\/a>\n\t\t<a href=\"https:\/\/highjumpchicago.org\/vi\/our-programs\/virtual-tour\/virtual-tour-biology-dissections\/\" target=\"_self\">\n\t\t\t\t\t\t\t\t\t\t\t<img decoding=\"async\" src=\"https:\/\/highjumpchicago.org\/wp-content\/uploads\/2018\/11\/curriculum-1-e1566316882346.jpg\" alt=\"High Jump Chicago\"\/>\n\t\t\t\t\t<p>C\u00e1c h\u1ecdc gi\u1ea3 c\u00f3 \u0111\u01b0\u1ee3c c\u00e1i nh\u00ecn t\u1ed5ng quan chuy\u00ean s\u00e2u v\u1ec1 t\u1ebf b\u00e0o, t\u00ednh di truy\u1ec1n v\u00e0 ph\u00e2n lo\u1ea1i tr\u01b0\u1edbc khi chuy\u1ec3n sang h\u1ec7 th\u1ed1ng c\u01a1 th\u1ec3 con ng\u01b0\u1eddi v\u00e0 s\u1ee9c kh\u1ecfe. H\u1ecd th\u1ef1c h\u00e0nh thi\u1ebft k\u1ebf ph\u00f2ng th\u00ed nghi\u1ec7m, th\u1ef1c hi\u1ec7n c\u00e1c th\u00ed nghi\u1ec7m v\u00e0 m\u1ed5 x\u1ebb \u0111\u1ed9ng v\u1eadt b\u1eb1ng tay.<\/p>\t\t\t\t\t\n\t\t\t\t\t\t<h3>\n\t\t\t\t\t\tSinh h\u1ecdc\t\t<\/h3>\n\t\t<\/a>\n\t\t<a href=\"https:\/\/highjumpchicago.org\/vi\/our-programs\/virtual-tour\/virtual-tour-humanities\/\" target=\"_self\">\n\t\t\t\t\t\t\t\t\t\t\t<img decoding=\"async\" src=\"https:\/\/highjumpchicago.org\/wp-content\/uploads\/2019\/08\/HighJump-031117-8350-1024x683.jpg\" alt=\"Issues and Ideas\"\/>\n\t\t\t\t\t<p>C\u00e1c h\u1ecdc gi\u1ea3 kh\u00e1m ph\u00e1 c\u00e1c v\u1ea5n \u0111\u1ec1 x\u00e3 h\u1ed9i, ch\u00ednh tr\u1ecb, kinh t\u1ebf v\u00e0 m\u00f4i tr\u01b0\u1eddng \u0111\u1ecbnh h\u00ecnh th\u1ebf gi\u1edbi c\u1ee7a h\u1ecd. H\u1ecd h\u1ecdc c\u00e1ch ph\u00e2n t\u00edch v\u00e0 th\u1ea3o lu\u1eadn v\u1ec1 c\u00e1c quan \u0111i\u1ec3m, ph\u00e1t tri\u1ec3n t\u01b0 duy ph\u1ea3n bi\u1ec7n v\u00e0 ph\u1ea3n h\u1ed3i trong c\u00e1c c\u00e2u chuy\u1ec7n c\u00e1 nh\u00e2n v\u00e0 c\u00e1c b\u00e0i vi\u1ebft b\u00ecnh lu\u1eadn.<\/p>\t\t\t\t\t\n\t\t\t\t\t\t<h3>\n\t\t\t\t\t\tnh\u00e2n v\u0103n\t\t<\/h3>\n\t\t<\/a>\n<h1>\n\t\t\tX\u00e2y d\u1ef1ng th\u1ebf h\u1ec7 l\u00e3nh \u0111\u1ea1o ti\u1ebfp theo.\t<\/h1>\n\t<h2>T\u1ea1i High Jump, ch\u00fang t\u00f4i gi\u00fap h\u1ecdc vi\u00ean ph\u00e1t tri\u1ec3n c\u00e1c k\u1ef9 n\u0103ng c\u1ea7n thi\u1ebft \u0111\u1ec3 ph\u00e1t tri\u1ec3n \u1edf m\u1ecdi n\u01a1i h\u1ecd \u0111\u1ebfn. Ch\u01b0\u01a1ng tr\u00ecnh gi\u1ea3ng d\u1ea1y c\u1ee7a ch\u00fang t\u00f4i gi\u00fap h\u1ecdc sinh ti\u1ebfp x\u00fac v\u1edbi v\u0103n h\u1ecdc li\u00ean quan \u0111\u1ebfn v\u0103n h\u00f3a, h\u01b0\u1edbng d\u1eabn to\u00e1n nghi\u00eam ng\u1eb7t v\u00e0 h\u1ecdc t\u1eadp qua tr\u1ea3i nghi\u1ec7m \u0111\u1ec3 gi\u00fap c\u00e1c em chu\u1ea9n b\u1ecb cho tr\u01b0\u1eddng trung h\u1ecdc, \u0111\u1ea1i h\u1ecdc v\u00e0 h\u01a1n th\u1ebf n\u1eefa.<\/h2>\n\t\t\t\t<img decoding=\"async\" src=\"https:\/\/highjumpchicago.org\/wp-content\/uploads\/2022\/02\/HighJump-100122-1150-1024x683.jpg\" alt=\"High Jump at Latin School on Saturday 1st, 2022. Photos by Jasmin Shah\" itemprop=\"image\" height=\"683\" width=\"1024\" title=\"Nh\u1ea3y cao t\u1ea1i tr\u01b0\u1eddng Latinh v\u00e0o Th\u1ee9 B\u1ea3y ng\u00e0y 1 th\u00e1ng 2022 n\u0103m 1. \u1ea2nh c\u1ee7a Jasmin Shah\" onerror=\"this.style.display='none'\" loading=\"lazy\" \/>\n\t<p><strong>T\u1ef7 l\u1ec7 h\u1ecdc sinh-gi\u00e1o vi\u00ean 16:1 c\u1ee7a ch\u00fang t\u00f4i gi\u00fap h\u1ecdc sinh ph\u00e1t tri\u1ec3n.<\/strong> Quy m\u00f4 l\u1edbp h\u1ecdc nh\u1ecf \u0111\u1ed3ng ngh\u0129a v\u1edbi vi\u1ec7c c\u00f3 nhi\u1ec1u th\u1eddi gian h\u1ecdc tr\u1ef1c ti\u1ebfp h\u01a1n v\u1edbi gi\u00e1o vi\u00ean \u0111\u1ec3 mang l\u1ea1i m\u00f4i tr\u01b0\u1eddng h\u1ecdc t\u1eadp h\u1ed7 tr\u1ee3 v\u1ec1 m\u1eb7t c\u1ea3m x\u00fac v\u00e0 c\u00f3 \u00fd ngh\u0129a h\u01a1n cho h\u1ecdc sinh.<\/p>\n<p><strong>H\u1ecdc sinh k\u1ebft b\u1ea1n m\u1edbi, c\u00f3 \u0111\u01b0\u1ee3c nh\u1eefng tr\u1ea3i nghi\u1ec7m \u00fd ngh\u0129a v\u00e0 x\u00e2y d\u1ef1ng s\u1ef1 t\u1ef1 tin \u0111\u1ec3 theo \u0111u\u1ed5i \u01b0\u1edbc m\u01a1 c\u1ee7a m\u00ecnh.<\/strong> Quan t\u00e2m \u0111\u1ebfn vi\u1ec7c \u00e1p d\u1ee5ng? C\u00f3 th\u00eam c\u00e2u h\u1ecfi v\u1ec1 c\u00e1ch th\u1ee9c ho\u1ea1t \u0111\u1ed9ng? <a href=\"https:\/\/highjumpchicago.org\/vi\/our-programs\/program-faq\/\"><u>Ki\u1ec3m tra C\u00e2u h\u1ecfi th\u01b0\u1eddng g\u1eb7p v\u1ec1 ch\u01b0\u01a1ng tr\u00ecnh c\u1ee7a ch\u00fang t\u00f4i.<\/u><\/a><\/p>","protected":false},"excerpt":{"rendered":"<p>Trang ch\u1ee7 Ch\u01b0\u01a1ng tr\u00ecnh c\u1ee7a ch\u00fang t\u00f4i H\u1ecdc gi\u1ea3 Sinh vi\u00ean l\u00e0 tr\u00ean h\u1ebft. Th\u1ef1c h\u00e0nh. D\u1ef1a tr\u00ean khu\u00f4n vi\u00ean tr\u01b0\u1eddng. High Jump Scholars l\u00e0 m\u1ed9t ch\u01b0\u01a1ng tr\u00ecnh mi\u1ec5n ph\u00ed v\u1edbi nh\u1eefng tr\u1ea3i nghi\u1ec7m c\u00f3 m\u1ed9t kh\u00f4ng hai, kh\u1ea3 n\u0103ng ti\u1ebfp c\u1eadn c\u00e1c ngu\u1ed3n t\u00e0i nguy\u00ean v\u00e0 c\u01a1 h\u1ed9i gi\u00e1o d\u1ee5c. H\u1ecdc sinh t\u00f2 m\u00f2 v\u1ec1 m\u1eb7t tr\u00ed tu\u1ec7 v\u00e0 c\u00f3 \u0111\u1ed9ng c\u01a1 h\u1ecdc t\u1eadp, \u0111\u1ed3ng th\u1eddi h\u1ecd t\u00ecm ki\u1ebfm tr\u1ea3i nghi\u1ec7m \u1edf tr\u01b0\u1eddng trung h\u1ecdc s\u1ebd th\u00e1ch th\u1ee9c h\u1ecd v\u1ec1 m\u1eb7t x\u00e3 h\u1ed9i v\u00e0 h\u1ecdc thu\u1eadt. Ch\u01b0\u01a1ng tr\u00ecnh di\u1ec5n ra t\u1ea1i ba c\u01a1 s\u1edf \u1edf Chicago\u2026<\/p>","protected":false},"author":7,"featured_media":130270,"parent":52,"menu_order":0,"comment_status":"closed","ping_status":"closed","template":"","meta":{"_seopress_robots_primary_cat":"","_seopress_titles_title":"","_seopress_titles_desc":"","_seopress_robots_index":"","inline_featured_image":false,"footnotes":""},"class_list":["post-4338","page","type-page","status-publish","has-post-thumbnail","hentry"],"_links":{"self":[{"href":"https:\/\/highjumpchicago.org\/vi\/wp-json\/wp\/v2\/pages\/4338","targetHints":{"allow":["GET"]}}],"collection":[{"href":"https:\/\/highjumpchicago.org\/vi\/wp-json\/wp\/v2\/pages"}],"about":[{"href":"https:\/\/highjumpchicago.org\/vi\/wp-json\/wp\/v2\/types\/page"}],"author":[{"embeddable":true,"href":"https:\/\/highjumpchicago.org\/vi\/wp-json\/wp\/v2\/users\/7"}],"replies":[{"embeddable":true,"href":"https:\/\/highjumpchicago.org\/vi\/wp-json\/wp\/v2\/comments?post=4338"}],"version-history":[{"count":5,"href":"https:\/\/highjumpchicago.org\/vi\/wp-json\/wp\/v2\/pages\/4338\/revisions"}],"predecessor-version":[{"id":130231,"href":"https:\/\/highjumpchicago.org\/vi\/wp-json\/wp\/v2\/pages\/4338\/revisions\/130231"}],"up":[{"embeddable":true,"href":"https:\/\/highjumpchicago.org\/vi\/wp-json\/wp\/v2\/pages\/52"}],"wp:featuredmedia":[{"embeddable":true,"href":"https:\/\/highjumpchicago.org\/vi\/wp-json\/wp\/v2\/media\/130270"}],"wp:attachment":[{"href":"https:\/\/highjumpchicago.org\/vi\/wp-json\/wp\/v2\/media?parent=4338"}],"curies":[{"name":"wp","href":"https:\/\/api.w.org\/{rel}","templated":true}]}}