{"id":4346,"date":"2022-01-25T17:29:20","date_gmt":"2022-01-25T23:29:20","guid":{"rendered":"https:\/\/d46e648428.nxcli.io\/?page_id=4346"},"modified":"2025-10-14T17:05:33","modified_gmt":"2025-10-14T22:05:33","slug":"donation-faq","status":"publish","type":"page","link":"https:\/\/highjumpchicago.org\/vi\/donate\/donation-faq\/","title":{"rendered":"C\u00e2u h\u1ecfi th\u01b0\u1eddng g\u1eb7p v\u1ec1 quy\u00ean g\u00f3p"},"content":{"rendered":"<nav  aria-label=\"v\u1ee5n b\u00e1nh m\u00ec\"><ol itemscope itemtype=\"https:\/\/schema.org\/BreadcrumbList\"><li itemprop=\"itemListElement\" itemscope itemtype=\"https:\/\/schema.org\/ListItem\"><a itemscope itemtype=\"https:\/\/schema.org\/WebPage\" itemprop=\"item\" itemid=\"https:\/\/highjumpchicago.org\" href=\"https:\/\/highjumpchicago.org\/vi\/\">Nh\u00e0<\/a><meta itemprop=\"position\" content=\"1\"\/><\/li><li itemprop=\"itemListElement\" itemscope itemtype=\"https:\/\/schema.org\/ListItem\"><a itemscope itemtype=\"https:\/\/schema.org\/WebPage\" itemprop=\"item\" itemid=\"https:\/\/highjumpchicago.org\/donate\/\" href=\"https:\/\/highjumpchicago.org\/vi\/donate\/\">Quy\u00ean t\u1eb7ng<\/a><meta itemprop=\"position\" content=\"2\"\/><\/li><li aria-current=\"page\" itemprop=\"itemListElement\" itemscope itemtype=\"https:\/\/schema.org\/ListItem\">C\u00e2u h\u1ecfi th\u01b0\u1eddng g\u1eb7p v\u1ec1 quy\u00ean g\u00f3p<meta itemprop=\"position\" content=\"3\"\/><\/li><\/ol><\/nav>\n\t\t\t<a href=\"https:\/\/highjumpchicago.org\/wp-content\/uploads\/2025\/07\/High-Jump-Donation-Options-FY26.pdf\" target=\"_blank\" rel=\"noopener\">\n\t\t\t\t\t\t\tB\u1ea5m v\u00e0o \u0111\u00e2y \u0111\u1ec3 bi\u1ebft C\u00c1CH QUY\u00caN G\u00d3P cho Nh\u1ea3y cao\n\t\t\t\t\t<\/a>\n\t\t\t\tL\u00e0m th\u1ebf n\u00e0o t\u00f4i c\u00f3 th\u1ec3 quy\u00ean g\u00f3p?\n\t\t\t\t<p>Ch\u00fang t\u00f4i ch\u1ea5p nh\u1eadn quy\u00ean g\u00f3p <a href=\"?campaign=524397\">tr\u1ef1c tuy\u1ebfn<\/a>, b\u1eb1ng s\u00e9c, chuy\u1ec3n kho\u1ea3n, chuy\u1ec3n nh\u01b0\u1ee3ng ch\u1ee9ng kho\u00e1n, v.v. T\u00ecm hi\u1ec3u th\u00eam v\u1ec1 nh\u1eefng c\u00e1ch b\u1ea1n c\u00f3 th\u1ec3 quy\u00ean g\u00f3p <a href=\"https:\/\/highjumpchicago.org\/wp-content\/uploads\/2025\/04\/High-Jump-Donation-Options-FY25.pdf\">n\u01a1i \u0111\u00e2y<\/a>.<\/p>\n\t\t\t\t\u0110\u00f3ng g\u00f3p c\u1ee7a t\u00f4i c\u00f3 \u0111\u01b0\u1ee3c kh\u1ea5u tr\u1eeb thu\u1ebf kh\u00f4ng? \n\t\t\t\t<p>\u0110\u00fang. <strong>High Jump l\u00e0 m\u1ed9t t\u1ed5 ch\u1ee9c t\u1eeb thi\u1ec7n phi l\u1ee3i nhu\u1eadn 501(c)(3) v\u1edbi EIN 36-4470186.<\/strong> Tr\u1eeb khi c\u00f3 ghi ch\u00fa kh\u00e1c, t\u1ea5t c\u1ea3 qu\u00e0 t\u1eb7ng \u0111\u01b0\u1ee3c kh\u1ea5u tr\u1eeb thu\u1ebf trong ph\u1ea1m vi ph\u00e1p lu\u1eadt cho ph\u00e9p.<\/p>\n\t\t\t\tL\u00e0m c\u00e1ch n\u00e0o t\u00f4i c\u00f3 th\u1ec3 quy\u00ean g\u00f3p qua \u0110i\u1ec7n chuy\u1ec3n kho\u1ea3n ho\u1eb7c Chuy\u1ec3n kho\u1ea3n ACH?\n\t\t\t\t<p>\u0110\u1ec3 quy\u00ean g\u00f3p qua Chuy\u1ec3n kho\u1ea3n ho\u1eb7c Chuy\u1ec3n kho\u1ea3n ACH, vui l\u00f2ng g\u1eedi email\u00a0<a href=\"mailto:advancement@highjumpchicago.org?subject=ACH Transfer Inquiry\">advancement@highjumpchicago.org<\/a> cho th\u00f4ng tin chuy\u1ec3n nh\u01b0\u1ee3ng c\u1ee7a ch\u00fang t\u00f4i.<\/p>\n\t\t\t\tL\u00e0m th\u1ebf n\u00e0o \u0111\u1ec3 t\u00f4i nh\u1eadn \u0111\u01b0\u1ee3c m\u1ed9t b\u1ea3n sao bi\u00ean lai c\u1ee7a m\u00ecnh cho c\u00e1c m\u1ee5c \u0111\u00edch thu\u1ebf? \n\t\t\t\t<p>M\u1ed7i l\u1ea7n b\u1ea1n quy\u00ean g\u00f3p cho Nh\u1ea3y cao (ngo\u1ea1i tr\u1eeb c\u00e1c Qu\u1ef9 \u0111\u01b0\u1ee3c T\u01b0 v\u1ea5n cho Nh\u00e0 t\u00e0i tr\u1ee3), ch\u00fang t\u00f4i s\u1ebd t\u1ef1 \u0111\u1ed9ng g\u1eedi th\u01b0 x\u00e1c nh\u1eadn thu\u1ebf qua \u0111\u01b0\u1eddng b\u01b0u \u0111i\u1ec7n cho b\u1ea1n. Th\u01b0 c\u1ee7a b\u1ea1n s\u1ebd n\u00eau r\u00f5 s\u1ed1 ti\u1ec1n qu\u00e0 t\u1eb7ng c\u1ee7a b\u1ea1n, ng\u00e0y b\u1ea1n th\u1ef1c hi\u1ec7n n\u00f3 v\u00e0 s\u1ed1 ti\u1ec1n \u0111\u01b0\u1ee3c kh\u1ea5u tr\u1eeb thu\u1ebf. N\u1ebfu b\u1ea1n c\u1ea7n m\u1ed9t b\u1ea3n sao c\u1ee7a th\u01b0 x\u00e1c nh\u1eadn thu\u1ebf, vui l\u00f2ng li\u00ean h\u1ec7 v\u1edbi <a href=\"mailto:advancement@highjumpchicago.org?subject=Tax Letter Request\">advancement@highjumpchicago.org<\/a>.<\/p>\n\t\t\t\tT\u00f4i c\u00f3 th\u1ec3 quy\u00ean g\u00f3p th\u00f4ng qua Qu\u1ef9 ho\u1eb7c Qu\u1ef9 t\u01b0 v\u1ea5n cho nh\u00e0 t\u00e0i tr\u1ee3 kh\u00f4ng?\n\t\t\t\t<p>\u0110\u00fang. Vui l\u00f2ng ki\u1ec3m tra v\u1edbi c\u1ed1 v\u1ea5n t\u00e0i ch\u00ednh c\u1ee7a b\u1ea1n v\u1ec1 c\u00e1ch \u0111\u1ec1 xu\u1ea5t quy\u00ean g\u00f3p cho High Jump th\u00f4ng qua qu\u1ef9 t\u01b0 v\u1ea5n c\u1ee7a b\u1ea1n ho\u1eb7c qu\u1ef9 do nh\u00e0 t\u00e0i tr\u1ee3 t\u01b0 v\u1ea5n. B\u1ea1n c\u0169ng c\u00f3 th\u1ec3 g\u1eedi email <a href=\"mailto:advancement@highjumpchicago.org?subject=Donor Advised Fund Inquiry\">advancement@highjumpchicago.org<\/a> v\u1edbi c\u00e1c c\u00e2u h\u1ecfi b\u1ed5 sung.\u00a0<\/p>\n\t\t\t\tT\u00f4i c\u00f3 th\u1ec3 l\u00e0m qu\u00e0 t\u1eb7ng Ch\u1ee9ng kho\u00e1n kh\u00f4ng?\n\t\t\t\t<p>\u0110\u00fang. Vui l\u00f2ng li\u00ean h\u1ec7 v\u1edbi nh\u00e0 m\u00f4i gi\u1edbi c\u1ee7a b\u1ea1n <a href=\"mailto:advancement@highjumpchicago.org?subject=Securities Gift\">advancement@highjumpchicago.org<\/a> t\u00ean, s\u1ed1 l\u01b0\u1ee3ng c\u1ed5 ph\u1ea7n v\u00e0 ng\u00e0y d\u1ef1 ki\u1ebfn chuy\u1ec3n nh\u01b0\u1ee3ng.<\/p>\n\t\t\t\tT\u00f4i mu\u1ed1n quy\u00ean g\u00f3p b\u1eb1ng s\u00e9c. T\u00f4i n\u00ean g\u1eedi n\u00f3 \u1edf \u0111\u00e2u?\n\t\t\t\t<p>Vui l\u00f2ng thanh to\u00e1n s\u00e9c cho <strong>Nh\u1ea3y cao<\/strong> v\u00e0 g\u1eedi th\u01b0 \u0111\u1ebfn:<\/p>\n<p>Nh\u1ea3y cao<br \/>Attn: Molly Gilbride<br \/>820 W Jackson Blvd<br \/>Ph\u00f2ng 310<br \/>Chicago, IL 60607<\/p>\n\t\t\t\tL\u00e0m c\u00e1ch n\u00e0o t\u00f4i c\u00f3 th\u1ec3 t\u1eb7ng m\u1ed9t m\u00f3n qu\u00e0 \u0111\u1ec3 T\u00f4n vinh\/T\u01b0\u1edfng nh\u1edb ai \u0111\u00f3?\n\t\t\t\t<p>L\u00e0 m\u1ed9t ph\u1ea7n c\u1ee7a <a href=\"?campaign=524397\">qu\u00e1 tr\u00ecnh quy\u00ean g\u00f3p<\/a>, b\u1ea1n c\u00f3 th\u1ec3 ch\u1ecdn c\u00e1c t\u00f9y ch\u1ecdn cho qu\u00e0 t\u1eb7ng tri \u00e2n. N\u1ebfu b\u1ea1n ch\u1ecdn t\u1eb7ng qu\u00e0 tri \u00e2n, ch\u00fang t\u00f4i s\u1ebd th\u00f4ng b\u00e1o cho ng\u01b0\u1eddi \u0111\u01b0\u1ee3c vinh danh thay m\u1eb7t b\u1ea1n.<\/p>\n<p>N\u1ebfu b\u1ea1n mu\u1ed1n th\u00f4ng b\u00e1o cho ai \u0111\u00f3 b\u1eb1ng th\u1ebb \u0111i\u1ec7n t\u1eed ho\u1eb7c th\u1ebb pdf c\u00f3 th\u1ec3 in \u0111\u01b0\u1ee3c, vui l\u00f2ng l\u00e0m qu\u00e0 t\u1eb7ng c\u1ee7a b\u1ea1n b\u1eb1ng c\u00e1ch s\u1eed d\u1ee5ng <a href=\"https:\/\/highjumpchicago.org\/vi\/gift-of-high-jump\/\">T\u1eb7ng qu\u00e0 trang Nh\u1ea3y cao<\/a>. Sau khi x\u1eed l\u00fd kho\u1ea3n quy\u00ean g\u00f3p c\u1ee7a b\u1ea1n, email x\u00e1c nh\u1eadn c\u1ee7a b\u1ea1n s\u1ebd bao g\u1ed3m m\u1ed9t li\u00ean k\u1ebft \u0111\u1ebfn th\u1ebb v\u00e0 h\u00ecnh \u1ea3nh c\u00f3 th\u1ec3 t\u1ea3i xu\u1ed1ng \u0111\u1ec3 chia s\u1ebb m\u00f3n qu\u00e0 c\u1ee7a b\u1ea1n. Vui l\u00f2ng li\u00ean h\u1ec7 v\u1edbi ch\u00fang t\u00f4i n\u1ebfu c\u00f3 b\u1ea5t k\u1ef3 c\u00e2u h\u1ecfi ho\u1eb7c v\u1ea5n \u0111\u1ec1 n\u00e0o t\u1ea1i <a href=\"mailto:advancement@highjumpchicago.org?subject=Honor\/Memory Gift Inquiry\">advancement@highjumpchicago.org<\/a>.<\/p>\n\t\t\t\tL\u00e0m th\u1ebf n\u00e0o \u0111\u1ec3 t\u00f4i th\u1ef1c hi\u1ec7n m\u1ed9t m\u00f3n qu\u00e0 h\u00e0ng th\u00e1ng?\n\t\t\t\t<p>Tr\u01b0\u1edbc khi b\u1ea1n ch\u1ecdn m\u1ee9c quy\u00ean g\u00f3p c\u1ee7a m\u00ecnh, b\u1ea1n c\u00f3 th\u1ec3 s\u1eed d\u1ee5ng c\u00e1c n\u00fat \u1edf tr\u00ean \u0111\u1ec3 ch\u1ecdn &#039;\u0110\u1ecbnh k\u1ef3&#039; \u0111\u1ec3 <a href=\"?campaign=524397\">th\u1ef1c hi\u1ec7n quy\u00ean g\u00f3p c\u1ee7a b\u1ea1n<\/a> h\u00e0ng th\u00e1ng.<\/p>\n\t\t\t\tB\u1ea1n c\u00f3 h\u1ed7 tr\u1ee3 \u0111\u00f3ng g\u00f3p ph\u00f9 h\u1ee3p v\u1edbi nh\u00e0 tuy\u1ec3n d\u1ee5ng?\n\t\t\t\t<p>C\u00f3, Nh\u1ea3y cao h\u1ed7 tr\u1ee3 v\u00e0 khuy\u1ebfn kh\u00edch c\u00e1c nh\u00e0 tuy\u1ec3n d\u1ee5ng \u0111\u00f3ng g\u00f3p cho tr\u1eadn \u0111\u1ea5u.<\/p>\n<p><a href=\"https:\/\/www.charitynavigator.org\/donor-basics\/giving-101\/employee-match-programs\/\">Nh\u1ea5p v\u00e0o \u0111\u00e2y<\/a> Truy c\u1eadp Charity Navigator \u0111\u1ec3 t\u00ecm hi\u1ec3u xem c\u00f4ng ty c\u1ee7a b\u1ea1n c\u00f3 h\u1ed7 tr\u1ee3 kho\u1ea3n \u0111\u00f3ng g\u00f3p t\u01b0\u01a1ng \u1ee9ng hay kh\u00f4ng. B\u1ea1n c\u0169ng c\u00f3 th\u1ec3 li\u00ean h\u1ec7 v\u1edbi ph\u00f2ng Nh\u00e2n s\u1ef1 c\u1ee7a c\u00f4ng ty \u0111\u1ec3 xem h\u1ecd c\u00f3 h\u1ed7 tr\u1ee3 kho\u1ea3n \u0111\u00f3ng g\u00f3p t\u1eeb thi\u1ec7n hay kh\u00f4ng.<\/p>\n<p>Nhi\u1ec1u nh\u00e0 tuy\u1ec3n d\u1ee5ng l\u00e0m nh\u01b0 v\u1eady, v\u00e0 \u0111\u00e2y l\u00e0 m\u1ed9t trong nh\u1eefng c\u00e1ch \u0111\u01a1n gi\u1ea3n nh\u1ea5t \u0111\u1ec3 nh\u00e2n \u0111\u00f4i ho\u1eb7c th\u1eadm ch\u00ed nh\u00e2n ba m\u00f3n qu\u00e0 c\u1ee7a b\u1ea1n.<\/p>\n\t\t\t\tT\u00f4i c\u00f3 th\u1ec3 b\u1eaft \u0111\u1ea7u g\u00e2y qu\u1ef9 cho High Jump nh\u01b0 th\u1ebf n\u00e0o?\n\t\t\t\t<p><strong>Bi\u1ebfn l\u1ec5 k\u1ef7 ni\u1ec7m c\u1ee7a b\u1ea1n th\u00e0nh m\u1ed9t \u0111\u1ed9ng l\u1ef1c t\u1ed1t \u0111\u1eb9p v\u1edbi <a href=\"https:\/\/www.classy.org\/campaign\/celebrate-with-high-jump\/c530211\">Trang g\u00e2y qu\u1ef9 l\u1ec5 k\u1ef7 ni\u1ec7m<\/a><\/strong> cho Nh\u1ea3y cao. H\u00e3y m\u1eddi b\u1ea1n b\u00e8 v\u00e0 gia \u0111\u00ecnh c\u1ee7a b\u1ea1n quy\u00ean g\u00f3p \u0111\u1ec3 b\u00ecnh \u0111\u1eb3ng h\u00f3a quy\u1ec1n ti\u1ebfp c\u1eadn gi\u00e1o d\u1ee5c cho s\u1ef1 ki\u1ec7n ho\u1eb7c ng\u00e0y \u0111\u1eb7c bi\u1ec7t c\u1ee7a b\u1ea1n!<\/p>\n\t\t\t\t\u0110\u00f3ng g\u00f3p c\u1ee7a t\u00f4i \u0111i \u0111\u00e2u?\n\t\t\t\t<p>\u0110\u00f3ng g\u00f3p c\u1ee7a b\u1ea1n cho Nh\u1ea3y cao h\u1ed7 tr\u1ee3 c\u00e1c ch\u01b0\u01a1ng tr\u00ecnh H\u1ecdc gi\u1ea3, H\u1ecdc gi\u1ea3 c\u1ed9ng \u0111\u1ed3ng v\u00e0 H\u1ecdc gi\u1ea3 c\u1ef1u sinh vi\u00ean c\u1ee7a ch\u00fang t\u00f4i. M\u00f3n qu\u00e0 c\u1ee7a b\u1ea1n s\u1ebd gi\u00fap High Jump ti\u1ebfp t\u1ee5c mang l\u1ea1i s\u1ef1 phong ph\u00fa trong h\u1ecdc t\u1eadp, t\u00e0i nguy\u00ean, m\u1ea1ng l\u01b0\u1edbi v\u00e0 h\u1ed7 tr\u1ee3 cho h\u01a1n 1.000 sinh vi\u00ean trong c\u00e1c ch\u01b0\u01a1ng tr\u00ecnh c\u1ee7a ch\u00fang t\u00f4i!<\/p>\n\t\t\t\tL\u00e0m c\u00e1ch n\u00e0o t\u00f4i c\u00f3 th\u1ec3 tr\u1edf th\u00e0nh nh\u00e0 t\u00e0i tr\u1ee3 ho\u1eb7c ng\u01b0\u1eddi h\u1ed7 tr\u1ee3 c\u1ee7a c\u00f4ng ty?\n\t\t\t\t<p>B\u1ea1n c\u00f3 th\u1ec3 \u0111\u1ecdc v\u1ec1 ch\u01b0\u01a1ng tr\u00ecnh t\u1eb7ng qu\u00e0 c\u1ee7a c\u00f4ng ty ch\u00fang t\u00f4i <a href=\"https:\/\/highjumpchicago.org\/vi\/donate\/sponsor-us\/\">n\u01a1i \u0111\u00e2y<\/a> v\u00e0 li\u00ean h\u1ec7 v\u1edbi Molly Gilbride t\u1ea1i <a href=\"mailto:mgilbride@highjumpchicago.org?subject=Corporate Sponsorship Inquiry\">mgilbride@highjumpchicago.org<\/a> \u0111\u1ec3 t\u00ecm hi\u1ec3u th\u00eam.<\/p>\n\t\t\t\tB\u1ea1n c\u00f3 m\u1ed9t ch\u01b0\u01a1ng tr\u00ecnh t\u00ecnh nguy\u1ec7n?\n\t\t\t\t<p>Ch\u00fang t\u00f4i c\u00f3! <a href=\"https:\/\/highjumpchicago.org\/vi\/volunteer\/\">T\u00ecm hi\u1ec3u th\u00eam v\u1ec1 ho\u1ea1t \u0111\u1ed9ng t\u00ecnh nguy\u1ec7n v\u1edbi ch\u00fang t\u00f4i<\/a>\u00a0v\u00e0 b\u1ea1n c\u00f3 th\u1ec3 li\u00ean h\u1ec7 v\u1edbi Max Asaf t\u1ea1i <a href=\"mailto:masaf@highjumpchicago.org\" target=\"_blank\" rel=\"noopener\">masaf@highjumpchicago.org<\/a> \u0111\u1ec3 \u0111\u0103ng k\u00fd nh\u1eadn email t\u00ecnh nguy\u1ec7n c\u1ee7a ch\u00fang t\u00f4i v\u00e0 l\u00e0 ng\u01b0\u1eddi \u0111\u1ea7u ti\u00ean \u0111\u0103ng k\u00fd c\u01a1 h\u1ed9i!<\/p>\n<h1>\n\t\t\tB\u00e1o c\u00e1o th\u01b0\u1eddng ni\u00ean v\u1ec1 Nh\u1ea3y cao\t<\/h1>\n\t<div class=\"_df_book df-lite\" id=\"df_60754\"  _slug=\"high-jump-annual-report-2021-2022-2\" data-title=\"high-jump-annual-report-2022-2023\" wpoptions=\"true\" thumbtype=\"\" ><\/div><script class=\"df-shortcode-script\" nowprocket type=\"application\/javascript\">window.option_df_60754 = {\"outline\":[],\"backgroundColor\":\"#2cafa4\",\"autoEnableOutline\":\"false\",\"autoEnableThumbnail\":\"false\",\"overwritePDFOutline\":\"false\",\"direction\":\"1\",\"pageSize\":\"0\",\"source\":\"https:\\\/\\\/highjumpchicago.org\\\/wp-content\\\/uploads\\\/2024\\\/11\\\/High-Jump-Annual-Report-2022-2023.pdf\",\"wpOptions\":\"true\"}; if(window.DFLIP && window.DFLIP.parseBooks){window.DFLIP.parseBooks();}<\/script>","protected":false},"excerpt":{"rendered":"<p>Trang ch\u1ee7 Quy\u00ean g\u00f3p C\u00e2u h\u1ecfi th\u01b0\u1eddng g\u1eb7p v\u1ec1 Quy\u00ean g\u00f3p B\u1ea5m v\u00e0o \u0111\u00e2y \u0111\u1ec3 bi\u1ebft C\u00c1CH QUY\u00caN G\u00d3P cho High Jump T\u00f4i c\u00f3 th\u1ec3 quy\u00ean g\u00f3p b\u1eb1ng c\u00e1ch n\u00e0o? Ch\u00fang t\u00f4i ch\u1ea5p nh\u1eadn quy\u00ean g\u00f3p tr\u1ef1c tuy\u1ebfn, b\u1eb1ng s\u00e9c, chuy\u1ec3n kho\u1ea3n ng\u00e2n h\u00e0ng, chuy\u1ec3n kho\u1ea3n ch\u1ee9ng kho\u00e1n, v.v. T\u00ecm hi\u1ec3u th\u00eam v\u1ec1 nh\u1eefng c\u00e1ch b\u1ea1n c\u00f3 th\u1ec3 quy\u00ean g\u00f3p t\u1ea1i \u0111\u00e2y. Kho\u1ea3n quy\u00ean g\u00f3p c\u1ee7a t\u00f4i c\u00f3 \u0111\u01b0\u1ee3c kh\u1ea5u tr\u1eeb thu\u1ebf kh\u00f4ng? \u0110\u00fang. High Jump l\u00e0 t\u1ed5 ch\u1ee9c phi l\u1ee3i nhu\u1eadn t\u1eeb thi\u1ec7n 501(c)(3) v\u1edbi EIN 36-4470186. Tr\u1eeb khi\u2026<\/p>","protected":false},"author":1,"featured_media":0,"parent":2056,"menu_order":0,"comment_status":"closed","ping_status":"closed","template":"","meta":{"_seopress_robots_primary_cat":"","_seopress_titles_title":"","_seopress_titles_desc":"","_seopress_robots_index":"","inline_featured_image":false,"footnotes":""},"class_list":["post-4346","page","type-page","status-publish","hentry"],"_links":{"self":[{"href":"https:\/\/highjumpchicago.org\/vi\/wp-json\/wp\/v2\/pages\/4346","targetHints":{"allow":["GET"]}}],"collection":[{"href":"https:\/\/highjumpchicago.org\/vi\/wp-json\/wp\/v2\/pages"}],"about":[{"href":"https:\/\/highjumpchicago.org\/vi\/wp-json\/wp\/v2\/types\/page"}],"author":[{"embeddable":true,"href":"https:\/\/highjumpchicago.org\/vi\/wp-json\/wp\/v2\/users\/1"}],"replies":[{"embeddable":true,"href":"https:\/\/highjumpchicago.org\/vi\/wp-json\/wp\/v2\/comments?post=4346"}],"version-history":[{"count":5,"href":"https:\/\/highjumpchicago.org\/vi\/wp-json\/wp\/v2\/pages\/4346\/revisions"}],"predecessor-version":[{"id":130281,"href":"https:\/\/highjumpchicago.org\/vi\/wp-json\/wp\/v2\/pages\/4346\/revisions\/130281"}],"up":[{"embeddable":true,"href":"https:\/\/highjumpchicago.org\/vi\/wp-json\/wp\/v2\/pages\/2056"}],"wp:attachment":[{"href":"https:\/\/highjumpchicago.org\/vi\/wp-json\/wp\/v2\/media?parent=4346"}],"curies":[{"name":"wp","href":"https:\/\/api.w.org\/{rel}","templated":true}]}}