{"id":47,"date":"2018-09-27T19:22:50","date_gmt":"2018-09-27T19:22:50","guid":{"rendered":"https:\/\/d46e648428.nxcli.io\/?page_id=3"},"modified":"2023-07-05T13:16:06","modified_gmt":"2023-07-05T18:16:06","slug":"privacy-policy","status":"publish","type":"page","link":"https:\/\/highjumpchicago.org\/vi\/privacy-policy\/","title":{"rendered":"Ch\u00ednh s\u00e1ch b\u1ea3o m\u1eadt"},"content":{"rendered":"<h1>Th\u00f4ng b\u00e1o v\u1ec1 quy\u1ec1n ri\u00eang t\u01b0<\/h1>\n<p>Th\u00f4ng b\u00e1o v\u1ec1 quy\u1ec1n ri\u00eang t\u01b0 n\u00e0y ti\u1ebft l\u1ed9 c\u00e1c bi\u1ec7n ph\u00e1p th\u1ef1c h\u00e0nh quy\u1ec1n ri\u00eang t\u01b0 c\u1ee7a www.highjumpchicago.org. Th\u00f4ng b\u00e1o v\u1ec1 quy\u1ec1n ri\u00eang t\u01b0 n\u00e0y ch\u1ec9 \u00e1p d\u1ee5ng cho th\u00f4ng tin \u0111\u01b0\u1ee3c thu th\u1eadp b\u1edfi trang web n\u00e0y. N\u00f3 s\u1ebd th\u00f4ng b\u00e1o cho b\u1ea1n nh\u1eefng \u0111i\u1ec1u sau:<\/p>\n<ul>\n<li>Th\u00f4ng tin nh\u1eadn d\u1ea1ng c\u00e1 nh\u00e2n n\u00e0o \u0111\u01b0\u1ee3c thu th\u1eadp t\u1eeb b\u1ea1n th\u00f4ng qua trang web, th\u00f4ng tin \u0111\u00f3 \u0111\u01b0\u1ee3c s\u1eed d\u1ee5ng nh\u01b0 th\u1ebf n\u00e0o v\u00e0 th\u00f4ng tin \u0111\u00f3 c\u00f3 th\u1ec3 \u0111\u01b0\u1ee3c chia s\u1ebb v\u1edbi ai.<\/li>\n<li>Nh\u1eefng l\u1ef1a ch\u1ecdn n\u00e0o c\u00f3 s\u1eb5n cho b\u1ea1n v\u1ec1 vi\u1ec7c s\u1eed d\u1ee5ng d\u1eef li\u1ec7u c\u1ee7a b\u1ea1n.<\/li>\n<li>C\u00e1c th\u1ee7 t\u1ee5c b\u1ea3o m\u1eadt \u0111\u01b0\u1ee3c \u00e1p d\u1ee5ng \u0111\u1ec3 b\u1ea3o v\u1ec7 th\u00f4ng tin c\u1ee7a b\u1ea1n b\u1ecb l\u1ea1m d\u1ee5ng.<\/li>\n<li>L\u00e0m th\u1ebf n\u00e0o b\u1ea1n c\u00f3 th\u1ec3 s\u1eeda b\u1ea5t k\u1ef3 s\u1ef1 thi\u1ebfu ch\u00ednh x\u00e1c trong th\u00f4ng tin.<\/li>\n<\/ul>\n<p><strong>Thu th\u1eadp, s\u1eed d\u1ee5ng v\u00e0 chia s\u1ebb th\u00f4ng tin<\/strong><\/p>\n<p>Thu th\u1eadp th\u00f4ng tin: Ch\u00fang t\u00f4i ch\u1ec9 c\u00f3 quy\u1ec1n truy c\u1eadp\/thu th\u1eadp th\u00f4ng tin m\u00e0 b\u1ea1n t\u1ef1 nguy\u1ec7n cung c\u1ea5p cho ch\u00fang t\u00f4i qua email ho\u1eb7c li\u00ean h\u1ec7 tr\u1ef1c ti\u1ebfp kh\u00e1c t\u1eeb b\u1ea1n. Ch\u00fang t\u00f4i s\u1ebd kh\u00f4ng b\u00e1n ho\u1eb7c cho thu\u00ea th\u00f4ng tin n\u00e0y cho b\u1ea5t c\u1ee9 ai. Ch\u00fang t\u00f4i s\u1ebd s\u1eed d\u1ee5ng th\u00f4ng tin c\u1ee7a b\u1ea1n \u0111\u1ec3 tr\u1ea3 l\u1eddi b\u1ea1n v\u1ec1 l\u00fd do b\u1ea1n li\u00ean h\u1ec7 v\u1edbi ch\u00fang t\u00f4i.<\/p>\n<p>Danh s\u00e1ch g\u1eedi th\u01b0: Khi b\u1ea1n \u0111\u0103ng k\u00fd tr\u00ean trang web c\u1ee7a ch\u00fang t\u00f4i \u0111\u1ec3 nh\u1eadn b\u1ea3n tin \u0111i\u1ec7n t\u1eed c\u1ee7a ch\u00fang t\u00f4i, b\u1ea1n \u0111\u1ed3ng \u00fd nh\u1eadn email ti\u1ebfp th\u1ecb t\u1eeb: High Jump, 820 W Jackson Blvd, Suite 310, Chicago, IL, 60607, https:\/\/highjumpchicago.org . B\u1ea1n c\u00f3 th\u1ec3 thu h\u1ed3i s\u1ef1 \u0111\u1ed3ng \u00fd nh\u1eadn email c\u1ee7a m\u00ecnh b\u1ea5t k\u1ef3 l\u00fac n\u00e0o b\u1eb1ng c\u00e1ch s\u1eed d\u1ee5ng li\u00ean k\u1ebft SafeUnsubscribe\u00ae \u1edf cu\u1ed1i m\u1ed7i email. Email \u0111\u01b0\u1ee3c ph\u1ee5c v\u1ee5 b\u1edfi Constant Contact.<\/p>\n<p>Nh\u00e0 cung c\u1ea5p d\u1ecbch v\u1ee5 b\u00ean th\u1ee9 ba: High Jump cho ph\u00e9p c\u00e1c nh\u00e0 cung c\u1ea5p d\u1ecbch v\u1ee5 b\u00ean th\u1ee9 ba \u0111\u01b0\u1ee3c ch\u1ecdn c\u00f3 quy\u1ec1n truy c\u1eadp v\u00e0o th\u00f4ng tin c\u00e1 nh\u00e2n c\u1ee7a b\u1ea1n khi ch\u00fang t\u00f4i tin r\u1eb1ng nh\u00e0 cung c\u1ea5p d\u1ecbch v\u1ee5 \u0111\u00f3 c\u00f3 kh\u1ea3 n\u0103ng th\u1ef1c hi\u1ec7n m\u1ed9t ch\u1ee9c n\u0103ng c\u1ee5 th\u1ec3 t\u1ed1t h\u01a1n, v\u00ed d\u1ee5 nh\u01b0 d\u1ecbch v\u1ee5 \u1ee9ng d\u1ee5ng v\u00e0 thu ti\u1ec1n quy\u00ean g\u00f3p. M\u1ed9t s\u1ed1 nh\u00e0 cung c\u1ea5p d\u1ecbch v\u1ee5 n\u00e0y c\u1ea7n th\u00f4ng tin c\u00e1 nh\u00e2n \u0111\u1ec3 th\u1ef1c hi\u1ec7n d\u1ecbch v\u1ee5. \u0110\u1ed1i v\u1edbi c\u00e1c d\u1ecbch v\u1ee5 kh\u00e1c, nh\u00e0 cung c\u1ea5p c\u00f3 th\u1ec3 c\u00f3 quy\u1ec1n truy c\u1eadp k\u1ef9 thu\u1eadt v\u00e0o th\u00f4ng tin c\u1ee7a b\u1ea1n nh\u01b0ng kh\u00f4ng c\u1ea7n ho\u1eb7c kh\u00f4ng s\u1eed d\u1ee5ng th\u00f4ng tin \u0111\u00f3 \u0111\u1ec3 th\u1ef1c hi\u1ec7n d\u1ecbch v\u1ee5 theo h\u1ee3p \u0111\u1ed3ng. Ch\u00fang t\u00f4i n\u1ed7 l\u1ef1c l\u1ef1a ch\u1ecdn c\u00e1c nh\u00e0 cung c\u1ea5p d\u1ecbch v\u1ee5 th\u1ec3 hi\u1ec7n cam k\u1ebft b\u1ea3o v\u1ec7 th\u00f4ng tin c\u00e1 nh\u00e2n m\u00e0 ch\u00fang t\u00f4i \u1ee7y th\u00e1c cho h\u1ecd v\u00e0 duy tr\u00ec c\u00e1c bi\u1ec7n ph\u00e1p b\u1ea3o v\u1ec7 an ninh v\u00e0 b\u1ea3o m\u1eadt ph\u00f9 h\u1ee3p nh\u1ea5t qu\u00e1n v\u1edbi Ch\u00ednh s\u00e1ch quy\u1ec1n ri\u00eang t\u01b0 c\u1ee7a ch\u00fang t\u00f4i. C\u00e1c b\u00ean th\u1ee9 ba n\u00e0y b\u1ecb c\u1ea5m s\u1eed d\u1ee5ng ho\u1eb7c ti\u1ebft l\u1ed9 th\u00f4ng tin c\u00e1 nh\u00e2n c\u1ee7a b\u1ea1n ngo\u1ea1i tr\u1eeb vi\u1ec7c th\u1ef1c hi\u1ec7n d\u1ecbch v\u1ee5 c\u1ee7a h\u1ecd thay m\u1eb7t cho High Jump.<\/p>\n<p>Ph\u00e2n t\u00edch: Ch\u00fang t\u00f4i s\u1eed d\u1ee5ng c\u00e1c c\u00f4ng c\u1ee5 ph\u00e2n t\u00edch trang web c\u1ee7a Google v\u00e0 c\u00e1c c\u00f4ng c\u1ee5 t\u01b0\u01a1ng t\u1ef1 \u0111\u1ec3 \u0111\u00e1nh gi\u00e1 hi\u1ec7u su\u1ea5t Trang web c\u1ee7a ch\u00fang t\u00f4i v\u00e0 thu th\u1eadp th\u00f4ng tin v\u1ec1 vi\u1ec7c s\u1eed d\u1ee5ng Trang web v\u00e0 kh\u00e1ch truy c\u1eadp. Google tuy\u00ean b\u1ed1 r\u1eb1ng h\u1ecd x\u1eed l\u00fd d\u1eef li\u1ec7u \u0111\u1ec3 s\u1eed d\u1ee5ng Trang web v\u00e0 d\u1eef li\u1ec7u kh\u00e1c cho c\u00e1c m\u1ee5c \u0111\u00edch h\u1ee3p ph\u00e1p m\u00e0 kh\u00f4ng ti\u1ebft l\u1ed9 b\u1ea5t k\u1ef3 th\u00f4ng tin c\u00e1 nh\u00e2n n\u00e0o nh\u1eadn d\u1ea1ng c\u00e1 nh\u00e2n b\u1ea1n. \u0110\u1ec3 t\u00ecm hi\u1ec3u th\u00eam v\u1ec1 c\u00e1ch Google thu th\u1eadp v\u00e0 x\u1eed l\u00fd d\u1eef li\u1ec7u t\u1eeb c\u00e1c trang web cho m\u1ee5c \u0111\u00edch qu\u1ea3ng c\u00e1o v\u00e0 ph\u00e2n t\u00edch d\u1eef li\u1ec7u, vui l\u00f2ng truy c\u1eadp <a href=\"https:\/\/policies.google.com\/technologies\/partner-sites\" target=\"_blank\" rel=\"noopener noreferrer\">https:\/\/policies.google.com\/technologies\/partner-sites<\/a>.<\/p>\n<p><strong>Quy\u1ec1n truy c\u1eadp v\u00e0 ki\u1ec3m so\u00e1t th\u00f4ng tin c\u1ee7a b\u1ea1n<\/strong><\/p>\n<p>B\u1ea1n c\u00f3 th\u1ec3 t\u1eeb ch\u1ed1i m\u1ecdi li\u00ean h\u1ec7 trong t\u01b0\u01a1ng lai t\u1eeb ch\u00fang t\u00f4i b\u1ea5t k\u1ef3 l\u00fac n\u00e0o. B\u1ea1n c\u00f3 th\u1ec3 th\u1ef1c hi\u1ec7n nh\u1eefng vi\u1ec7c sau b\u1ea5t k\u1ef3 l\u00fac n\u00e0o b\u1eb1ng c\u00e1ch li\u00ean h\u1ec7 v\u1edbi ch\u00fang t\u00f4i qua \u0111\u1ecba ch\u1ec9 email ho\u1eb7c s\u1ed1 \u0111i\u1ec7n tho\u1ea1i \u0111\u01b0\u1ee3c cung c\u1ea5p tr\u00ean trang web c\u1ee7a ch\u00fang t\u00f4i:<\/p>\n<ul>\n<li>Xem nh\u1eefng d\u1eef li\u1ec7u m\u00e0 ch\u00fang t\u00f4i c\u00f3 v\u1ec1 b\u1ea1n, n\u1ebfu c\u00f3.<\/li>\n<li>Thay \u0111\u1ed5i\/s\u1eeda b\u1ea5t k\u1ef3 d\u1eef li\u1ec7u n\u00e0o ch\u00fang t\u00f4i c\u00f3 v\u1ec1 b\u1ea1n.<\/li>\n<li>Y\u00eau c\u1ea7u ch\u00fang t\u00f4i x\u00f3a m\u1ecdi d\u1eef li\u1ec7u ch\u00fang t\u00f4i c\u00f3 v\u1ec1 b\u1ea1n.<\/li>\n<li>Th\u1ec3 hi\u1ec7n b\u1ea5t k\u1ef3 m\u1ed1i quan ng\u1ea1i n\u00e0o c\u1ee7a b\u1ea1n v\u1ec1 vi\u1ec7c ch\u00fang t\u00f4i s\u1eed d\u1ee5ng d\u1eef li\u1ec7u c\u1ee7a b\u1ea1n.<\/li>\n<\/ul>\n<p><strong>B\u1ea3o v\u1ec7<\/strong><\/p>\n<p>Ch\u00fang t\u00f4i th\u1ef1c hi\u1ec7n c\u00e1c bi\u1ec7n ph\u00e1p ph\u00f2ng ng\u1eeba \u0111\u1ec3 b\u1ea3o v\u1ec7 th\u00f4ng tin c\u1ee7a b\u1ea1n. Khi b\u1ea1n g\u1eedi th\u00f4ng tin nh\u1ea1y c\u1ea3m qua trang web, th\u00f4ng tin c\u1ee7a b\u1ea1n s\u1ebd \u0111\u01b0\u1ee3c b\u1ea3o v\u1ec7 c\u1ea3 tr\u1ef1c tuy\u1ebfn v\u00e0 ngo\u1ea1i tuy\u1ebfn.<\/p>\n<p>B\u1ea5t c\u1ee9 n\u01a1i n\u00e0o ch\u00fang t\u00f4i thu th\u1eadp th\u00f4ng tin nh\u1ea1y c\u1ea3m (ch\u1eb3ng h\u1ea1n nh\u01b0 d\u1eef li\u1ec7u th\u1ebb t\u00edn d\u1ee5ng), th\u00f4ng tin \u0111\u00f3 s\u1ebd \u0111\u01b0\u1ee3c m\u00e3 h\u00f3a v\u00e0 truy\u1ec1n \u0111\u1ebfn ch\u00fang t\u00f4i m\u1ed9t c\u00e1ch an to\u00e0n. B\u1ea1n c\u00f3 th\u1ec3 x\u00e1c minh \u0111i\u1ec1u n\u00e0y b\u1eb1ng c\u00e1ch t\u00ecm bi\u1ec3u t\u01b0\u1ee3ng kh\u00f3a tr\u00ean thanh \u0111\u1ecba ch\u1ec9 v\u00e0 t\u00ecm \u201chttps\u201d \u1edf \u0111\u1ea7u \u0111\u1ecba ch\u1ec9 c\u1ee7a trang Web.<\/p>\n<p>M\u1eb7c d\u00f9 ch\u00fang t\u00f4i s\u1eed d\u1ee5ng m\u00e3 h\u00f3a \u0111\u1ec3 b\u1ea3o v\u1ec7 th\u00f4ng tin nh\u1ea1y c\u1ea3m \u0111\u01b0\u1ee3c truy\u1ec1n tr\u1ef1c tuy\u1ebfn, ch\u00fang t\u00f4i c\u0169ng b\u1ea3o v\u1ec7 th\u00f4ng tin c\u1ee7a b\u1ea1n ngo\u1ea1i tuy\u1ebfn. Ch\u1ec9 nh\u1eefng nh\u00e2n vi\u00ean c\u1ea7n th\u00f4ng tin \u0111\u1ec3 th\u1ef1c hi\u1ec7n m\u1ed9t c\u00f4ng vi\u1ec7c c\u1ee5 th\u1ec3 (v\u00ed d\u1ee5: x\u1eed l\u00fd quy\u00ean g\u00f3p ho\u1eb7c d\u1ecbch v\u1ee5 kh\u00e1ch h\u00e0ng) m\u1edbi \u0111\u01b0\u1ee3c c\u1ea5p quy\u1ec1n truy c\u1eadp v\u00e0o th\u00f4ng tin nh\u1eadn d\u1ea1ng c\u00e1 nh\u00e2n. C\u00e1c m\u00e1y t\u00ednh\/m\u00e1y ch\u1ee7 n\u01a1i ch\u00fang t\u00f4i l\u01b0u tr\u1eef th\u00f4ng tin nh\u1eadn d\u1ea1ng c\u00e1 nh\u00e2n \u0111\u01b0\u1ee3c l\u01b0u gi\u1eef trong m\u00f4i tr\u01b0\u1eddng an to\u00e0n.<\/p>\n<p>N\u1ebfu b\u1ea1n c\u1ea3m th\u1ea5y r\u1eb1ng ch\u00fang t\u00f4i kh\u00f4ng tu\u00e2n th\u1ee7 ch\u00ednh s\u00e1ch b\u1ea3o m\u1eadt n\u00e0y, b\u1ea1n n\u00ean li\u00ean h\u1ec7 ngay v\u1edbi ch\u00fang t\u00f4i qua \u0111i\u1ec7n tho\u1ea1i theo s\u1ed1 312-582-7700 ho\u1eb7c qua email t\u1ea1i <a href=\"mailto:ask@highjumpchicago.org\">ask@highjumpchicago.org<\/a><\/p>","protected":false},"excerpt":{"rendered":"<p>Th\u00f4ng b\u00e1o v\u1ec1 quy\u1ec1n ri\u00eang t\u01b0 Th\u00f4ng b\u00e1o v\u1ec1 quy\u1ec1n ri\u00eang t\u01b0 n\u00e0y ti\u1ebft l\u1ed9 c\u00e1c bi\u1ec7n ph\u00e1p th\u1ef1c h\u00e0nh quy\u1ec1n ri\u00eang t\u01b0 c\u1ee7a www.highjumpchicago.org. Th\u00f4ng b\u00e1o v\u1ec1 quy\u1ec1n ri\u00eang t\u01b0 n\u00e0y ch\u1ec9 \u00e1p d\u1ee5ng cho th\u00f4ng tin \u0111\u01b0\u1ee3c thu th\u1eadp b\u1edfi trang web n\u00e0y. N\u00f3 s\u1ebd th\u00f4ng b\u00e1o cho b\u1ea1n nh\u1eefng \u0111i\u1ec1u sau: Th\u00f4ng tin nh\u1eadn d\u1ea1ng c\u00e1 nh\u00e2n n\u00e0o \u0111\u01b0\u1ee3c thu th\u1eadp t\u1eeb b\u1ea1n th\u00f4ng qua trang web, c\u00e1ch s\u1eed d\u1ee5ng v\u00e0 th\u00f4ng tin \u0111\u00f3 c\u00f3 th\u1ec3 \u0111\u01b0\u1ee3c chia s\u1ebb v\u1edbi ai. Nh\u1eefng l\u1ef1a ch\u1ecdn n\u00e0o c\u00f3 s\u1eb5n\u2026<\/p>","protected":false},"author":7,"featured_media":0,"parent":0,"menu_order":200,"comment_status":"closed","ping_status":"closed","template":"","meta":{"_seopress_robots_primary_cat":"","_seopress_titles_title":"","_seopress_titles_desc":"","_seopress_robots_index":"","inline_featured_image":false,"footnotes":""},"class_list":["post-47","page","type-page","status-publish","hentry"],"_links":{"self":[{"href":"https:\/\/highjumpchicago.org\/vi\/wp-json\/wp\/v2\/pages\/47","targetHints":{"allow":["GET"]}}],"collection":[{"href":"https:\/\/highjumpchicago.org\/vi\/wp-json\/wp\/v2\/pages"}],"about":[{"href":"https:\/\/highjumpchicago.org\/vi\/wp-json\/wp\/v2\/types\/page"}],"author":[{"embeddable":true,"href":"https:\/\/highjumpchicago.org\/vi\/wp-json\/wp\/v2\/users\/7"}],"replies":[{"embeddable":true,"href":"https:\/\/highjumpchicago.org\/vi\/wp-json\/wp\/v2\/comments?post=47"}],"version-history":[{"count":5,"href":"https:\/\/highjumpchicago.org\/vi\/wp-json\/wp\/v2\/pages\/47\/revisions"}],"predecessor-version":[{"id":15796,"href":"https:\/\/highjumpchicago.org\/vi\/wp-json\/wp\/v2\/pages\/47\/revisions\/15796"}],"wp:attachment":[{"href":"https:\/\/highjumpchicago.org\/vi\/wp-json\/wp\/v2\/media?parent=47"}],"curies":[{"name":"wp","href":"https:\/\/api.w.org\/{rel}","templated":true}]}}