{"id":4826,"date":"2022-02-13T20:35:44","date_gmt":"2022-02-14T02:35:44","guid":{"rendered":"https:\/\/d46e648428.nxcli.io\/?page_id=4826"},"modified":"2022-11-03T19:13:57","modified_gmt":"2022-11-04T00:13:57","slug":"mision","status":"publish","type":"page","link":"https:\/\/highjumpchicago.org\/vi\/en-espanol\/mision\/","title":{"rendered":"nhi\u1ec7m v\u1ee5"},"content":{"rendered":"<nav  aria-label=\"v\u1ee5n b\u00e1nh m\u00ec\"><ol itemscope itemtype=\"https:\/\/schema.org\/BreadcrumbList\"><li itemprop=\"itemListElement\" itemscope itemtype=\"https:\/\/schema.org\/ListItem\"><a itemscope itemtype=\"http:\/\/schema.org\/WebPage\" itemprop=\"item\" itemid=\"https:\/\/highjumpchicago.org\" href=\"https:\/\/highjumpchicago.org\/vi\/\">Nh\u00e0<\/a><meta itemprop=\"position\" content=\"1\" \/><\/li><li itemprop=\"itemListElement\" itemscope itemtype=\"https:\/\/schema.org\/ListItem\"><a itemscope itemtype=\"http:\/\/schema.org\/WebPage\" itemprop=\"item\" itemid=\"https:\/\/highjumpchicago.org\/en-espanol\/\" href=\"https:\/\/highjumpchicago.org\/vi\/en-espanol\/\">Ti\u1ebfng T\u00e2y Ban Nha<\/a><meta itemprop=\"position\" content=\"2\" \/><\/li><li aria-current=\"page\" itemprop=\"itemListElement\" itemscope itemtype=\"https:\/\/schema.org\/ListItem\">nhi\u1ec7m v\u1ee5<meta itemprop=\"position\" content=\"3\" \/><\/li><\/ol><\/nav>\n<h2>\n\t\tN\u0103m 1989, Nh\u1ea3y cao b\u1eaft \u0111\u1ea7u v\u1edbi m\u1ed9t s\u1ee9 m\u1ec7nh v\u0129 \u0111\u1ea1i duy nh\u1ea5t:\n\t<\/h2>\n\t<h3>Mang l\u1ea1i s\u1ef1 c\u00f4ng b\u1eb1ng trong gi\u00e1o d\u1ee5c cho h\u1ecdc sinh trung h\u1ecdc c\u01a1 s\u1edf \u1edf Chicago, nh\u1eefng ng\u01b0\u1eddi \u0111\u00e3 th\u1ec3 hi\u1ec7n tham v\u1ecdng v\u00e0 ti\u1ec1m n\u0103ng h\u1ecdc t\u1eadp v\u00e0 nh\u1eefng ng\u01b0\u1eddi c\u00f3 ph\u01b0\u01a1ng ti\u1ec7n kinh t\u1ebf h\u1ea1n ch\u1ebf.<\/h3>\n\t<p><strong>Ng\u00e0y nay, s\u1ee9 m\u1ec7nh \u0111\u00f3 m\u1ea1nh m\u1ebd h\u01a1n bao gi\u1edd h\u1ebft.<\/strong> High Jump trao quy\u1ec1n cho h\u1ecdc sinh trung h\u1ecdc c\u01a1 s\u1edf c\u1ee7a Chicago tr\u1edf th\u00e0nh nh\u1eefng nh\u00e0 l\u00e3nh \u0111\u1ea1o to\u00e0n di\u1ec7n th\u00f4ng qua c\u00e1c ch\u01b0\u01a1ng tr\u00ecnh mi\u1ec5n ph\u00ed c\u1ee7a ch\u00fang t\u00f4i v\u1edbi nh\u1eefng tr\u1ea3i nghi\u1ec7m, ngu\u1ed3n l\u1ef1c v\u00e0 h\u1ed7 tr\u1ee3 gi\u00e1o d\u1ee5c c\u00f3 m\u1ed9t kh\u00f4ng hai d\u00e0nh cho nh\u1eefng h\u1ecdc sinh l\u1edbp 7 v\u00e0 8 t\u00f2 m\u00f2 v\u00e0 n\u0103ng \u0111\u1ed9ng mu\u1ed1n th\u1eed th\u00e1ch b\u1ea3n th\u00e2n trong h\u1ecdc t\u1eadp.<\/p>\n\t<ul>\n\t\t<li>\t\t\t\t\n\t\t<h3>ENRIQUECIMIENTO ACAD\u00c9MICO<\/h3><p>C\u00e1c l\u1edbp avanzadas de Matem\u00e1ticas, Ciencias, Liteatura v\u00e0 Humanidades<\/p>\n<\/li><li>\t\t\t\t\n\t\t<h3>APRENDIZAJE X\u00c3 H\u1ed8I-X\u00c3 H\u1ed8I<\/h3><p>Entorno de apoyo emocional que ense\u00f1a habilidades no cognitivas necesarias para tener \u00e9xito<\/p>\n<\/li><li>\t\t\t\t\n\t\t<h3>L\u1ef0A CH\u1eccN DE ESCUELA SECUNDARIA<\/h3><p>Apoyo para alicaciones de escuela secundaria, ayuda financiera y becas.<\/p>\n<\/li>\t<\/ul>\n<h1>\n\t\tNghe t\u1eeb Gi\u00e1m \u0111\u1ed1c \u0111i\u1ec1u h\u00e0nh c\u1ee7a ch\u00fang t\u00f4i<br \/>\n\t<\/h1>\n\t<iframe loading=\"lazy\" width=\"560\" height=\"315\" src=\"https:\/\/www.youtube.com\/embed\/EMTXi6ujdcA?rel=0\" title=\"tr\u00ecnh ph\u00e1t video YouTube\" frameborder=\"0\" allow=\"accelerometer; autoplay; clipboard-write; encrypted-media; gyroscope; picture-in-picture\" allowfullscreen><\/iframe>","protected":false},"excerpt":{"rendered":"<p>Home En Espa\u00f1ol Misi\u00f3n N\u0103m 1989, High Jump b\u1eaft \u0111\u1ea7u v\u1edbi m\u1ed9t s\u1ee9 m\u1ec7nh to l\u1edbn duy nh\u1ea5t: Mang l\u1ea1i s\u1ef1 c\u00f4ng b\u1eb1ng trong gi\u00e1o d\u1ee5c cho h\u1ecdc sinh trung h\u1ecdc Chicago, nh\u1eefng h\u1ecdc sinh th\u1ec3 hi\u1ec7n tham v\u1ecdng v\u00e0 ti\u1ec1m n\u0103ng h\u1ecdc t\u1eadp c\u0169ng nh\u01b0 nh\u1eefng h\u1ecdc sinh c\u00f3 \u0111i\u1ec1u ki\u1ec7n kinh t\u1ebf h\u1ea1n ch\u1ebf. Ng\u00e0y nay, s\u1ee9 m\u1ec7nh \u0111\u00f3 m\u1ea1nh m\u1ebd h\u01a1n bao gi\u1edd h\u1ebft. Nh\u1ea3y cao gi\u00fap h\u1ecdc sinh trung h\u1ecdc \u1edf Chicago tr\u1edf th\u00e0nh nh\u1eefng nh\u00e0 l\u00e3nh \u0111\u1ea1o to\u00e0n di\u1ec7n\u2026<\/p>","protected":false},"author":7,"featured_media":4600,"parent":59,"menu_order":1,"comment_status":"closed","ping_status":"closed","template":"","meta":{"_seopress_robots_primary_cat":"","_seopress_titles_title":"","_seopress_titles_desc":"Equalizing access to education for Chicago middle school students who have exhibited academic ambition and potential and who are of limited economic means. ","_seopress_robots_index":"","inline_featured_image":false,"footnotes":""},"class_list":["post-4826","page","type-page","status-publish","has-post-thumbnail","hentry"],"_links":{"self":[{"href":"https:\/\/highjumpchicago.org\/vi\/wp-json\/wp\/v2\/pages\/4826","targetHints":{"allow":["GET"]}}],"collection":[{"href":"https:\/\/highjumpchicago.org\/vi\/wp-json\/wp\/v2\/pages"}],"about":[{"href":"https:\/\/highjumpchicago.org\/vi\/wp-json\/wp\/v2\/types\/page"}],"author":[{"embeddable":true,"href":"https:\/\/highjumpchicago.org\/vi\/wp-json\/wp\/v2\/users\/7"}],"replies":[{"embeddable":true,"href":"https:\/\/highjumpchicago.org\/vi\/wp-json\/wp\/v2\/comments?post=4826"}],"version-history":[{"count":5,"href":"https:\/\/highjumpchicago.org\/vi\/wp-json\/wp\/v2\/pages\/4826\/revisions"}],"predecessor-version":[{"id":5643,"href":"https:\/\/highjumpchicago.org\/vi\/wp-json\/wp\/v2\/pages\/4826\/revisions\/5643"}],"up":[{"embeddable":true,"href":"https:\/\/highjumpchicago.org\/vi\/wp-json\/wp\/v2\/pages\/59"}],"wp:featuredmedia":[{"embeddable":true,"href":"https:\/\/highjumpchicago.org\/vi\/wp-json\/wp\/v2\/media\/4600"}],"wp:attachment":[{"href":"https:\/\/highjumpchicago.org\/vi\/wp-json\/wp\/v2\/media?parent=4826"}],"curies":[{"name":"wp","href":"https:\/\/api.w.org\/{rel}","templated":true}]}}