{"id":49,"date":"2018-09-27T19:47:10","date_gmt":"2018-09-27T19:47:10","guid":{"rendered":"https:\/\/d46e648428.nxcli.io\/techedu-home-1\/"},"modified":"2026-02-14T13:48:06","modified_gmt":"2026-02-14T19:48:06","slug":"home","status":"publish","type":"page","link":"https:\/\/highjumpchicago.org\/vi\/","title":{"rendered":"Nh\u00e0"},"content":{"rendered":"<h1>\n\t\t\tT\u1ea1i sao nh\u1ea3y cao?\t<\/h1>\n\t<h2>N\u0103m 1989, Nh\u1ea3y cao b\u1eaft \u0111\u1ea7u v\u1edbi m\u1ed9t s\u1ee9 m\u1ec7nh l\u1edbn lao duy nh\u1ea5t: mang l\u1ea1i s\u1ef1 c\u00f4ng b\u1eb1ng trong gi\u00e1o d\u1ee5c cho h\u1ecdc sinh trung h\u1ecdc c\u01a1 s\u1edf \u1edf Chicago, nh\u1eefng ng\u01b0\u1eddi th\u1ec3 hi\u1ec7n tham v\u1ecdng v\u00e0 ti\u1ec1m n\u0103ng h\u1ecdc t\u1eadp v\u00e0 nh\u1eefng ng\u01b0\u1eddi c\u00f3 \u0111i\u1ec1u ki\u1ec7n kinh t\u1ebf h\u1ea1n ch\u1ebf.<\/h2>\n\t<p><strong>Ng\u00e0y nay, s\u1ee9 m\u1ec7nh \u0111\u00f3 m\u1ea1nh m\u1ebd h\u01a1n bao gi\u1edd h\u1ebft.<\/strong> High Jump trao quy\u1ec1n cho h\u1ecdc sinh trung h\u1ecdc c\u01a1 s\u1edf c\u1ee7a Chicago tr\u1edf th\u00e0nh nh\u1eefng nh\u00e0 l\u00e3nh \u0111\u1ea1o to\u00e0n di\u1ec7n th\u00f4ng qua c\u00e1c ch\u01b0\u01a1ng tr\u00ecnh mi\u1ec5n ph\u00ed c\u1ee7a ch\u00fang t\u00f4i v\u1edbi nh\u1eefng tr\u1ea3i nghi\u1ec7m, ngu\u1ed3n l\u1ef1c v\u00e0 h\u1ed7 tr\u1ee3 gi\u00e1o d\u1ee5c c\u00f3 m\u1ed9t kh\u00f4ng hai d\u00e0nh cho nh\u1eefng h\u1ecdc sinh l\u1edbp 7 v\u00e0 8 t\u00f2 m\u00f2 v\u00e0 n\u0103ng \u0111\u1ed9ng mu\u1ed1n th\u1eed th\u00e1ch b\u1ea3n th\u00e2n trong h\u1ecdc t\u1eadp.<\/p>\n\t\t<h1>0%<\/h1>ho\u00e0n th\u00e0nh 4 n\u0103m \u0111\u1ea1i h\u1ecdc\n\t<h1>Khi ch\u00fang t\u00f4i n\u00f3i \u201c\u0111\u1ea7u t\u01b0\u201d, ch\u00fang t\u00f4i th\u1ef1c s\u1ef1 mu\u1ed1n n\u00f3i \u0111i\u1ec1u \u0111\u00f3.<\/h1>\n<h2>H\u00e0ng n\u0103m, h\u1ecdc gi\u1ea3 c\u1ee7a ch\u00fang t\u00f4i nh\u1eadn \u0111\u01b0\u1ee3c 300 gi\u1edd h\u1ecdc b\u1ed3i d\u01b0\u1ee1ng ki\u1ebfn th\u1ee9c mi\u1ec5n ph\u00ed, t\u01b0 v\u1ea5n c\u00e1 nh\u00e2n v\u00e0 h\u1ed7 tr\u1ee3 t\u1eadn t\u00ecnh.<\/h2>\n<h2>Ph\u1ea7n quan tr\u1ecdng nh\u1ea5t: n\u00f3 ho\u1ea1t \u0111\u1ed9ng.<\/h2>\n\t<h1>2 N\u0102M<\/h1>\n\t<p>t\u0103ng tr\u01b0\u1edfng h\u1ecdc thu\u1eadt <em>m\u1ed7i n\u0103m<\/em> m\u00f4n Nh\u1ea3y cao<\/p>\n\t\t\t\t\t<h1>0%<\/h1>\t\t\t\t\n\t\t\tc\u1ef1u h\u1ecdc sinh Nh\u1ea3y Cao hi\u1ec7n \u0111ang theo h\u1ecdc \u0111\u1ea1i h\u1ecdc\t\n\t\t\t<a href =\"https:\/\/highjumpchicago.org\/vi\/about\/impact\/\" target=\"_self\"  aria-label=\"Xem T\u00e1c \u0111\u1ed9ng c\u1ee7a ch\u00fang t\u00f4i \u0111\u1ec3 bi\u1ebft nh\u1eefng g\u00ec h\u1ecdc gi\u1ea3 c\u1ee7a ch\u00fang t\u00f4i \u0111\u00e3 \u0111\u1ea1t \u0111\u01b0\u1ee3c.\">\n\t\t\t\t\t\t\t\tXem T\u00e1c \u0111\u1ed9ng c\u1ee7a ch\u00fang t\u00f4i \u0111\u1ec3 xem nh\u1eefng g\u00ec c\u00e1c h\u1ecdc gi\u1ea3 c\u1ee7a ch\u00fang t\u00f4i \u0111\u00e3 \u0111\u1ea1t \u0111\u01b0\u1ee3c.\t\t\t\t\t\t\t\n\t\t\t\t\t\t<\/a>\n\t\t<h1>\n\t\t\tX\u00e2y d\u1ef1ng th\u1ebf h\u1ec7 l\u00e3nh \u0111\u1ea1o ti\u1ebfp theo.\t<\/h1>\n\t<h2>T\u1ea1i High Jump, ch\u00fang t\u00f4i gi\u00fap h\u1ecdc vi\u00ean ph\u00e1t tri\u1ec3n c\u00e1c k\u1ef9 n\u0103ng c\u1ea7n thi\u1ebft \u0111\u1ec3 ph\u00e1t tri\u1ec3n \u1edf m\u1ecdi n\u01a1i h\u1ecd \u0111\u1ebfn. Ch\u01b0\u01a1ng tr\u00ecnh gi\u1ea3ng d\u1ea1y c\u1ee7a ch\u00fang t\u00f4i gi\u00fap h\u1ecdc sinh ti\u1ebfp x\u00fac v\u1edbi v\u0103n h\u1ecdc li\u00ean quan \u0111\u1ebfn v\u0103n h\u00f3a, h\u01b0\u1edbng d\u1eabn to\u00e1n nghi\u00eam ng\u1eb7t v\u00e0 h\u1ecdc t\u1eadp qua tr\u1ea3i nghi\u1ec7m \u0111\u1ec3 gi\u00fap c\u00e1c em chu\u1ea9n b\u1ecb cho tr\u01b0\u1eddng trung h\u1ecdc, \u0111\u1ea1i h\u1ecdc v\u00e0 h\u01a1n th\u1ebf n\u1eefa.<\/h2>\n<figure itemscope itemtype=\"https:\/\/schema.org\/ImageObject\">\n\t\t\t\t<img decoding=\"async\" src=\"https:\/\/highjumpchicago.org\/wp-content\/uploads\/2022\/02\/HighJump-100122-1150-1024x683.jpg\" alt=\"High Jump at Latin School on Saturday 1st, 2022. Photos by Jasmin Shah\" height=\"683\" width=\"1024\" title=\"Nh\u1ea3y cao t\u1ea1i tr\u01b0\u1eddng Latinh v\u00e0o Th\u1ee9 B\u1ea3y ng\u00e0y 1 th\u00e1ng 2022 n\u0103m 1. \u1ea2nh c\u1ee7a Jasmin Shah\" onerror=\"this.style.display='none'\" loading=\"lazy\" \/>\n\t<\/figure>\n\t<p><strong>T\u1ef7 l\u1ec7 h\u1ecdc sinh-gi\u00e1o vi\u00ean 16:1 c\u1ee7a ch\u00fang t\u00f4i gi\u00fap h\u1ecdc sinh ph\u00e1t tri\u1ec3n.<\/strong> Quy m\u00f4 l\u1edbp h\u1ecdc nh\u1ecf \u0111\u1ed3ng ngh\u0129a v\u1edbi vi\u1ec7c c\u00f3 nhi\u1ec1u th\u1eddi gian h\u1ecdc tr\u1ef1c ti\u1ebfp h\u01a1n v\u1edbi gi\u00e1o vi\u00ean \u0111\u1ec3 mang l\u1ea1i m\u00f4i tr\u01b0\u1eddng h\u1ecdc t\u1eadp h\u1ed7 tr\u1ee3 v\u1ec1 m\u1eb7t c\u1ea3m x\u00fac v\u00e0 c\u00f3 \u00fd ngh\u0129a h\u01a1n cho h\u1ecdc sinh.<\/p>\n<p><strong>H\u1ecdc sinh k\u1ebft b\u1ea1n m\u1edbi, c\u00f3 \u0111\u01b0\u1ee3c nh\u1eefng tr\u1ea3i nghi\u1ec7m \u00fd ngh\u0129a v\u00e0 x\u00e2y d\u1ef1ng s\u1ef1 t\u1ef1 tin \u0111\u1ec3 theo \u0111u\u1ed5i \u01b0\u1edbc m\u01a1 c\u1ee7a m\u00ecnh.<\/strong> Quan t\u00e2m \u0111\u1ebfn vi\u1ec7c \u00e1p d\u1ee5ng? C\u00f3 th\u00eam c\u00e2u h\u1ecfi v\u1ec1 c\u00e1ch th\u1ee9c ho\u1ea1t \u0111\u1ed9ng? <a href=\"https:\/\/highjumpchicago.org\/vi\/our-programs\/program-faq\/\"><u>Ki\u1ec3m tra C\u00e2u h\u1ecfi th\u01b0\u1eddng g\u1eb7p v\u1ec1 ch\u01b0\u01a1ng tr\u00ecnh c\u1ee7a ch\u00fang t\u00f4i.<\/u><\/a><\/p>\n<h1>\n\t\t\tT\u00e1c \u0111\u1ed9ng l\u00e0 su\u1ed1t \u0111\u1eddi: G\u1eb7p g\u1ee1 c\u1ef1u sinh vi\u00ean c\u1ee7a ch\u00fang t\u00f4i\t<\/h1>\n\t<h2>Tr\u1ea3i nghi\u1ec7m Nh\u1ea3y cao k\u00e9o d\u00e0i l\u00e2u h\u01a1n nhi\u1ec1u so v\u1edbi ch\u1ec9 hai n\u0103m c\u1ee7a ch\u01b0\u01a1ng tr\u00ecnh. C\u1ef1u sinh vi\u00ean c\u1ee7a ch\u00fang t\u00f4i ch\u1ea5p nh\u1eadn r\u1ee7i ro, \u0111\u1ea1t \u0111\u01b0\u1ee3c \u01b0\u1edbc m\u01a1 v\u00e0 g\u00f3p ph\u1ea7n gi\u00fap th\u1ebf gi\u1edbi t\u1ed1t \u0111\u1eb9p h\u01a1n - nh\u01b0ng \u0111\u1eebng c\u01b0\u1edbp \u0111i \u0111i\u1ec1u \u0111\u00f3 c\u1ee7a ch\u00fang t\u00f4i.<\/h2>\n<h2>\u0110\u1ecdc c\u00e2u chuy\u1ec7n c\u1ee7a h\u1ecd.<\/h2>\n\t<meta itemscope itemprop=\"mainEntityOfPage\" itemtype=\"https:\/\/schema.org\/WebPage\" itemid=\"https:\/\/highjumpchicago.org\/richards-story-of-high-jump-success\/\" content=\"Richard's Story of High Jump Success\" \/><meta itemprop=\"datePublished\" content=\"2024-06-25\" \/><meta itemprop=\"dateModified\" content=\"2025-10-14\" \/><meta itemprop=\"name\" content=\"High Jump\"\/><meta itemprop=\"url\" content=\"https:\/\/highjumpchicago.org\/author\/max\/\" \/><meta itemprop=\"name\" content=\"Max Asaf\" \/><meta itemprop=\"url\" content=\"https:\/\/highjumpchicago.org\/wp-content\/uploads\/2024\/06\/HighJump-Gala-050324-9475.jpg\" \/><meta itemprop=\"width\" content=\"2048\" \/><meta itemprop=\"height\" content=\"1365\" \/><meta itemprop=\"interactionType\" content=\"https:\/\/schema.org\/CommentAction\" \/><meta itemprop=\"userInteractionCount\" content=\"0\" \/>\n\t\t\t\t\t\t<a href='https:\/\/highjumpchicago.org\/vi\/richards-story-of-high-jump-success\/' title='Richard's story of high jump success'><img width=\"1024\" height=\"683\" src=\"https:\/\/highjumpchicago.org\/wp-content\/uploads\/2024\/06\/HighJump-Gala-050324-9475-1024x683.jpg\" alt=\"Richard speaks at a podium at the High Jump gala\" itemprop=\"image\" decoding=\"async\" loading=\"lazy\" srcset=\"https:\/\/highjumpchicago.org\/wp-content\/uploads\/2024\/06\/HighJump-Gala-050324-9475-1024x683.jpg 1024w, https:\/\/highjumpchicago.org\/wp-content\/uploads\/2024\/06\/HighJump-Gala-050324-9475-300x200.jpg 300w, https:\/\/highjumpchicago.org\/wp-content\/uploads\/2024\/06\/HighJump-Gala-050324-9475-768x512.jpg 768w, https:\/\/highjumpchicago.org\/wp-content\/uploads\/2024\/06\/HighJump-Gala-050324-9475-1536x1024.jpg 1536w, https:\/\/highjumpchicago.org\/wp-content\/uploads\/2024\/06\/HighJump-Gala-050324-9475-18x12.jpg 18w, https:\/\/highjumpchicago.org\/wp-content\/uploads\/2024\/06\/HighJump-Gala-050324-9475.jpg 2048w\" sizes=\"auto, (max-width: 1024px) 100vw, 1024px\" \/><\/a>\n\t\t\t\t\t<h3><a href='https:\/\/highjumpchicago.org\/vi\/richards-story-of-high-jump-success\/' title='Richard's story of high jump success'>C\u00e2u chuy\u1ec7n th\u00e0nh c\u00f4ng nh\u1ea3y cao c\u1ee7a Richard<\/a><\/h3>\n\t\t\t\t\t\t<p>Khi ch\u00fang ta nh\u00ecn v\u00e0o t\u00e1c \u0111\u1ed9ng c\u1ee7a High Jump trong su\u1ed1t 35 n\u0103m qua,\u2026<\/p>\n\t\t\t\t\t\n\t\t\t\t\t\t<a href='https:\/\/highjumpchicago.org\/vi\/richards-story-of-high-jump-success\/' title='\u0110\u1ecdc th\u00eam &quot;'>\u0110\u1ecdc th\u00eam &quot;<\/a>\n\t\t\t\t\t\n\t<meta itemscope itemprop=\"mainEntityOfPage\" itemtype=\"https:\/\/schema.org\/WebPage\" itemid=\"https:\/\/highjumpchicago.org\/alumni-spotlight-jessica-cohort-25-is-racing-towards-her-future\/\" content=\"Alumni Spotlight: Jessica, Cohort 25, Is Racing Towards Her Future\" \/><meta itemprop=\"datePublished\" content=\"2024-05-29\" \/><meta itemprop=\"dateModified\" content=\"2024-05-29\" \/><meta itemprop=\"name\" content=\"High Jump\"\/><meta itemprop=\"url\" content=\"https:\/\/highjumpchicago.org\/author\/max\/\" \/><meta itemprop=\"name\" content=\"Max Asaf\" \/><meta itemprop=\"url\" content=\"https:\/\/highjumpchicago.org\/wp-content\/uploads\/2024\/05\/1700576011028-e1761344912770.jpeg\" \/><meta itemprop=\"width\" content=\"961\" \/><meta itemprop=\"height\" content=\"641\" \/><meta itemprop=\"interactionType\" content=\"https:\/\/schema.org\/CommentAction\" \/><meta itemprop=\"userInteractionCount\" content=\"0\" \/>\n\t\t\t\t\t\t<a href='https:\/\/highjumpchicago.org\/vi\/alumni-spotlight-jessica-cohort-25-is-racing-towards-her-future\/' title='C\u1ef1u sinh vi\u00ean ti\u00eau \u0111i\u1ec3m: Jessica, Nh\u00f3m 25, \u0110ang ch\u1ea1y \u0111ua h\u01b0\u1edbng t\u1edbi t\u01b0\u01a1ng lai c\u1ee7a m\u00ecnh'><img width=\"961\" height=\"641\" src=\"https:\/\/highjumpchicago.org\/wp-content\/uploads\/2024\/05\/1700576011028-e1761344912770.jpeg\" alt=\"Jess stands in front of Lewis Hamilton&#039;s F1 Mercedes car\" itemprop=\"image\" decoding=\"async\" loading=\"lazy\" srcset=\"https:\/\/highjumpchicago.org\/wp-content\/uploads\/2024\/05\/1700576011028-e1761344912770.jpeg 961w, https:\/\/highjumpchicago.org\/wp-content\/uploads\/2024\/05\/1700576011028-e1761344912770-300x200.jpeg 300w, https:\/\/highjumpchicago.org\/wp-content\/uploads\/2024\/05\/1700576011028-e1761344912770-768x512.jpeg 768w, https:\/\/highjumpchicago.org\/wp-content\/uploads\/2024\/05\/1700576011028-e1761344912770-18x12.jpeg 18w\" sizes=\"auto, (max-width: 961px) 100vw, 961px\" \/><\/a>\n\t\t\t\t\t<h3><a href='https:\/\/highjumpchicago.org\/vi\/alumni-spotlight-jessica-cohort-25-is-racing-towards-her-future\/' title='C\u1ef1u sinh vi\u00ean ti\u00eau \u0111i\u1ec3m: Jessica, Nh\u00f3m 25, \u0110ang ch\u1ea1y \u0111ua h\u01b0\u1edbng t\u1edbi t\u01b0\u01a1ng lai c\u1ee7a m\u00ecnh'>C\u1ef1u sinh vi\u00ean ti\u00eau \u0111i\u1ec3m: Jessica, Nh\u00f3m 25, \u0110ang ch\u1ea1y \u0111ua h\u01b0\u1edbng t\u1edbi t\u01b0\u01a1ng lai c\u1ee7a m\u00ecnh<\/a><\/h3>\n\t\t\t\t\t\t<p>Jessica lu\u00f4n c\u00f3 t\u00ednh \u0111ua tranh trong m\u00ecnh. T\u00ecnh y\u00eau d\u00e0nh cho k\u1ef9 thu\u1eadt \u0111ua xe th\u1ec3 thao v\u00e0 \u0111ua xe \u0111\u00e3 \u0111\u01b0a c\u00f4 \u0111\u1ebfn\u2026<\/p>\n\t\t\t\t\t\n\t\t\t\t\t\t<a href='https:\/\/highjumpchicago.org\/vi\/alumni-spotlight-jessica-cohort-25-is-racing-towards-her-future\/' title='\u0110\u1ecdc th\u00eam &quot;'>\u0110\u1ecdc th\u00eam &quot;<\/a>\n\t\t\t\t\t\n\t<meta itemscope itemprop=\"mainEntityOfPage\" itemtype=\"https:\/\/schema.org\/WebPage\" itemid=\"https:\/\/highjumpchicago.org\/from-high-jump-to-hollywood-an-interview-with-aris-mendoza-cohort-10\/\" content=\"From High Jump to Hollywood: An Interview with Aris Mendoza, Cohort 10\" \/><meta itemprop=\"datePublished\" content=\"2024-04-10\" \/><meta itemprop=\"dateModified\" content=\"2024-06-17\" \/><meta itemprop=\"name\" content=\"High Jump\"\/><meta itemprop=\"url\" content=\"https:\/\/highjumpchicago.org\/author\/max\/\" \/><meta itemprop=\"name\" content=\"Max Asaf\" \/><meta itemprop=\"url\" content=\"https:\/\/highjumpchicago.org\/wp-content\/uploads\/2024\/04\/NKP00514-3b.jpg\" \/><meta itemprop=\"width\" content=\"2048\" \/><meta itemprop=\"height\" content=\"1591\" \/><meta itemprop=\"interactionType\" content=\"https:\/\/schema.org\/CommentAction\" \/><meta itemprop=\"userInteractionCount\" content=\"0\" \/>\n\t\t\t\t\t\t<a href='https:\/\/highjumpchicago.org\/vi\/from-high-jump-to-hollywood-an-interview-with-aris-mendoza-cohort-10\/' title='T\u1eeb Nh\u1ea3y Cao \u0111\u1ebfn Hollywood: Ph\u1ecfng v\u1ea5n Aris Mendoza, Nh\u00f3m 10'><img width=\"1024\" height=\"796\" src=\"https:\/\/highjumpchicago.org\/wp-content\/uploads\/2024\/04\/NKP00514-3b-1024x796.jpg\" alt=\"\" itemprop=\"image\" decoding=\"async\" loading=\"lazy\" srcset=\"https:\/\/highjumpchicago.org\/wp-content\/uploads\/2024\/04\/NKP00514-3b-1024x796.jpg 1024w, https:\/\/highjumpchicago.org\/wp-content\/uploads\/2024\/04\/NKP00514-3b-300x233.jpg 300w, https:\/\/highjumpchicago.org\/wp-content\/uploads\/2024\/04\/NKP00514-3b-768x597.jpg 768w, https:\/\/highjumpchicago.org\/wp-content\/uploads\/2024\/04\/NKP00514-3b-1536x1193.jpg 1536w, https:\/\/highjumpchicago.org\/wp-content\/uploads\/2024\/04\/NKP00514-3b-15x12.jpg 15w, https:\/\/highjumpchicago.org\/wp-content\/uploads\/2024\/04\/NKP00514-3b.jpg 2048w\" sizes=\"auto, (max-width: 1024px) 100vw, 1024px\" \/><\/a>\n\t\t\t\t\t<h3><a href='https:\/\/highjumpchicago.org\/vi\/from-high-jump-to-hollywood-an-interview-with-aris-mendoza-cohort-10\/' title='T\u1eeb Nh\u1ea3y Cao \u0111\u1ebfn Hollywood: Ph\u1ecfng v\u1ea5n Aris Mendoza, Nh\u00f3m 10'>T\u1eeb Nh\u1ea3y Cao \u0111\u1ebfn Hollywood: Ph\u1ecfng v\u1ea5n Aris Mendoza, Nh\u00f3m 10<\/a><\/h3>\n\t\t\t\t\t\t<p>K\u1ec3 t\u1eeb khi th\u00e0nh l\u1eadp, m\u1ee5c ti\u00eau c\u1ee7a High Jump kh\u00f4ng ph\u1ea3i l\u00e0 \u0111\u01b0a h\u1ecdc sinh v\u00e0o m\u1ed9t con \u0111\u01b0\u1eddng c\u1ee5 th\u1ec3 h\u01b0\u1edbng t\u1edbi m\u1ed9t \u0111\u1ecbnh ngh\u0129a c\u1ee5 th\u1ec3\u2026<\/p>\n\t\t\t\t\t\n\t\t\t\t\t\t<a href='https:\/\/highjumpchicago.org\/vi\/from-high-jump-to-hollywood-an-interview-with-aris-mendoza-cohort-10\/' title='\u0110\u1ecdc th\u00eam &quot;'>\u0110\u1ecdc th\u00eam &quot;<\/a>\n\t\t\t\t\t\n\t<meta itemscope itemprop=\"mainEntityOfPage\" itemtype=\"https:\/\/schema.org\/WebPage\" itemid=\"https:\/\/highjumpchicago.org\/alumni-spotlight-aji-cohort-20\/\" content=\"Alumni Spotlight: Aji, Cohort 20\" \/><meta itemprop=\"datePublished\" content=\"2023-11-16\" \/><meta itemprop=\"dateModified\" content=\"2024-01-20\" \/><meta itemprop=\"name\" content=\"High Jump\"\/><meta itemprop=\"url\" content=\"https:\/\/highjumpchicago.org\/author\/max\/\" \/><meta itemprop=\"name\" content=\"Max Asaf\" \/><meta itemprop=\"url\" content=\"https:\/\/highjumpchicago.org\/wp-content\/uploads\/2023\/11\/Screenshot-2023-11-13-at-9.55.56-AM.jpg\" \/><meta itemprop=\"width\" content=\"1916\" \/><meta itemprop=\"height\" content=\"953\" \/><meta itemprop=\"interactionType\" content=\"https:\/\/schema.org\/CommentAction\" \/><meta itemprop=\"userInteractionCount\" content=\"0\" \/>\n\t\t\t\t\t\t<a href='https:\/\/highjumpchicago.org\/vi\/alumni-spotlight-aji-cohort-20\/' title='C\u1ef1u sinh vi\u00ean ti\u00eau bi\u1ec3u: Aji, Nh\u00f3m 20'><img width=\"1024\" height=\"509\" src=\"https:\/\/highjumpchicago.org\/wp-content\/uploads\/2023\/11\/Screenshot-2023-11-13-at-9.55.56-AM-1024x509.jpg\" alt=\"\" itemprop=\"image\" decoding=\"async\" loading=\"lazy\" srcset=\"https:\/\/highjumpchicago.org\/wp-content\/uploads\/2023\/11\/Screenshot-2023-11-13-at-9.55.56-AM-1024x509.jpg 1024w, https:\/\/highjumpchicago.org\/wp-content\/uploads\/2023\/11\/Screenshot-2023-11-13-at-9.55.56-AM-300x149.jpg 300w, https:\/\/highjumpchicago.org\/wp-content\/uploads\/2023\/11\/Screenshot-2023-11-13-at-9.55.56-AM-768x382.jpg 768w, https:\/\/highjumpchicago.org\/wp-content\/uploads\/2023\/11\/Screenshot-2023-11-13-at-9.55.56-AM-1536x764.jpg 1536w, https:\/\/highjumpchicago.org\/wp-content\/uploads\/2023\/11\/Screenshot-2023-11-13-at-9.55.56-AM-18x9.jpg 18w, https:\/\/highjumpchicago.org\/wp-content\/uploads\/2023\/11\/Screenshot-2023-11-13-at-9.55.56-AM.jpg 1916w\" sizes=\"auto, (max-width: 1024px) 100vw, 1024px\" \/><\/a>\n\t\t\t\t\t<h3><a href='https:\/\/highjumpchicago.org\/vi\/alumni-spotlight-aji-cohort-20\/' title='C\u1ef1u sinh vi\u00ean ti\u00eau bi\u1ec3u: Aji, Nh\u00f3m 20'>C\u1ef1u sinh vi\u00ean ti\u00eau bi\u1ec3u: Aji, Nh\u00f3m 20<\/a><\/h3>\n\t\t\t\t\t\t<p>T\u1eeb khi c\u00f2n nh\u1ecf, Aji \u0111\u00e3 c\u00f3 m\u1ed9t tr\u00ed \u00f3c v\u00f4 c\u00f9ng n\u0103ng \u0111\u1ed9ng \u2013 lu\u00f4n t\u00ecm ki\u1ebfm nh\u1eefng l\u1ed1i tho\u00e1t \u0111\u1ec3 kh\u00e1m ph\u00e1 s\u1edf th\u00edch, m\u1edf r\u1ed9ng\u2026<\/p>\n\t\t\t\t\t\n\t\t\t\t\t\t<a href='https:\/\/highjumpchicago.org\/vi\/alumni-spotlight-aji-cohort-20\/' title='\u0110\u1ecdc th\u00eam &quot;'>\u0110\u1ecdc th\u00eam &quot;<\/a>\n\t\t\t\t\t\n\t\t\t\t\t\t<a href=\"?campaign=524397\" target=\"_self\">\n\t\t\t\t\t\t\t\t<h3>quy\u00ean g\u00f3p<\/h3>\n\t\t\t\t\t\t\t\t\t<p>Tham gia c\u1ed9ng \u0111\u1ed3ng nh\u1eefng ng\u01b0\u1eddi \u1ee7ng h\u1ed9 c\u1ee7a ch\u00fang t\u00f4i v\u00e0 \u0111\u1ea7u t\u01b0 v\u00e0o c\u1ed9ng \u0111\u1ed3ng c\u1ee7a b\u1ea1n \u1edf quy m\u00f4 c\u00e1 nh\u00e2n<\/p>\n\t\t\t\t\t\t\t\t\t\t<\/a>\n\t\t\t\t\t\t<a href=\"https:\/\/highjumpchicago.org\/vi\/volunteer\/\" target=\"_self\">\n\t\t\t\t\t\t\t\t<h3>t\u00ecnh nguy\u1ec7n v\u1edbi ch\u00fang t\u00f4i<\/h3>\n\t\t\t\t\t\t\t\t\t<p>T\u00ecm hi\u1ec3u v\u1ec1 c\u00e1c c\u01a1 h\u1ed9i t\u00ecnh nguy\u1ec7n trong su\u1ed1t c\u1ea3 n\u0103m n\u01a1i b\u1ea1n k\u1ebft n\u1ed1i v\u1edbi c\u00e1c sinh vi\u00ean c\u1ee7a ch\u00fang t\u00f4i.<\/p>\n\t\t\t\t\t\t\t\t\t\t<\/a>\n\t\t\t\t\t\t<a href=\"https:\/\/highjumpchicago.org\/vi\/donate\/sponsor-us\/\" target=\"_self\">\n\t\t\t\t\t\t\t\t<h3> Tr\u1edf th\u00e0nh nh\u00e0 t\u00e0i tr\u1ee3 doanh nghi\u1ec7p<\/h3>\n\t\t\t\t\t\t\t\t\t<p>Cam k\u1ebft c\u1ee7a b\u1ea1n gi\u00fap ch\u00fang t\u00f4i m\u1edf r\u1ed9ng ngu\u1ed3n l\u1ef1c c\u1ee7a m\u00ecnh t\u1edbi nhi\u1ec1u sinh vi\u00ean h\u01a1n tr\u00ean kh\u1eafp Chicago.<\/p>\n\t\t\t\t\t\t\t\t\t\t<\/a>\n<h3>\n\t\t\t\u0110\u1ecdc th\u00eam v\u1ec1 nh\u1eefng g\u00ec ch\u00fang t\u00f4i \u0111\u00e3 l\u00e0m.\t<\/h3>\n<h3>\n\t\t\tM\u1edaI NH\u1ea4T V\u1ec0 H\u1eccC B\u1ed4NG C\u1ee6A CH\u00daNG T\u00d4I. \u0110\u01afA V\u00c0O H\u1ed8P TH\u01af C\u1ee6A B\u1ea0N.\t<\/h3>\n\t<p>H\u00e3y xem b\u1ea3n tin \u0111i\u1ec7n t\u1eed m\u1edbi nh\u1ea5t c\u1ee7a ch\u00fang t\u00f4i:\u00a0<a href=\"https:\/\/conta.cc\/480k9Or\" target=\"_blank\" rel=\"noopener noreferrer\">B\u1ea1n \u0111ang m\u1edf ra c\u00e1nh c\u1eeda cho nh\u1eefng nh\u00e0 l\u00e3nh \u0111\u1ea1o t\u01b0\u01a1ng lai.<\/a>\u00a0\u0111\u1ec3 xem nh\u1eefng g\u00ec b\u1ea1n c\u00f3 th\u1ec3 mong \u0111\u1ee3i.<\/p>\n\t<div data-form-id=\"3031\" id=\"ctct-form-wrapper-0\" class=\"ctct-form-wrapper\"><span class=\"ctct-form-description\" ><p class=\"ctct-form-text\" data-qe-id=\"form-description\">Theo d\u00f5i b\u1ea3n tin c\u1ee7a Nh\u1ea3y Cao \u0111\u1ec3 nh\u1eadn tin t\u1ee9c v\u1ec1 ch\u01b0\u01a1ng tr\u00ecnh c\u0169ng nh\u01b0 c\u00e1c h\u1ecdc sinh v\u00e0 c\u1ef1u h\u1ecdc sinh c\u1ee7a ch\u00fang t\u00f4i.<\/p>\n<\/span><form class=\"ctct-form ctct-form-3031 comment-form  no-recaptcha ctct-default\" id=\"ctct-form-2464617317\" data-doajax=\"off\" style=\"\" action=\"\" method=\"post\" data-trp-original-action=\"\"><p class=\"ctct-form-field ctct-form-field-text ctct-form-field-required\"><span class=\"ctct-label-top\"><label for=\"first_name___7e7a6eef7e0a3734f39d6757b27d474b_0_1227005721\">T\u00ean \u0111\u1ea7u ti\u00ean <span class=\"ctct-required-indicatior\" title=\"\u0110\u00e2y l\u00e0 tr\u01b0\u1eddng b\u1eaft bu\u1ed9c\">*<\/span><\/label><\/span><input required aria-required=\"true\"  type=\"text\" id=\"first_name___7e7a6eef7e0a3734f39d6757b27d474b_0_1227005721\" name=\"first_name___7e7a6eef7e0a3734f39d6757b27d474b\"  value=\"\" class=\"ctct-text ctct-label-top first_name___7e7a6eef7e0a3734f39d6757b27d474b\" maxlength=\"255\" placeholder=\"\"   \/><\/p><p class=\"ctct-form-field ctct-form-field-text ctct-form-field-required\"><span class=\"ctct-label-top\"><label for=\"last_name___86b6d953df0fd1bff8e02cde526c2b3c_0_3202612559\">H\u1ecd <span class=\"ctct-required-indicatior\" title=\"\u0110\u00e2y l\u00e0 tr\u01b0\u1eddng b\u1eaft bu\u1ed9c\">*<\/span><\/label><\/span><input required aria-required=\"true\"  type=\"text\" id=\"last_name___86b6d953df0fd1bff8e02cde526c2b3c_0_3202612559\" name=\"last_name___86b6d953df0fd1bff8e02cde526c2b3c\"  value=\"\" class=\"ctct-text ctct-label-top last_name___86b6d953df0fd1bff8e02cde526c2b3c\" maxlength=\"255\" placeholder=\"\"   \/><\/p><p class=\"ctct-form-field ctct-form-field-email ctct-form-field-required\"><span class=\"ctct-label-top\"><label for=\"email___3c59495a3edf2d27cd20fc1987544522_0_3253780778\">Email (b\u1eaft bu\u1ed9c) <span class=\"ctct-required-indicatior\" title=\"\u0110\u00e2y l\u00e0 tr\u01b0\u1eddng b\u1eaft bu\u1ed9c\">*<\/span><\/label><\/span><input required aria-required=\"true\"  type=\"email\" id=\"email___3c59495a3edf2d27cd20fc1987544522_0_3253780778\" name=\"email___3c59495a3edf2d27cd20fc1987544522\"  value=\"\" class=\"ctct-email ctct-label-top email___3c59495a3edf2d27cd20fc1987544522\"  placeholder=\"\"   \/><\/p><div class='ctct-list-selector' style='display:none;'><div class=\"ctct-form-field ctct-form-field-checkbox ctct-form-field-required\"><fieldset><legend class=\"ctct-label-top\">Ch\u1ecdn (c\u00e1c) danh s\u00e1ch \u0111\u1ec3 \u0111\u0103ng k\u00fd<\/legend><input type=\"checkbox\" name=\"lists___6c1e4c5317f823ed81b935f63ae5029a[]\" id=\"lists___6c1e4c5317f823ed81b935f63ae5029a_0_0\" value=\"f425d910-e2b1-11e8-b04a-d4ae52754dbc\" class=\"ctct-checkbox ctct-label-right\" checked \/><span class=\"ctct-label-right\"><label for=\"lists___6c1e4c5317f823ed81b935f63ae5029a_0_0\">**M\u1eabu \u0111\u0103ng k\u00fd nh\u1eadn b\u1ea3n tin \u0111i\u1ec7n t\u1eed \u0111\u01b0\u1ee3c nh\u00fang**<\/label><\/span><\/fieldset><\/div><\/div><p class=\"ctct-form-field ctct-form-field-checkbox\"><span class=\"ctct-input-container\"><input type=\"checkbox\"  name=\"ctct-opt-in\" class=\"ctct-checkbox ctct-opt-in\" value=\"1\" id=\"ctct-opt-in_0\" \/><label for=\"ctct-opt-in_0\"> V\u00e2ng, t\u00f4i mu\u1ed1n nh\u1eadn email t\u1eeb High Jump. (B\u1ea1n c\u00f3 th\u1ec3 h\u1ee7y \u0111\u0103ng k\u00fd b\u1ea5t c\u1ee9 l\u00fac n\u00e0o).<\/label><\/span><\/p><p class=\"ctct-form-field ctct-form-field-submit\"><input aria-required=\"false\"  type=\"submit\" id=\"ctct-submitted_0_1547674236\" name=\"ctct-submitted\"  value=\"\u0110\u0103ng k\u00fd\" class=\"ctct-submit ctct-label-top ctct-submitted\"     \/><\/p><div class=\"ctct_usage\" style=\"border: 0 none; clip: rect( 0, 0, 0, 0 ); height: 1px; margin: -1px; overflow: hidden; padding: 0; position: absolute; width: 1px;\"><label for=\"ctct_usage_field\">S\u1eed d\u1ee5ng li\u00ean h\u1ec7 li\u00ean t\u1ee5c. Xin vui l\u00f2ng \u0111\u1ec3 tr\u1ed1ng ch\u1ed5 n\u00e0y.<\/label><input type=\"text\" value=\"\" id=\"ctct_usage_field\" name=\"ctct_usage_field\" class=\"ctct_usage_field\" tabindex=\"-1\" \/><\/div><input type=\"hidden\" name=\"ctct-id\" value=\"3031\" \/><input type=\"hidden\" name=\"ctct-verify\" value=\"JSqMp7zszmNjFkXbUgXWhYNXB\" \/><input type=\"hidden\" name=\"ctct-instance\" value=\"0\" \/><input type=\"hidden\" name=\"ctct_time\" value=\"1776816984\" \/><input type=\"hidden\" name=\"ctct_must_opt_in\" value=\"yes\" \/><input type=\"hidden\" name=\"trp-form-language\" value=\"vi\"\/><\/form><div class=\"ctct-disclosure\"><hr><small>B\u1eb1ng c\u00e1ch g\u1eedi bi\u1ec3u m\u1eabu n\u00e0y, b\u1ea1n \u0111\u1ed3ng \u00fd nh\u1eadn email ti\u1ebfp th\u1ecb t\u1eeb: . B\u1ea1n c\u00f3 th\u1ec3 thu h\u1ed3i s\u1ef1 \u0111\u1ed3ng \u00fd nh\u1eadn email c\u1ee7a m\u00ecnh b\u1ea5t k\u1ef3 l\u00fac n\u00e0o b\u1eb1ng c\u00e1ch s\u1eed d\u1ee5ng li\u00ean k\u1ebft SafeUnsubscribe\u00ae \u1edf cu\u1ed1i m\u1ed7i email. <a href=\"https:\/\/www.constantcontact.com\/legal\/about-constant-contact\" target=\"_blank\" rel=\"noopener noreferrer\" aria-label=\"Email \u0111\u01b0\u1ee3c qu\u1ea3n l\u00fd b\u1edfi Constant Contact, (m\u1edf trong c\u1eeda s\u1ed5 m\u1edbi)\">Email \u0111\u01b0\u1ee3c ph\u1ee5c v\u1ee5 b\u1edfi Constant Contact<\/a><\/small><\/div><script type=\"text\/javascript\">var ajaxurl = \"https:\/\/highjumpchicago.org\/wp-admin\/admin-ajax.php\";<\/script><\/div>","protected":false},"excerpt":{"rendered":"<p>T\u1ea1i sao ph\u1ea3i nh\u1ea3y cao? N\u0103m 1989, High Jump b\u1eaft \u0111\u1ea7u v\u1edbi m\u1ed9t s\u1ee9 m\u1ec7nh to l\u1edbn duy nh\u1ea5t: mang l\u1ea1i s\u1ef1 c\u00f4ng b\u1eb1ng trong gi\u00e1o d\u1ee5c cho h\u1ecdc sinh trung h\u1ecdc Chicago, nh\u1eefng ng\u01b0\u1eddi c\u00f3 tham v\u1ecdng v\u00e0 ti\u1ec1m n\u0103ng h\u1ecdc t\u1eadp nh\u01b0ng c\u00f3 \u0111i\u1ec1u ki\u1ec7n kinh t\u1ebf h\u1ea1n ch\u1ebf. Ng\u00e0y nay, s\u1ee9 m\u1ec7nh \u0111\u00f3 m\u1ea1nh m\u1ebd h\u01a1n bao gi\u1edd h\u1ebft. High Jump gi\u00fap h\u1ecdc sinh trung h\u1ecdc c\u01a1 s\u1edf \u1edf Chicago tr\u1edf th\u00e0nh nh\u1eefng nh\u00e0 l\u00e3nh \u0111\u1ea1o to\u00e0n di\u1ec7n th\u00f4ng qua\u2026<\/p>","protected":false},"author":7,"featured_media":0,"parent":0,"menu_order":1,"comment_status":"closed","ping_status":"closed","template":"","meta":{"_seopress_robots_primary_cat":"","_seopress_titles_title":"","_seopress_titles_desc":"","_seopress_robots_index":"","inline_featured_image":false,"footnotes":""},"class_list":["post-49","page","type-page","status-publish","hentry"],"_links":{"self":[{"href":"https:\/\/highjumpchicago.org\/vi\/wp-json\/wp\/v2\/pages\/49","targetHints":{"allow":["GET"]}}],"collection":[{"href":"https:\/\/highjumpchicago.org\/vi\/wp-json\/wp\/v2\/pages"}],"about":[{"href":"https:\/\/highjumpchicago.org\/vi\/wp-json\/wp\/v2\/types\/page"}],"author":[{"embeddable":true,"href":"https:\/\/highjumpchicago.org\/vi\/wp-json\/wp\/v2\/users\/7"}],"replies":[{"embeddable":true,"href":"https:\/\/highjumpchicago.org\/vi\/wp-json\/wp\/v2\/comments?post=49"}],"version-history":[{"count":10,"href":"https:\/\/highjumpchicago.org\/vi\/wp-json\/wp\/v2\/pages\/49\/revisions"}],"predecessor-version":[{"id":168329,"href":"https:\/\/highjumpchicago.org\/vi\/wp-json\/wp\/v2\/pages\/49\/revisions\/168329"}],"wp:attachment":[{"href":"https:\/\/highjumpchicago.org\/vi\/wp-json\/wp\/v2\/media?parent=49"}],"curies":[{"name":"wp","href":"https:\/\/api.w.org\/{rel}","templated":true}]}}