{"id":512,"date":"2018-11-08T18:56:31","date_gmt":"2018-11-08T18:56:31","guid":{"rendered":"https:\/\/d46e648428.nxcli.io\/?page_id=512"},"modified":"2025-07-09T16:38:12","modified_gmt":"2025-07-09T21:38:12","slug":"alumni","status":"publish","type":"page","link":"https:\/\/highjumpchicago.org\/vi\/our-programs\/alumni\/","title":{"rendered":"c\u1ef1u sinh vi\u00ean h\u1ecdc gi\u1ea3"},"content":{"rendered":"<nav  aria-label=\"v\u1ee5n b\u00e1nh m\u00ec\"><ol itemscope itemtype=\"https:\/\/schema.org\/BreadcrumbList\"><li itemprop=\"itemListElement\" itemscope itemtype=\"https:\/\/schema.org\/ListItem\"><a itemscope itemtype=\"https:\/\/schema.org\/WebPage\" itemprop=\"item\" itemid=\"https:\/\/highjumpchicago.org\" href=\"https:\/\/highjumpchicago.org\/vi\/\">Nh\u00e0<\/a><meta itemprop=\"position\" content=\"1\"\/><\/li><li itemprop=\"itemListElement\" itemscope itemtype=\"https:\/\/schema.org\/ListItem\"><a itemscope itemtype=\"https:\/\/schema.org\/WebPage\" itemprop=\"item\" itemid=\"https:\/\/highjumpchicago.org\/our-programs\/\" href=\"https:\/\/highjumpchicago.org\/vi\/our-programs\/\">ch\u01b0\u01a1ng tr\u00ecnh c\u1ee7a ch\u00fang t\u00f4i<\/a><meta itemprop=\"position\" content=\"2\"\/><\/li><li aria-current=\"page\" itemprop=\"itemListElement\" itemscope itemtype=\"https:\/\/schema.org\/ListItem\">c\u1ef1u sinh vi\u00ean h\u1ecdc gi\u1ea3<meta itemprop=\"position\" content=\"3\"\/><\/li><\/ol><\/nav>\n<h1>\n\t\t\tT\u1eebng l\u00e0 h\u1ecdc gi\u1ea3, m\u00e3i m\u00e3i l\u00e0 h\u1ecdc gi\u1ea3.\t<\/h1>\n\t\t\t\t\t<h1>0+ <\/h1>\t\t\t\t\n\t\t\tPh\u00e8n v\u00e0 \u0111\u1ebfm\t\n\t<h3>M\u1ed7i h\u1ecdc sinh l\u1edbp 8 c\u1ee7a High Jump s\u1ebd l\u00e0m vi\u1ec7c tr\u1ef1c ti\u1ebfp v\u1edbi gi\u00e1o vi\u00ean v\u00e0 nh\u00e2n vi\u00ean \u0111\u1ec3 \u0111\u1ea3m b\u1ea3o ch\u1ecdn \u0111\u01b0\u1ee3c tr\u01b0\u1eddng trung h\u1ecdc ph\u00f9 h\u1ee3p, ph\u00f9 h\u1ee3p v\u1edbi nhu c\u1ea7u v\u00e0 m\u1ee5c ti\u00eau c\u1ee7a c\u00e1c em. Ch\u00fang t\u00f4i c\u0169ng l\u00e0m vi\u1ec7c v\u1edbi h\u1ecdc sinh v\u00e0 gia \u0111\u00ecnh c\u1ee7a c\u00e1c em trong qu\u00e1 tr\u00ecnh tuy\u1ec3n sinh trung h\u1ecdc, bao g\u1ed3m c\u00e1c l\u1ef1a ch\u1ecdn h\u1ed7 tr\u1ee3 t\u00e0i ch\u00ednh v\u00e0 h\u1ecdc b\u1ed5ng.<\/h3>\n\t<p><strong>C\u00e1c c\u1ef1u sinh vi\u00ean trung h\u1ecdc v\u00e0 \u0111\u1ea1i h\u1ecdc c\u1ee7a ch\u00fang t\u00f4i c\u00f3 nhi\u1ec1u c\u01a1 h\u1ed9i \u0111\u1ec3 ti\u1ebfp t\u1ee5c tham gia v\u00e0 k\u1ebft n\u1ed1i v\u1edbi c\u1ed9ng \u0111\u1ed3ng Nh\u1ea3y cao:<\/strong><\/p>\n<ul>\n<li aria-level=\"1\">Tr\u1edf l\u1ea1i l\u00e0m tr\u1ee3 gi\u1ea3ng trong ch\u01b0\u01a1ng tr\u00ecnh H\u1ecdc gi\u1ea3 c\u1ee7a ch\u00fang t\u00f4i<\/li>\n<li aria-level=\"1\">C\u00e1c ch\u01b0\u01a1ng tr\u00ecnh b\u1ed3i d\u01b0\u1ee1ng m\u00f9a h\u00e8 h\u1ed7 tr\u1ee3 qu\u00e1 tr\u00ecnh chuy\u1ec3n ti\u1ebfp t\u1eeb ti\u1ec3u h\u1ecdc l\u00ean trung h\u1ecdc<\/li>\n<li aria-level=\"1\">H\u1ed9i th\u1ea3o h\u1ed7 tr\u1ee3 qu\u00e1 tr\u00ecnh n\u1ed9p \u0111\u01a1n v\u00e0o \u0111\u1ea1i h\u1ecdc v\u00e0 luy\u1ec7n thi SAT<\/li>\n<li aria-level=\"1\">M\u1ea1ng l\u01b0\u1edbi, v\u1ecb tr\u00ed c\u00f4ng vi\u1ec7c, v\u00e0 nhi\u1ec1u h\u01a1n n\u1eefa \u0111\u1ec3 ph\u00e1t tri\u1ec3n v\u00e0 ph\u00e1t tri\u1ec3n ngh\u1ec1 nghi\u1ec7p<\/li>\n<\/ul>\n<p><b>Ch\u00fang t\u00f4i t\u1ea1o c\u01a1 h\u1ed9i cho c\u00e1c c\u1ef1u h\u1ecdc sinh trung h\u1ecdc v\u00e0 \u0111\u1ea1i h\u1ecdc c\u1ee7a ch\u00fang t\u00f4i ti\u1ebfp t\u1ee5c tham gia v\u00e0 k\u1ebft n\u1ed1i v\u1edbi c\u1ed9ng \u0111\u1ed3ng Nh\u1ea3y cao.<\/b> Vi\u1ec7c quay l\u1ea1i ch\u01b0\u01a1ng tr\u00ecnh v\u1edbi t\u01b0 c\u00e1ch l\u00e0 Tr\u1ee3 l\u00fd gi\u00e1o vi\u00ean \u0111\u01b0\u1ee3c tr\u1ea3 l\u01b0\u01a1ng s\u1ebd gi\u00fap h\u1ed7 tr\u1ee3 c\u00e1c nh\u00f3m H\u1ecdc gi\u1ea3 Nh\u1ea3y cao m\u1edbi \u0111\u1ed3ng th\u1eddi t\u00edch l\u0169y \u0111\u01b0\u1ee3c kinh nghi\u1ec7m l\u00e0m vi\u1ec7c th\u1ef1c t\u1ebf v\u00f4 gi\u00e1.<\/p>\n<b>B\u1ea1n c\u00f3 ph\u1ea3i l\u00e0 c\u1ef1u sinh vi\u00ean mu\u1ed1n tham gia ho\u1eb7c k\u1ebft n\u1ed1i v\u1edbi c\u00e1c c\u1ef1u sinh vi\u00ean kh\u00f4ng?<\/b><br \/>\nLi\u00ean h\u1ec7 ch\u00fang t\u00f4i t\u1ea1i <a href=\"mailto:ask@highjumpchicago.org\">ask@highjumpchicago.org<\/a>\u00a0\u0111\u1ec3 bi\u1ebft th\u00eam th\u00f4ng tin.\n<b>B\u1ea1n c\u00f3 ph\u1ea3i l\u00e0 c\u1ef1u sinh vi\u00ean v\u00e0 mu\u1ed1n tham gia Ban qu\u1ea3n tr\u1ecb c\u1ee7a ch\u00fang t\u00f4i kh\u00f4ng?<\/b><br \/>\nLi\u00ean h\u1ec7 v\u1edbi Molly Gilbride t\u1ea1i <a href=\"mailto:mgilbride@highjumpchicago.org\">mgilbride@highjumpchicago.org<\/a> \u0111\u1ec3 bi\u1ebft th\u00eam th\u00f4ng tin.\n<h1>\n\t\t\tT\u00e1c \u0111\u1ed9ng l\u00e0 su\u1ed1t \u0111\u1eddi: G\u1eb7p g\u1ee1 c\u1ef1u sinh vi\u00ean c\u1ee7a ch\u00fang t\u00f4i\t<\/h1>\n\t<h2>Tr\u1ea3i nghi\u1ec7m Nh\u1ea3y cao k\u00e9o d\u00e0i l\u00e2u h\u01a1n nhi\u1ec1u so v\u1edbi ch\u1ec9 hai n\u0103m c\u1ee7a ch\u01b0\u01a1ng tr\u00ecnh. C\u1ef1u sinh vi\u00ean c\u1ee7a ch\u00fang t\u00f4i ch\u1ea5p nh\u1eadn r\u1ee7i ro, \u0111\u1ea1t \u0111\u01b0\u1ee3c \u01b0\u1edbc m\u01a1 v\u00e0 g\u00f3p ph\u1ea7n gi\u00fap th\u1ebf gi\u1edbi t\u1ed1t \u0111\u1eb9p h\u01a1n - nh\u01b0ng \u0111\u1eebng c\u01b0\u1edbp \u0111i \u0111i\u1ec1u \u0111\u00f3 c\u1ee7a ch\u00fang t\u00f4i.<\/h2>\n<h2>\u0110\u1ecdc c\u00e2u chuy\u1ec7n c\u1ee7a h\u1ecd.<\/h2>\n\t<meta itemscope itemprop=\"mainEntityOfPage\" itemtype=\"https:\/\/schema.org\/WebPage\" itemid=\"https:\/\/highjumpchicago.org\/richards-story-of-high-jump-success\/\" content=\"Richard's Story of High Jump Success\" \/><meta itemprop=\"datePublished\" content=\"2024-06-25\" \/><meta itemprop=\"dateModified\" content=\"2024-09-19\" \/><meta itemprop=\"name\" content=\"High Jump\"\/><meta itemprop=\"url\" content=\"https:\/\/highjumpchicago.org\/author\/max\/\" \/><meta itemprop=\"name\" content=\"Max Asaf\" \/><meta itemprop=\"url\" content=\"https:\/\/highjumpchicago.org\/wp-content\/uploads\/2024\/06\/HighJump-Gala-050324-9475.jpg\" \/><meta itemprop=\"width\" content=\"2048\" \/><meta itemprop=\"height\" content=\"1365\" \/><meta itemprop=\"interactionType\" content=\"https:\/\/schema.org\/CommentAction\" \/><meta itemprop=\"userInteractionCount\" content=\"0\" \/>\n\t\t\t\t\t\t<a href='https:\/\/highjumpchicago.org\/vi\/richards-story-of-high-jump-success\/' title='Richard's story of high jump success'><img width=\"1024\" height=\"683\" src=\"https:\/\/highjumpchicago.org\/wp-content\/uploads\/2024\/06\/HighJump-Gala-050324-9475-1024x683.jpg\" alt=\"Richard speaks at a podium at the High Jump gala\" itemprop=\"image\" decoding=\"async\" loading=\"lazy\" srcset=\"https:\/\/highjumpchicago.org\/wp-content\/uploads\/2024\/06\/HighJump-Gala-050324-9475-1024x683.jpg 1024w, https:\/\/highjumpchicago.org\/wp-content\/uploads\/2024\/06\/HighJump-Gala-050324-9475-300x200.jpg 300w, https:\/\/highjumpchicago.org\/wp-content\/uploads\/2024\/06\/HighJump-Gala-050324-9475-768x512.jpg 768w, https:\/\/highjumpchicago.org\/wp-content\/uploads\/2024\/06\/HighJump-Gala-050324-9475-1536x1024.jpg 1536w, https:\/\/highjumpchicago.org\/wp-content\/uploads\/2024\/06\/HighJump-Gala-050324-9475-18x12.jpg 18w, https:\/\/highjumpchicago.org\/wp-content\/uploads\/2024\/06\/HighJump-Gala-050324-9475.jpg 2048w\" sizes=\"auto, (max-width: 1024px) 100vw, 1024px\" \/><\/a>\n\t\t\t\t\t<h3><a href='https:\/\/highjumpchicago.org\/vi\/richards-story-of-high-jump-success\/' title='Richard's story of high jump success'>C\u00e2u chuy\u1ec7n th\u00e0nh c\u00f4ng nh\u1ea3y cao c\u1ee7a Richard<\/a><\/h3>\n\t\t\t\t\t\t<p>Khi ch\u00fang ta nh\u00ecn v\u00e0o t\u00e1c \u0111\u1ed9ng c\u1ee7a High Jump trong su\u1ed1t 35 n\u0103m qua,\u2026<\/p>\n\t\t\t\t\t\n\t\t\t\t\t\t<a href='https:\/\/highjumpchicago.org\/vi\/richards-story-of-high-jump-success\/' title='\u0110\u1ecdc th\u00eam &quot;'>\u0110\u1ecdc th\u00eam &quot;<\/a>\n\t\t\t\t\t\n\t<meta itemscope itemprop=\"mainEntityOfPage\" itemtype=\"https:\/\/schema.org\/WebPage\" itemid=\"https:\/\/highjumpchicago.org\/alumni-spotlight-jessica-cohort-25-is-racing-towards-her-future\/\" content=\"Alumni Spotlight: Jessica, Cohort 25, Is Racing Towards Her Future\" \/><meta itemprop=\"datePublished\" content=\"2024-05-29\" \/><meta itemprop=\"dateModified\" content=\"2024-05-29\" \/><meta itemprop=\"name\" content=\"High Jump\"\/><meta itemprop=\"url\" content=\"https:\/\/highjumpchicago.org\/author\/max\/\" \/><meta itemprop=\"name\" content=\"Max Asaf\" \/><meta itemprop=\"url\" content=\"https:\/\/highjumpchicago.org\/wp-content\/uploads\/2024\/05\/1700576011028.jpeg\" \/><meta itemprop=\"width\" content=\"961\" \/><meta itemprop=\"height\" content=\"710\" \/><meta itemprop=\"interactionType\" content=\"https:\/\/schema.org\/CommentAction\" \/><meta itemprop=\"userInteractionCount\" content=\"0\" \/>\n\t\t\t\t\t\t<a href='https:\/\/highjumpchicago.org\/vi\/alumni-spotlight-jessica-cohort-25-is-racing-towards-her-future\/' title='C\u1ef1u sinh vi\u00ean ti\u00eau \u0111i\u1ec3m: Jessica, Nh\u00f3m 25, \u0110ang ch\u1ea1y \u0111ua h\u01b0\u1edbng t\u1edbi t\u01b0\u01a1ng lai c\u1ee7a m\u00ecnh'><img width=\"961\" height=\"710\" src=\"https:\/\/highjumpchicago.org\/wp-content\/uploads\/2024\/05\/1700576011028.jpeg\" alt=\"Jess stands in front of Lewis Hamilton&#039;s F1 Mercedes car\" itemprop=\"image\" decoding=\"async\" loading=\"lazy\" srcset=\"https:\/\/highjumpchicago.org\/wp-content\/uploads\/2024\/05\/1700576011028.jpeg 961w, https:\/\/highjumpchicago.org\/wp-content\/uploads\/2024\/05\/1700576011028-300x222.jpeg 300w, https:\/\/highjumpchicago.org\/wp-content\/uploads\/2024\/05\/1700576011028-768x567.jpeg 768w, https:\/\/highjumpchicago.org\/wp-content\/uploads\/2024\/05\/1700576011028-16x12.jpeg 16w\" sizes=\"auto, (max-width: 961px) 100vw, 961px\" \/><\/a>\n\t\t\t\t\t<h3><a href='https:\/\/highjumpchicago.org\/vi\/alumni-spotlight-jessica-cohort-25-is-racing-towards-her-future\/' title='C\u1ef1u sinh vi\u00ean ti\u00eau \u0111i\u1ec3m: Jessica, Nh\u00f3m 25, \u0110ang ch\u1ea1y \u0111ua h\u01b0\u1edbng t\u1edbi t\u01b0\u01a1ng lai c\u1ee7a m\u00ecnh'>C\u1ef1u sinh vi\u00ean ti\u00eau \u0111i\u1ec3m: Jessica, Nh\u00f3m 25, \u0110ang ch\u1ea1y \u0111ua h\u01b0\u1edbng t\u1edbi t\u01b0\u01a1ng lai c\u1ee7a m\u00ecnh<\/a><\/h3>\n\t\t\t\t\t\t<p>Jessica lu\u00f4n c\u00f3 t\u00ednh \u0111ua tranh trong m\u00ecnh. T\u00ecnh y\u00eau d\u00e0nh cho k\u1ef9 thu\u1eadt \u0111ua xe th\u1ec3 thao v\u00e0 \u0111ua xe \u0111\u00e3 \u0111\u01b0a c\u00f4 \u0111\u1ebfn\u2026<\/p>\n\t\t\t\t\t\n\t\t\t\t\t\t<a href='https:\/\/highjumpchicago.org\/vi\/alumni-spotlight-jessica-cohort-25-is-racing-towards-her-future\/' title='\u0110\u1ecdc th\u00eam &quot;'>\u0110\u1ecdc th\u00eam &quot;<\/a>\n\t\t\t\t\t\n\t<meta itemscope itemprop=\"mainEntityOfPage\" itemtype=\"https:\/\/schema.org\/WebPage\" itemid=\"https:\/\/highjumpchicago.org\/from-high-jump-to-hollywood-an-interview-with-aris-mendoza-cohort-10\/\" content=\"From High Jump to Hollywood: An Interview with Aris Mendoza, Cohort 10\" \/><meta itemprop=\"datePublished\" content=\"2024-04-10\" \/><meta itemprop=\"dateModified\" content=\"2024-06-17\" \/><meta itemprop=\"name\" content=\"High Jump\"\/><meta itemprop=\"url\" content=\"https:\/\/highjumpchicago.org\/author\/max\/\" \/><meta itemprop=\"name\" content=\"Max Asaf\" \/><meta itemprop=\"url\" content=\"https:\/\/highjumpchicago.org\/wp-content\/uploads\/2024\/04\/NKP00514-3b.jpg\" \/><meta itemprop=\"width\" content=\"2048\" \/><meta itemprop=\"height\" content=\"1591\" \/><meta itemprop=\"interactionType\" content=\"https:\/\/schema.org\/CommentAction\" \/><meta itemprop=\"userInteractionCount\" content=\"0\" \/>\n\t\t\t\t\t\t<a href='https:\/\/highjumpchicago.org\/vi\/from-high-jump-to-hollywood-an-interview-with-aris-mendoza-cohort-10\/' title='T\u1eeb Nh\u1ea3y Cao \u0111\u1ebfn Hollywood: Ph\u1ecfng v\u1ea5n Aris Mendoza, Nh\u00f3m 10'><img width=\"1024\" height=\"796\" src=\"https:\/\/highjumpchicago.org\/wp-content\/uploads\/2024\/04\/NKP00514-3b-1024x796.jpg\" alt=\"\" itemprop=\"image\" decoding=\"async\" loading=\"lazy\" srcset=\"https:\/\/highjumpchicago.org\/wp-content\/uploads\/2024\/04\/NKP00514-3b-1024x796.jpg 1024w, https:\/\/highjumpchicago.org\/wp-content\/uploads\/2024\/04\/NKP00514-3b-300x233.jpg 300w, https:\/\/highjumpchicago.org\/wp-content\/uploads\/2024\/04\/NKP00514-3b-768x597.jpg 768w, https:\/\/highjumpchicago.org\/wp-content\/uploads\/2024\/04\/NKP00514-3b-1536x1193.jpg 1536w, https:\/\/highjumpchicago.org\/wp-content\/uploads\/2024\/04\/NKP00514-3b-15x12.jpg 15w, https:\/\/highjumpchicago.org\/wp-content\/uploads\/2024\/04\/NKP00514-3b.jpg 2048w\" sizes=\"auto, (max-width: 1024px) 100vw, 1024px\" \/><\/a>\n\t\t\t\t\t<h3><a href='https:\/\/highjumpchicago.org\/vi\/from-high-jump-to-hollywood-an-interview-with-aris-mendoza-cohort-10\/' title='T\u1eeb Nh\u1ea3y Cao \u0111\u1ebfn Hollywood: Ph\u1ecfng v\u1ea5n Aris Mendoza, Nh\u00f3m 10'>T\u1eeb Nh\u1ea3y Cao \u0111\u1ebfn Hollywood: Ph\u1ecfng v\u1ea5n Aris Mendoza, Nh\u00f3m 10<\/a><\/h3>\n\t\t\t\t\t\t<p>K\u1ec3 t\u1eeb khi th\u00e0nh l\u1eadp, m\u1ee5c ti\u00eau c\u1ee7a High Jump kh\u00f4ng ph\u1ea3i l\u00e0 \u0111\u01b0a h\u1ecdc sinh v\u00e0o m\u1ed9t con \u0111\u01b0\u1eddng c\u1ee5 th\u1ec3 h\u01b0\u1edbng t\u1edbi m\u1ed9t \u0111\u1ecbnh ngh\u0129a c\u1ee5 th\u1ec3\u2026<\/p>\n\t\t\t\t\t\n\t\t\t\t\t\t<a href='https:\/\/highjumpchicago.org\/vi\/from-high-jump-to-hollywood-an-interview-with-aris-mendoza-cohort-10\/' title='\u0110\u1ecdc th\u00eam &quot;'>\u0110\u1ecdc th\u00eam &quot;<\/a>\n\t\t\t\t\t\n\t<meta itemscope itemprop=\"mainEntityOfPage\" itemtype=\"https:\/\/schema.org\/WebPage\" itemid=\"https:\/\/highjumpchicago.org\/alumni-spotlight-aji-cohort-20\/\" content=\"Alumni Spotlight: Aji, Cohort 20\" \/><meta itemprop=\"datePublished\" content=\"2023-11-16\" \/><meta itemprop=\"dateModified\" content=\"2024-01-20\" \/><meta itemprop=\"name\" content=\"High Jump\"\/><meta itemprop=\"url\" content=\"https:\/\/highjumpchicago.org\/author\/max\/\" \/><meta itemprop=\"name\" content=\"Max Asaf\" \/><meta itemprop=\"url\" content=\"https:\/\/highjumpchicago.org\/wp-content\/uploads\/2023\/11\/Screenshot-2023-11-13-at-9.55.56-AM.jpg\" \/><meta itemprop=\"width\" content=\"1916\" \/><meta itemprop=\"height\" content=\"953\" \/><meta itemprop=\"interactionType\" content=\"https:\/\/schema.org\/CommentAction\" \/><meta itemprop=\"userInteractionCount\" content=\"0\" \/>\n\t\t\t\t\t\t<a href='https:\/\/highjumpchicago.org\/vi\/alumni-spotlight-aji-cohort-20\/' title='C\u1ef1u sinh vi\u00ean ti\u00eau bi\u1ec3u: Aji, Nh\u00f3m 20'><img width=\"1024\" height=\"509\" src=\"https:\/\/highjumpchicago.org\/wp-content\/uploads\/2023\/11\/Screenshot-2023-11-13-at-9.55.56-AM-1024x509.jpg\" alt=\"\" itemprop=\"image\" decoding=\"async\" loading=\"lazy\" srcset=\"https:\/\/highjumpchicago.org\/wp-content\/uploads\/2023\/11\/Screenshot-2023-11-13-at-9.55.56-AM-1024x509.jpg 1024w, https:\/\/highjumpchicago.org\/wp-content\/uploads\/2023\/11\/Screenshot-2023-11-13-at-9.55.56-AM-300x149.jpg 300w, https:\/\/highjumpchicago.org\/wp-content\/uploads\/2023\/11\/Screenshot-2023-11-13-at-9.55.56-AM-768x382.jpg 768w, https:\/\/highjumpchicago.org\/wp-content\/uploads\/2023\/11\/Screenshot-2023-11-13-at-9.55.56-AM-1536x764.jpg 1536w, https:\/\/highjumpchicago.org\/wp-content\/uploads\/2023\/11\/Screenshot-2023-11-13-at-9.55.56-AM-18x9.jpg 18w, https:\/\/highjumpchicago.org\/wp-content\/uploads\/2023\/11\/Screenshot-2023-11-13-at-9.55.56-AM.jpg 1916w\" sizes=\"auto, (max-width: 1024px) 100vw, 1024px\" \/><\/a>\n\t\t\t\t\t<h3><a href='https:\/\/highjumpchicago.org\/vi\/alumni-spotlight-aji-cohort-20\/' title='C\u1ef1u sinh vi\u00ean ti\u00eau bi\u1ec3u: Aji, Nh\u00f3m 20'>C\u1ef1u sinh vi\u00ean ti\u00eau bi\u1ec3u: Aji, Nh\u00f3m 20<\/a><\/h3>\n\t\t\t\t\t\t<p>T\u1eeb khi c\u00f2n nh\u1ecf, Aji \u0111\u00e3 c\u00f3 m\u1ed9t tr\u00ed \u00f3c v\u00f4 c\u00f9ng n\u0103ng \u0111\u1ed9ng \u2013 lu\u00f4n t\u00ecm ki\u1ebfm nh\u1eefng l\u1ed1i tho\u00e1t \u0111\u1ec3 kh\u00e1m ph\u00e1 s\u1edf th\u00edch, m\u1edf r\u1ed9ng\u2026<\/p>\n\t\t\t\t\t\n\t\t\t\t\t\t<a href='https:\/\/highjumpchicago.org\/vi\/alumni-spotlight-aji-cohort-20\/' title='\u0110\u1ecdc th\u00eam &quot;'>\u0110\u1ecdc th\u00eam &quot;<\/a>","protected":false},"excerpt":{"rendered":"<p>\u0110\u1ecdc v\u1ec1 m\u1ed9t s\u1ed1 c\u00e2u chuy\u1ec7n th\u00e0nh c\u00f4ng c\u1ee7a High Jump.<\/p>","protected":false},"author":7,"featured_media":5515,"parent":52,"menu_order":5,"comment_status":"closed","ping_status":"closed","template":"","meta":{"_seopress_robots_primary_cat":"","_seopress_titles_title":"","_seopress_titles_desc":"","_seopress_robots_index":"","inline_featured_image":false,"footnotes":""},"class_list":["post-512","page","type-page","status-publish","has-post-thumbnail","hentry"],"_links":{"self":[{"href":"https:\/\/highjumpchicago.org\/vi\/wp-json\/wp\/v2\/pages\/512","targetHints":{"allow":["GET"]}}],"collection":[{"href":"https:\/\/highjumpchicago.org\/vi\/wp-json\/wp\/v2\/pages"}],"about":[{"href":"https:\/\/highjumpchicago.org\/vi\/wp-json\/wp\/v2\/types\/page"}],"author":[{"embeddable":true,"href":"https:\/\/highjumpchicago.org\/vi\/wp-json\/wp\/v2\/users\/7"}],"replies":[{"embeddable":true,"href":"https:\/\/highjumpchicago.org\/vi\/wp-json\/wp\/v2\/comments?post=512"}],"version-history":[{"count":5,"href":"https:\/\/highjumpchicago.org\/vi\/wp-json\/wp\/v2\/pages\/512\/revisions"}],"predecessor-version":[{"id":106205,"href":"https:\/\/highjumpchicago.org\/vi\/wp-json\/wp\/v2\/pages\/512\/revisions\/106205"}],"up":[{"embeddable":true,"href":"https:\/\/highjumpchicago.org\/vi\/wp-json\/wp\/v2\/pages\/52"}],"wp:featuredmedia":[{"embeddable":true,"href":"https:\/\/highjumpchicago.org\/vi\/wp-json\/wp\/v2\/media\/5515"}],"wp:attachment":[{"href":"https:\/\/highjumpchicago.org\/vi\/wp-json\/wp\/v2\/media?parent=512"}],"curies":[{"name":"wp","href":"https:\/\/api.w.org\/{rel}","templated":true}]}}