{"id":52,"date":"2018-10-08T01:57:50","date_gmt":"2018-10-08T01:57:50","guid":{"rendered":"https:\/\/d46e648428.nxcli.io\/?page_id=37"},"modified":"2026-04-01T15:28:55","modified_gmt":"2026-04-01T20:28:55","slug":"our-programs","status":"publish","type":"page","link":"https:\/\/highjumpchicago.org\/vi\/our-programs\/","title":{"rendered":"ch\u01b0\u01a1ng tr\u00ecnh c\u1ee7a ch\u00fang t\u00f4i"},"content":{"rendered":"<nav  aria-label=\"v\u1ee5n b\u00e1nh m\u00ec\"><ol itemscope itemtype=\"https:\/\/schema.org\/BreadcrumbList\"><li itemprop=\"itemListElement\" itemscope itemtype=\"https:\/\/schema.org\/ListItem\"><a itemscope itemtype=\"https:\/\/schema.org\/WebPage\" itemprop=\"item\" itemid=\"https:\/\/highjumpchicago.org\" href=\"https:\/\/highjumpchicago.org\/vi\/\">Nh\u00e0<\/a><meta itemprop=\"position\" content=\"1\"\/><\/li><li aria-current=\"page\" itemprop=\"itemListElement\" itemscope itemtype=\"https:\/\/schema.org\/ListItem\">ch\u01b0\u01a1ng tr\u00ecnh c\u1ee7a ch\u00fang t\u00f4i<meta itemprop=\"position\" content=\"2\"\/><\/li><\/ol><\/nav>\n<h1>\n\t\t\tB\u1ed3i d\u01b0\u1ee1ng ki\u1ebfn th\u1ee9c h\u1ecdc thu\u1eadt. H\u1ed7 tr\u1ee3 v\u1ec1 m\u1eb7t x\u00e3 h\u1ed9i v\u00e0 c\u1ea3m x\u00fac. Chu\u1ea9n b\u1ecb cho giai \u0111o\u1ea1n chuy\u1ec3n ti\u1ebfp l\u00ean trung h\u1ecdc.\t<\/h1>\n\t<h3>High Jump trao quy\u1ec1n cho h\u1ecdc sinh trung h\u1ecdc c\u01a1 s\u1edf c\u1ee7a Chicago tr\u1edf th\u00e0nh nh\u1eefng nh\u00e0 l\u00e3nh \u0111\u1ea1o to\u00e0n di\u1ec7n th\u00f4ng qua c\u00e1c ch\u01b0\u01a1ng tr\u00ecnh mi\u1ec5n ph\u00ed c\u1ee7a ch\u00fang t\u00f4i v\u1edbi nh\u1eefng tr\u1ea3i nghi\u1ec7m, ngu\u1ed3n l\u1ef1c v\u00e0 h\u1ed7 tr\u1ee3 gi\u00e1o d\u1ee5c c\u00f3 m\u1ed9t kh\u00f4ng hai d\u00e0nh cho nh\u1eefng h\u1ecdc sinh l\u1edbp 7 v\u00e0 8 t\u00f2 m\u00f2 v\u00e0 n\u0103ng \u0111\u1ed9ng mu\u1ed1n th\u1eed th\u00e1ch b\u1ea3n th\u00e2n trong h\u1ecdc t\u1eadp.<\/h3>\n\t<p><strong>\u0110i\u1ec1u g\u00ec l\u00e0m cho m\u1ed9t sinh vi\u00ean tr\u1edf th\u00e0nh m\u1ed9t h\u1ecdc gi\u1ea3?<\/strong> Y\u00eau th\u00edch h\u1ecdc t\u1eadp v\u00e0 mong mu\u1ed1n t\u00ecm ki\u1ebfm tr\u1ea3i nghi\u1ec7m \u0111\u1ec3 th\u1eed th\u00e1ch b\u1ea3n th\u00e2n v\u1ec1 m\u1eb7t x\u00e3 h\u1ed9i v\u00e0 h\u1ecdc thu\u1eadt. H\u1ecdc sinh c\u1ee7a ch\u00fang t\u00f4i r\u1ea5t t\u00f2 m\u00f2 v\u1ec1 tr\u00ed tu\u1ec7 v\u00e0 c\u00f3 \u0111\u1ed9ng l\u1ef1c h\u1ecdc t\u1eadp; nhi\u1ec1u ng\u01b0\u1eddi l\u00e0 nh\u1eefng ng\u01b0\u1eddi \u0111\u1ea7u ti\u00ean trong gia \u0111\u00ecnh c\u1ee7a h\u1ecd theo h\u1ecdc \u0111\u1ea1i h\u1ecdc.<\/p>\n<p><strong>C\u00e1c h\u1ecdc sinh Nh\u1ea3y cao t\u1ed1t nghi\u1ec7p ch\u01b0\u01a1ng tr\u00ecnh c\u1ee7a ch\u00fang t\u00f4i v\u00e0 s\u1eb5n s\u00e0ng cho nh\u1eefng g\u00ec ti\u1ebfp theo.<\/strong> C\u00e1c c\u1ef1u sinh vi\u00ean c\u1ee7a ch\u00fang t\u00f4i l\u00e0 nh\u1eefng ng\u01b0\u1eddi h\u1ecdc su\u1ed1t \u0111\u1eddi \u0111ang t\u00ecm ki\u1ebfm c\u00e1c ngu\u1ed3n l\u1ef1c v\u00e0 c\u01a1 h\u1ed9i \u0111\u1ec3 c\u1ea3i thi\u1ec7n cu\u1ed9c s\u1ed1ng c\u1ee7a h\u1ecd. H\u1ecd b\u00eanh v\u1ef1c cho b\u1ea3n th\u00e2n v\u00e0 nh\u1eefng \u00fd t\u01b0\u1edfng l\u1edbn c\u1ee7a m\u00ecnh, \u0111\u1ed3ng th\u1eddi duy tr\u00ec k\u1ebft n\u1ed1i v\u1edbi c\u00e1c \u0111\u1ed3ng nghi\u1ec7p Nh\u1ea3y cao khi h\u1ecd ph\u00e1t tri\u1ec3n v\u00e0 n\u00e2ng \u0111\u1ee1 c\u1ed9ng \u0111\u1ed3ng c\u1ee7a m\u00ecnh.<\/p>\n<p><strong>Ch\u00fang t\u00f4i h\u1ed7 tr\u1ee3 c\u00e1c h\u1ecdc sinh c\u1ee7a m\u00ecnh n\u00e2ng cao ki\u1ebfn th\u1ee9c h\u1ecdc thu\u1eadt, nh\u01b0ng c\u00f2n h\u01a1n th\u1ebf n\u1eefa.<\/strong> High Jump \u0111\u01b0\u1ee3c d\u00e0nh ri\u00eang \u0111\u1ec3 \u1edf \u0111\u00f3 cho c\u00e1c h\u1ecdc sinh c\u1ee7a ch\u00fang t\u00f4i. Ch\u00fang t\u00f4i cung c\u1ea5p c\u00e1c ch\u01b0\u01a1ng tr\u00ecnh v\u00e0 h\u1ed7 tr\u1ee3 trong su\u1ed1t th\u1eddi gian h\u1ecdc trung h\u1ecdc v\u00e0 l\u00e0 ngu\u1ed3n l\u1ef1c li\u00ean t\u1ee5c cho c\u00e1c em th\u00f4ng qua \u0111\u1ea1i h\u1ecdc.<\/p>\n\t<ul>\n\t\t<li>\t\t\t\t\n\t\t<h3>TRUNG H\u1eccC PH\u1ed4 TH\u00d4NG<\/h3><p>Cam k\u00eat <strong>hai n\u0103m<\/strong> c\u1ee7a <strong>h\u1ecdc ph\u00ed<\/strong> trau d\u1ed3i ki\u1ebfn th\u1ee9c h\u1ecdc thu\u1eadt th\u00f4ng qua ch\u01b0\u01a1ng tr\u00ecnh Scholars ho\u1eb7c Community Scholars c\u1ee7a ch\u00fang t\u00f4i.<\/p><\/li><li>\t\t\t\t\n\t\t<h3>TRUNG H\u1eccC PH\u1ed4 TH\u00d4NG<\/h3><p>Ti\u1ebfp t\u1ee5c trau d\u1ed3i h\u1ecdc thu\u1eadt, t\u01b0 v\u1ea5n v\u00e0 s\u1eb5n s\u00e0ng cho \u0111\u1ea1i h\u1ecdc, v\u00e0 hi\u1ec3u bi\u1ebft v\u1ec1 h\u1ed7 tr\u1ee3 t\u00e0i ch\u00ednh <strong>\u1ee7ng h\u1ed9<\/strong> v\u00ec <strong>\u0111\u1ebfn v\u00e0 th\u00f4ng qua \u0111\u1ea1i h\u1ecdc<\/strong>.<\/p><\/li><li>\t\t\t\t\n\t\t<h3>TR\u01af\u1edcNG CAO \u0110\u1eb2NG<\/h3><p><strong>Gi\u1eef li\u00ean l\u1ea1c<\/strong> v\u00e0 c\u1ea3m th\u1ea5y \u0111\u01b0\u1ee3c h\u1ed7 tr\u1ee3 <strong>t\u1ea5t c\u1ea3 c\u00e1c con \u0111\u01b0\u1eddng th\u00f4ng qua \u0111\u1ea1i h\u1ecdc<\/strong> v\u1edbi c\u00e1c ch\u01b0\u01a1ng tr\u00ecnh h\u1ed7 tr\u1ee3 c\u1ef1u sinh vi\u00ean c\u1ee7a ch\u00fang t\u00f4i.<\/p><\/li>\t<\/ul>\n<h1>\n\t\t\tTr\u1edf th\u00e0nh h\u1ecdc gi\u1ea3 nh\u1ea3y cao\t<\/h1>\n\t<h3>High Jump Scholars l\u00e0 m\u1ed9t ch\u01b0\u01a1ng tr\u00ecnh h\u1ecdc to\u00e0n di\u1ec7n \u0111\u01b0\u1ee3c thi\u1ebft k\u1ebf \u0111\u1ec3 gi\u00fap ng\u01b0\u1eddi h\u1ecdc ph\u00e1t tri\u1ec3n c\u00e1c k\u1ef9 n\u0103ng c\u1ea7n thi\u1ebft \u0111\u1ec3 ph\u00e1t tri\u1ec3n \u1edf b\u1ea5t c\u1ee9 \u0111\u00e2u.<\/h3>\n\t<p>Ch\u01b0\u01a1ng tr\u00ecnh bao g\u1ed3m s\u00e1u tu\u1ea7n gi\u1ea3ng d\u1ea1y h\u00e0ng ng\u00e0y v\u00e0o m\u00f9a h\u00e8 v\u00e0 trung b\u00ecnh hai ng\u00e0y th\u1ee9 B\u1ea3y m\u1ed7i th\u00e1ng trong n\u0103m h\u1ecdc. Ch\u01b0\u01a1ng tr\u00ecnh gi\u1ea3ng d\u1ea1y c\u1ee7a ch\u00fang t\u00f4i gi\u00fap h\u1ecdc sinh ti\u1ebfp c\u1eadn v\u1edbi v\u0103n h\u1ecdc, ch\u1ee7 \u0111\u1ec1, h\u01b0\u1edbng d\u1eabn to\u00e1n nghi\u00eam ng\u1eb7t v\u00e0 h\u1ecdc t\u1eadp qua tr\u1ea3i nghi\u1ec7m.<\/p>\n<p>H\u1ecdc sinh s\u1ebd tham gia c\u00f9ng ch\u00fang t\u00f4i t\u1ea1i m\u1ed9t trong ba c\u01a1 s\u1edf c\u1ee7a ch\u00fang t\u00f4i \u1edf Chicago: Tr\u01b0\u1eddng Latinh Chicago, Tr\u01b0\u1eddng Francis W. Parker v\u00e0 Tr\u01b0\u1eddng Ph\u00f2ng th\u00ed nghi\u1ec7m \u0110\u1ea1i h\u1ecdc Chicago.<\/p>\n\t\t\t<a href=\"https:\/\/highjumpchicago.org\/vi\/program-overview\/scholars\/\"  target=\"_self\">\n\t\t\t\t\t\t\tT\u00ecm hi\u1ec3u th\u00eam v\u00e0 \u00c1P D\u1ee4NG\n\t\t\t\t\t<\/a>\n<figure itemscope itemtype=\"https:\/\/schema.org\/ImageObject\">\n\t\t\t\t<img decoding=\"async\" src=\"https:\/\/highjumpchicago.org\/wp-content\/uploads\/2022\/01\/Sustaining-Leaders-e1643325677181.jpg\" alt=\"Student in class\" height=\"256\" width=\"512\" title=\"Nh\u1ea3y Cao | sinh vi\u00ean\" onerror=\"this.style.display='none'\" loading=\"lazy\" \/>\n\t<\/figure>\n<h1>\n\t\t\tNh\u1eefng ng\u01b0\u1eddi t\u1ea1o ra s\u1ef1 thay \u0111\u1ed5i c\u1ee7a ng\u00e0y mai.\t<\/h1>\n\t<h3>H\u1ecdc gi\u1ea3 c\u1ee7a ch\u00fang t\u00f4i \u0111ang kh\u00e1m ph\u00e1 nh\u1eefng \u0111am m\u00ea m\u1edbi, x\u00e2y d\u1ef1ng s\u1ef1 t\u1ef1 tin v\u00e0 theo \u0111u\u1ed5i \u01b0\u1edbc m\u01a1 c\u1ee7a h\u1ecd.<\/h3>\n<h2>\n\t\t\tT\u00ecm hi\u1ec3u v\u1ec1 Ch\u01b0\u01a1ng tr\u00ecnh Th\u00ed \u0111i\u1ec3m H\u1ecdc gi\u1ea3 C\u1ed9ng \u0111\u1ed3ng\t<\/h2>\n\t<p>Community Scholars l\u00e0 s\u1ef1 h\u1ee3p t\u00e1c v\u1edbi Tr\u01b0\u1eddng Gi\u00e1o d\u1ee5c v\u00e0 Ch\u00ednh s\u00e1ch X\u00e3 h\u1ed9i c\u1ee7a \u0110\u1ea1i h\u1ecdc Northwestern v\u00e0 \u0111\u01b0\u1ee3c h\u1ed7 tr\u1ee3 t\u1eeb Tr\u01b0\u1eddng C\u00f4ng l\u1eadp Chicago v\u00e0 Qu\u1eadn 65 Evanston\/Skokie. Ch\u01b0\u01a1ng tr\u00ecnh \u0111\u01b0\u1ee3c thi\u1ebft k\u1ebf \u0111\u1ec3 \u0111\u01b0a ch\u01b0\u01a1ng tr\u00ecnh \u0111\u1ebfn c\u00e1c tr\u01b0\u1eddng h\u1ecdc l\u00e2n c\u1eadn v\u00e0 ti\u1ebfp c\u1eadn nhi\u1ec1u h\u1ecdc sinh h\u01a1n tr\u00ean kh\u1eafp Chicago.<\/p>\n\t\t\t<a href=\"https:\/\/highjumpchicago.org\/vi\/program-overview\/community-scholars\/\"  target=\"_self\">\n\t\t\t\t\t\t\tT\u00ecm hi\u1ec3u th\u00eam\n\t\t\t\t\t<\/a>\n<figure data-animation-delay=\"1\" data-animation-duration=\"1\" itemscope itemtype=\"https:\/\/schema.org\/ImageObject\">\n\t\t\t\t<img decoding=\"async\" src=\"https:\/\/highjumpchicago.org\/wp-content\/uploads\/2022\/02\/IMG_7924-scaled.jpg\" alt=\"IMG_7924\" height=\"1536\" width=\"2048\" title=\"IMG_7924\" onerror=\"this.style.display='none'\" loading=\"lazy\" \/>\n\t<\/figure>","protected":false},"excerpt":{"rendered":"<p>Trang ch\u1ee7 &gt; Ch\u01b0\u01a1ng tr\u00ecnh c\u1ee7a ch\u00fang t\u00f4i &gt; B\u1ed3i d\u01b0\u1ee1ng h\u1ecdc thu\u1eadt &gt; H\u1ed7 tr\u1ee3 c\u1ea3m x\u00fac x\u00e3 h\u1ed9i &gt; Chuy\u1ec3n ti\u1ebfp l\u00ean trung h\u1ecdc. High Jump gi\u00fap h\u1ecdc sinh trung h\u1ecdc c\u01a1 s\u1edf t\u1ea1i Chicago tr\u1edf th\u00e0nh nh\u1eefng nh\u00e0 l\u00e3nh \u0111\u1ea1o to\u00e0n di\u1ec7n th\u00f4ng qua c\u00e1c ch\u01b0\u01a1ng tr\u00ecnh mi\u1ec5n ph\u00ed h\u1ecdc ph\u00ed v\u1edbi nh\u1eefng tr\u1ea3i nghi\u1ec7m, ngu\u1ed3n l\u1ef1c v\u00e0 h\u1ed7 tr\u1ee3 gi\u00e1o d\u1ee5c \u0111\u1ed9c \u0111\u00e1o d\u00e0nh cho c\u00e1c em h\u1ecdc sinh l\u1edbp 7 v\u00e0 8 ham h\u1ecdc h\u1ecfi v\u00e0 c\u00f3 \u0111\u1ed9ng l\u1ef1c mu\u1ed1n th\u1eed th\u00e1ch b\u1ea3n th\u00e2n v\u1ec1 m\u1eb7t h\u1ecdc thu\u1eadt. \u0110i\u1ec1u g\u00ec l\u00e0m n\u00ean m\u1ed9t h\u1ecdc sinh xu\u1ea5t s\u1eafc? \u0110\u00f3 l\u00e0 t\u00ecnh y\u00eau h\u1ecdc h\u1ecfi\u2026<\/p>","protected":false},"author":7,"featured_media":130277,"parent":0,"menu_order":3,"comment_status":"closed","ping_status":"closed","template":"","meta":{"_seopress_robots_primary_cat":"","_seopress_titles_title":"","_seopress_titles_desc":"","_seopress_robots_index":"","inline_featured_image":false,"footnotes":""},"class_list":["post-52","page","type-page","status-publish","has-post-thumbnail","hentry"],"_links":{"self":[{"href":"https:\/\/highjumpchicago.org\/vi\/wp-json\/wp\/v2\/pages\/52","targetHints":{"allow":["GET"]}}],"collection":[{"href":"https:\/\/highjumpchicago.org\/vi\/wp-json\/wp\/v2\/pages"}],"about":[{"href":"https:\/\/highjumpchicago.org\/vi\/wp-json\/wp\/v2\/types\/page"}],"author":[{"embeddable":true,"href":"https:\/\/highjumpchicago.org\/vi\/wp-json\/wp\/v2\/users\/7"}],"replies":[{"embeddable":true,"href":"https:\/\/highjumpchicago.org\/vi\/wp-json\/wp\/v2\/comments?post=52"}],"version-history":[{"count":7,"href":"https:\/\/highjumpchicago.org\/vi\/wp-json\/wp\/v2\/pages\/52\/revisions"}],"predecessor-version":[{"id":159392,"href":"https:\/\/highjumpchicago.org\/vi\/wp-json\/wp\/v2\/pages\/52\/revisions\/159392"}],"wp:featuredmedia":[{"embeddable":true,"href":"https:\/\/highjumpchicago.org\/vi\/wp-json\/wp\/v2\/media\/130277"}],"wp:attachment":[{"href":"https:\/\/highjumpchicago.org\/vi\/wp-json\/wp\/v2\/media?parent=52"}],"curies":[{"name":"wp","href":"https:\/\/api.w.org\/{rel}","templated":true}]}}