{"id":53,"date":"2018-10-08T01:58:01","date_gmt":"2018-10-08T06:58:01","guid":{"rendered":"https:\/\/d46e648428.nxcli.io\/?page_id=39"},"modified":"2024-06-21T15:00:47","modified_gmt":"2024-06-21T20:00:47","slug":"partners","status":"publish","type":"page","link":"https:\/\/highjumpchicago.org\/vi\/about\/partners\/","title":{"rendered":"\u0111\u1ed1i t\u00e1c"},"content":{"rendered":"<nav  aria-label=\"v\u1ee5n b\u00e1nh m\u00ec\"><ol itemscope itemtype=\"https:\/\/schema.org\/BreadcrumbList\"><li itemprop=\"itemListElement\" itemscope itemtype=\"https:\/\/schema.org\/ListItem\"><a itemscope itemtype=\"http:\/\/schema.org\/WebPage\" itemprop=\"item\" itemid=\"https:\/\/highjumpchicago.org\" href=\"https:\/\/highjumpchicago.org\/vi\/\">Nh\u00e0<\/a><meta itemprop=\"position\" content=\"1\"\/><\/li><li itemprop=\"itemListElement\" itemscope itemtype=\"https:\/\/schema.org\/ListItem\"><a itemscope itemtype=\"http:\/\/schema.org\/WebPage\" itemprop=\"item\" itemid=\"https:\/\/highjumpchicago.org\/about\/\" href=\"https:\/\/highjumpchicago.org\/vi\/about\/\">V\u1ec1 ch\u00fang t\u00f4i<\/a><meta itemprop=\"position\" content=\"2\"\/><\/li><li aria-current=\"page\" itemprop=\"itemListElement\" itemscope itemtype=\"https:\/\/schema.org\/ListItem\">\u0111\u1ed1i t\u00e1c<meta itemprop=\"position\" content=\"3\"\/><\/li><\/ol><\/nav>\n<h2>\u0110\u1ed0I T\u00c1C KHU V\u1ef0C<\/h2>\n<p>Nh\u1ea3y cao di\u1ec5n ra trong khu\u00f4n vi\u00ean c\u1ee7a <strong>Tr\u01b0\u1eddng Latinh Chicago<\/strong>, <strong>Tr\u01b0\u1eddng Francis W. Parker<\/strong> v\u00e0 <strong>Tr\u01b0\u1eddng Ph\u00f2ng th\u00ed nghi\u1ec7m \u0110\u1ea1i h\u1ecdc Chicago<\/strong>. Tr\u01b0\u1eddng Latin \u1edf Chicago c\u0169ng l\u00e0 tr\u1ee5 s\u1edf ch\u00ednh c\u1ee7a High Jump.<\/p>\n<p>S\u1ef1 h\u1ed7 tr\u1ee3 b\u1eb1ng hi\u1ec7n v\u1eadt h\u00e0o ph\u00f3ng c\u1ee7a c\u00e1c \u0111\u1ed1i t\u00e1c tr\u01b0\u1eddng h\u1ecdc n\u00e0y l\u00e0 n\u1ec1n t\u1ea3ng cho m\u00f4 h\u00ecnh v\u00e0 th\u00e0nh c\u00f4ng c\u1ee7a High Jump. C\u00e1c \u0111\u1ed1i t\u00e1c c\u1ee7a ch\u00fang t\u00f4i l\u00e0m vi\u1ec7c v\u1edbi ch\u00fang t\u00f4i \u0111\u1ec3 t\u1ea1o c\u01a1 h\u1ed9i h\u1eefu h\u00ecnh h\u00e0ng tu\u1ea7n cho h\u00e0ng tr\u0103m thanh ni\u00ean Chicago.<\/p>\n        \t<a href=\"https:\/\/www.fwparker.org\/\" target=\"_self\" rel=\"noopener\">            \n\t\t\t\t\t\t<img decoding=\"async\" src=\"https:\/\/highjumpchicago.org\/wp-content\/uploads\/2018\/11\/parker-logo.jpg\" alt=\"Parker\" data-no-lazy=\"1\" \/>\t\t\t\t\t\n            <\/a>\t\t\n        \t<a href=\"https:\/\/www.latinschool.org\/\" target=\"_self\" rel=\"noopener\">            \n\t\t\t\t\t\t<img decoding=\"async\" src=\"https:\/\/highjumpchicago.org\/wp-content\/uploads\/2018\/11\/latin-logo.jpg\" alt=\"Latin School of Chicago\" data-no-lazy=\"1\" \/>\t\t\t\t\t\n            <\/a>\t\t\n        \t<a href=\"https:\/\/www.ucls.uchicago.edu\/\" target=\"_self\" rel=\"noopener\">            \n\t\t\t\t\t\t<img decoding=\"async\" src=\"https:\/\/highjumpchicago.org\/wp-content\/uploads\/2018\/11\/uofc-logo.jpg\" alt=\"The University of Chicago Laboratory Schools\" data-no-lazy=\"1\" \/>\t\t\t\t\t\n            <\/a>\t\t\n<h2>\u0110\u1ed0I T\u00c1C C\u1ed8NG \u0110\u1ed2NG<\/h2>\n<p>\u0110\u1ec3 \u0111\u1ea3m b\u1ea3o h\u1ecdc sinh c\u1ee7a ch\u00fang t\u00f4i \u0111\u01b0\u1ee3c k\u1ebft n\u1ed1i v\u1edbi c\u00e1c ngu\u1ed3n t\u00e0i nguy\u00ean t\u1ed1t nh\u1ea5t, High Jump h\u1ee3p t\u00e1c v\u1edbi c\u00e1c nh\u00e0 l\u00e3nh \u0111\u1ea1o trong l\u0129nh v\u1ef1c gi\u00e1o d\u1ee5c tr\u00ean kh\u1eafp Chicago. Ch\u00fang t\u00f4i t\u1ef1 h\u00e0o c\u00f3 m\u1ed1i quan h\u1ec7 ch\u1eb7t ch\u1ebd v\u1edbi c\u00e1c tr\u01b0\u1eddng h\u1ecdc v\u00e0 t\u1ed5 ch\u1ee9c c\u1ed9ng \u0111\u1ed3ng n\u00e0y, nh\u1eefng ng\u01b0\u1eddi \u0111\u00e3 gi\u00fap ch\u00fang t\u00f4i th\u1ef1c hi\u1ec7n c\u00f4ng vi\u1ec7c c\u1ee7a m\u00ecnh.<\/p>\n        \t<a href=\"https:\/\/careerspring.org\/students\/\" target=\"_self\" rel=\"noopener\">            \n\t\t\t\t\t\t<img decoding=\"async\" src=\"https:\/\/highjumpchicago.org\/wp-content\/uploads\/2022\/02\/logo-small-4-2.jpg\" alt=\"https:\/\/highjumpchicago.org\/wp-content\/uploads\/2022\/02\/logo-small-4-2.jpg\" data-no-lazy=\"1\" \/>\t\t\t\t\t\n            <\/a>\t\t\n        \t<a href=\"https:\/\/www.cps.edu\/\" target=\"_self\" rel=\"noopener\">            \n\t\t\t\t\t\t<img decoding=\"async\" src=\"https:\/\/highjumpchicago.org\/wp-content\/uploads\/2018\/11\/cps-logo.jpg\" alt=\"Chicago Public Schools\" data-no-lazy=\"1\" \/>\t\t\t\t\t\n            <\/a>\t\t\n        \t<a href=\"https:\/\/www.dmsf.org\/\" target=\"_self\" rel=\"noopener\">            \n\t\t\t\t\t\t<img decoding=\"async\" src=\"https:\/\/highjumpchicago.org\/wp-content\/uploads\/2020\/10\/dmsf-300x60.png\" alt=\"https:\/\/highjumpchicago.org\/wp-content\/uploads\/2020\/10\/dmsf-300x60.png\" data-no-lazy=\"1\" \/>\t\t\t\t\t\n            <\/a>\t\t\n        \t<a href=\"https:\/\/www.facinghistory.org\/\" target=\"_self\" rel=\"noopener\">            \n\t\t\t\t\t\t<img decoding=\"async\" src=\"https:\/\/highjumpchicago.org\/wp-content\/uploads\/2024\/06\/FH_logo_RGB_teal-black.png\" alt=\"Facing History &#038; Ourselves logo\" data-no-lazy=\"1\" \/>\t\t\t\t\t\n            <\/a>","protected":false},"excerpt":{"rendered":"<p>Trang ch\u1ee7 Gi\u1edbi thi\u1ec7u \u0110\u1ed1i t\u00e1c \u0110\u1ed0I T\u00c1C C\u1ee6A CAMPUS High Jump di\u1ec5n ra trong khu\u00f4n vi\u00ean c\u1ee7a Tr\u01b0\u1eddng Latinh Chicago, Tr\u01b0\u1eddng Francis W. Parker v\u00e0 Tr\u01b0\u1eddng Ph\u00f2ng th\u00ed nghi\u1ec7m c\u1ee7a \u0110\u1ea1i h\u1ecdc Chicago. Tr\u01b0\u1eddng Latin \u1edf Chicago c\u0169ng l\u00e0 tr\u1ee5 s\u1edf ch\u00ednh c\u1ee7a High Jump. S\u1ef1 h\u1ed7 tr\u1ee3 b\u1eb1ng hi\u1ec7n v\u1eadt h\u00e0o ph\u00f3ng c\u1ee7a c\u00e1c \u0111\u1ed1i t\u00e1c tr\u01b0\u1eddng h\u1ecdc n\u00e0y l\u00e0 n\u1ec1n t\u1ea3ng cho m\u00f4 h\u00ecnh v\u00e0\u2026<\/p>","protected":false},"author":7,"featured_media":0,"parent":50,"menu_order":2,"comment_status":"closed","ping_status":"closed","template":"","meta":{"_seopress_robots_primary_cat":"","_seopress_titles_title":"","_seopress_titles_desc":"","_seopress_robots_index":"","inline_featured_image":false,"footnotes":""},"class_list":["post-53","page","type-page","status-publish","hentry"],"_links":{"self":[{"href":"https:\/\/highjumpchicago.org\/vi\/wp-json\/wp\/v2\/pages\/53","targetHints":{"allow":["GET"]}}],"collection":[{"href":"https:\/\/highjumpchicago.org\/vi\/wp-json\/wp\/v2\/pages"}],"about":[{"href":"https:\/\/highjumpchicago.org\/vi\/wp-json\/wp\/v2\/types\/page"}],"author":[{"embeddable":true,"href":"https:\/\/highjumpchicago.org\/vi\/wp-json\/wp\/v2\/users\/7"}],"replies":[{"embeddable":true,"href":"https:\/\/highjumpchicago.org\/vi\/wp-json\/wp\/v2\/comments?post=53"}],"version-history":[{"count":5,"href":"https:\/\/highjumpchicago.org\/vi\/wp-json\/wp\/v2\/pages\/53\/revisions"}],"predecessor-version":[{"id":41128,"href":"https:\/\/highjumpchicago.org\/vi\/wp-json\/wp\/v2\/pages\/53\/revisions\/41128"}],"up":[{"embeddable":true,"href":"https:\/\/highjumpchicago.org\/vi\/wp-json\/wp\/v2\/pages\/50"}],"wp:attachment":[{"href":"https:\/\/highjumpchicago.org\/vi\/wp-json\/wp\/v2\/media?parent=53"}],"curies":[{"name":"wp","href":"https:\/\/api.w.org\/{rel}","templated":true}]}}