{"id":5334,"date":"2022-10-31T15:40:24","date_gmt":"2022-10-31T20:40:24","guid":{"rendered":"https:\/\/d46e648428.nxcli.io\/?page_id=5334"},"modified":"2025-07-03T11:27:15","modified_gmt":"2025-07-03T16:27:15","slug":"celebration-of-high-jump","status":"publish","type":"page","link":"https:\/\/highjumpchicago.org\/vi\/donate\/ways-to-donate\/celebration-of-high-jump\/","title":{"rendered":"K\u1ef7 ni\u1ec7m nh\u1ea3y cao"},"content":{"rendered":"<nav  aria-label=\"v\u1ee5n b\u00e1nh m\u00ec\"><ol itemscope itemtype=\"https:\/\/schema.org\/BreadcrumbList\"><li itemprop=\"itemListElement\" itemscope itemtype=\"https:\/\/schema.org\/ListItem\"><a itemscope itemtype=\"https:\/\/schema.org\/WebPage\" itemprop=\"item\" itemid=\"https:\/\/highjumpchicago.org\" href=\"https:\/\/highjumpchicago.org\/vi\/\">Nh\u00e0<\/a><meta itemprop=\"position\" content=\"1\"\/><\/li><li itemprop=\"itemListElement\" itemscope itemtype=\"https:\/\/schema.org\/ListItem\"><a itemscope itemtype=\"https:\/\/schema.org\/WebPage\" itemprop=\"item\" itemid=\"https:\/\/highjumpchicago.org\/donate\/\" href=\"https:\/\/highjumpchicago.org\/vi\/donate\/\">Quy\u00ean t\u1eb7ng<\/a><meta itemprop=\"position\" content=\"2\"\/><\/li><li itemprop=\"itemListElement\" itemscope itemtype=\"https:\/\/schema.org\/ListItem\"><a itemscope itemtype=\"https:\/\/schema.org\/WebPage\" itemprop=\"item\" itemid=\"https:\/\/highjumpchicago.org\/donate\/ways-to-donate\/\" href=\"https:\/\/highjumpchicago.org\/vi\/donate\/ways-to-donate\/\">C\u00e1ch quy\u00ean g\u00f3p<\/a><meta itemprop=\"position\" content=\"3\"\/><\/li><li aria-current=\"page\" itemprop=\"itemListElement\" itemscope itemtype=\"https:\/\/schema.org\/ListItem\">K\u1ef7 ni\u1ec7m nh\u1ea3y cao<meta itemprop=\"position\" content=\"4\"\/><\/li><\/ol><\/nav>\n\t\t<iframe loading=\"lazy\" width=\"560\" height=\"315\" src=\"https:\/\/www.youtube.com\/embed\/aehKgXG0sl4\" title=\"tr\u00ecnh ph\u00e1t video YouTube\" frameborder=\"0\" allow=\"accelerometer; autoplay; clipboard-write; encrypted-media; gyroscope; picture-in-picture\" allowfullscreen><\/iframe>\t\n\t<h3>Xem to\u00e0n b\u1ed9 video gi\u1edbi thi\u1ec7u:<\/h3>\n<ul>\n<li>H\u1ecdc sinh v\u00e0 c\u1ef1u h\u1ecdc sinh Nh\u1ea3y cao<\/li>\n<li>Di\u1ec5n gi\u1ea3 ch\u00ednh v\u00e0 c\u1ef1u sinh vi\u00ean c\u1ee7a M\u00f9a xu\u00e2n C\u01a1 h\u1ed9i, Heidi Ortolaza-Alvear<\/li>\n<li>Gi\u1ea3i th\u01b0\u1edfng c\u1ef1u sinh vi\u00ean c\u1ee7a n\u0103m h\u00e0ng n\u0103m c\u1ee7a ch\u00fang t\u00f4i<\/li>\n<li>T\u1ea5t c\u1ea3 nh\u1eefng \u0111i\u1ec1u n\u00e0y v\u00e0 nhi\u1ec1u h\u01a1n n\u1eefa \u0111\u01b0\u1ee3c t\u1ed5 ch\u1ee9c b\u1edfi Gi\u00e1m \u0111\u1ed1c \u0111i\u1ec1u h\u00e0nh Nate Pietrini<\/li>\n<\/ul>\n\t<h3>Ho\u1eb7c ch\u1ecdn m\u1ed9t trong c\u00e1c ph\u00e2n kh\u00fac d\u01b0\u1edbi \u0111\u00e2y.<\/h3>\n\t<p><strong>Ho\u00e0n th\u00e0nh \u0110\u1ea1i h\u1ecdc &amp; Ph\u00e1t tri\u1ec3n<\/strong><\/p>\n\t\t<iframe loading=\"lazy\" width=\"560\" height=\"315\" src=\"https:\/\/www.youtube.com\/embed\/EMTXi6ujdcA\" title=\"tr\u00ecnh ph\u00e1t video YouTube\" frameborder=\"0\" allow=\"accelerometer; autoplay; clipboard-write; encrypted-media; gyroscope; picture-in-picture\" allowfullscreen><\/iframe>\t\n\t<p><strong>C\u00e2u chuy\u1ec7n c\u1ee7a Heidi<\/strong><\/p>\n\t\t<iframe loading=\"lazy\" width=\"560\" height=\"315\" src=\"https:\/\/www.youtube.com\/embed\/tKw16PLviYU\" title=\"tr\u00ecnh ph\u00e1t video YouTube\" frameborder=\"0\" allow=\"accelerometer; autoplay; clipboard-write; encrypted-media; gyroscope; picture-in-picture\" allowfullscreen><\/iframe>\t\n\t<p><strong>T\u00e1c \u0111\u1ed9ng c\u1ee7a Nh\u1ea3y cao<\/strong><\/p>\n\t\t<iframe loading=\"lazy\" width=\"560\" height=\"315\" src=\"https:\/\/www.youtube.com\/embed\/9kANPPvewOg\" title=\"tr\u00ecnh ph\u00e1t video YouTube\" frameborder=\"0\" allow=\"accelerometer; autoplay; clipboard-write; encrypted-media; gyroscope; picture-in-picture\" allowfullscreen><\/iframe>","protected":false},"excerpt":{"rendered":"<p>Trang ch\u1ee7 Quy\u00ean g\u00f3p C\u00e1c c\u00e1ch quy\u00ean g\u00f3p L\u1ec5 k\u1ef7 ni\u1ec7m Nh\u1ea3y cao Xem to\u00e0n b\u1ed9 video c\u00f3 s\u1ef1 tham gia c\u1ee7a: H\u1ecdc sinh v\u00e0 c\u1ef1u h\u1ecdc sinh Nh\u1ea3y cao Di\u1ec5n gi\u1ea3 ch\u00ednh v\u00e0 c\u1ef1u h\u1ecdc sinh c\u1ee7a ch\u01b0\u01a1ng tr\u00ecnh M\u00f9a xu\u00e2n c\u01a1 h\u1ed9i, Heidi Ortolaza-Alvear Gi\u1ea3i th\u01b0\u1edfng C\u1ef1u h\u1ecdc sinh c\u1ee7a n\u0103m th\u01b0\u1eddng ni\u00ean c\u1ee7a ch\u00fang t\u00f4i T\u1ea5t c\u1ea3 nh\u1eefng \u0111i\u1ec1u n\u00e0y v\u00e0 nhi\u1ec1u h\u01a1n n\u1eefa do T\u1ed5ng gi\u00e1m \u0111\u1ed1c \u0111i\u1ec1u h\u00e0nh Nate Pietrini t\u1ed5 ch\u1ee9c Ho\u1eb7c ch\u1ecdn m\u1ed9t trong c\u00e1c ph\u00e2n \u0111o\u1ea1n b\u00ean d\u01b0\u1edbi. Tr\u01b0\u1eddng cao \u0111\u1eb3ng\u2026<\/p>","protected":false},"author":7,"featured_media":0,"parent":1955,"menu_order":0,"comment_status":"closed","ping_status":"closed","template":"","meta":{"_seopress_robots_primary_cat":"","_seopress_titles_title":"","_seopress_titles_desc":"","_seopress_robots_index":"","inline_featured_image":false,"footnotes":""},"class_list":["post-5334","page","type-page","status-publish","hentry"],"_links":{"self":[{"href":"https:\/\/highjumpchicago.org\/vi\/wp-json\/wp\/v2\/pages\/5334","targetHints":{"allow":["GET"]}}],"collection":[{"href":"https:\/\/highjumpchicago.org\/vi\/wp-json\/wp\/v2\/pages"}],"about":[{"href":"https:\/\/highjumpchicago.org\/vi\/wp-json\/wp\/v2\/types\/page"}],"author":[{"embeddable":true,"href":"https:\/\/highjumpchicago.org\/vi\/wp-json\/wp\/v2\/users\/7"}],"replies":[{"embeddable":true,"href":"https:\/\/highjumpchicago.org\/vi\/wp-json\/wp\/v2\/comments?post=5334"}],"version-history":[{"count":4,"href":"https:\/\/highjumpchicago.org\/vi\/wp-json\/wp\/v2\/pages\/5334\/revisions"}],"predecessor-version":[{"id":105146,"href":"https:\/\/highjumpchicago.org\/vi\/wp-json\/wp\/v2\/pages\/5334\/revisions\/105146"}],"up":[{"embeddable":true,"href":"https:\/\/highjumpchicago.org\/vi\/wp-json\/wp\/v2\/pages\/1955"}],"wp:attachment":[{"href":"https:\/\/highjumpchicago.org\/vi\/wp-json\/wp\/v2\/media?parent=5334"}],"curies":[{"name":"wp","href":"https:\/\/api.w.org\/{rel}","templated":true}]}}