{"id":54,"date":"2018-10-08T01:58:13","date_gmt":"2018-10-08T01:58:13","guid":{"rendered":"https:\/\/d46e648428.nxcli.io\/?page_id=41"},"modified":"2024-11-08T13:25:35","modified_gmt":"2024-11-08T19:25:35","slug":"program-faq","status":"publish","type":"page","link":"https:\/\/highjumpchicago.org\/vi\/our-programs\/program-faq\/","title":{"rendered":"C\u00e2u h\u1ecfi th\u01b0\u1eddng g\u1eb7p v\u1ec1 ch\u01b0\u01a1ng tr\u00ecnh"},"content":{"rendered":"<nav  aria-label=\"v\u1ee5n b\u00e1nh m\u00ec\"><ol itemscope itemtype=\"https:\/\/schema.org\/BreadcrumbList\"><li itemprop=\"itemListElement\" itemscope itemtype=\"https:\/\/schema.org\/ListItem\"><a itemscope itemtype=\"https:\/\/schema.org\/WebPage\" itemprop=\"item\" itemid=\"https:\/\/highjumpchicago.org\" href=\"https:\/\/highjumpchicago.org\/vi\/\">Nh\u00e0<\/a><meta itemprop=\"position\" content=\"1\"\/><\/li><li itemprop=\"itemListElement\" itemscope itemtype=\"https:\/\/schema.org\/ListItem\"><a itemscope itemtype=\"https:\/\/schema.org\/WebPage\" itemprop=\"item\" itemid=\"https:\/\/highjumpchicago.org\/our-programs\/\" href=\"https:\/\/highjumpchicago.org\/vi\/our-programs\/\">ch\u01b0\u01a1ng tr\u00ecnh c\u1ee7a ch\u00fang t\u00f4i<\/a><meta itemprop=\"position\" content=\"2\"\/><\/li><li aria-current=\"page\" itemprop=\"itemListElement\" itemscope itemtype=\"https:\/\/schema.org\/ListItem\">C\u00e2u h\u1ecfi th\u01b0\u1eddng g\u1eb7p v\u1ec1 ch\u01b0\u01a1ng tr\u00ecnh<meta itemprop=\"position\" content=\"3\"\/><\/li><\/ol><\/nav>\n\t\t\t\tNh\u1ea3y cao l\u00e0 g\u00ec?\n\t\t\t\t<p>High Jump cung c\u1ea5p hai ch\u01b0\u01a1ng tr\u00ecnh mi\u1ec5n h\u1ecdc ph\u00ed v\u1edbi nh\u1eefng tr\u1ea3i nghi\u1ec7m c\u00f3 m\u1ed9t kh\u00f4ng hai, kh\u1ea3 n\u0103ng ti\u1ebfp c\u1eadn c\u00e1c ngu\u1ed3n l\u1ef1c v\u00e0 c\u01a1 h\u1ed9i gi\u00e1o d\u1ee5c d\u00e0nh cho h\u1ecdc sinh l\u1edbp 7 v\u00e0 l\u1edbp 8 \u0111\u00e1p \u1ee9ng ng\u01b0\u1ee1ng thu nh\u1eadp b\u1eaft bu\u1ed9c.<\/p>\n<p>C\u00e1c ch\u01b0\u01a1ng tr\u00ecnh c\u1ee7a ch\u00fang t\u00f4i \u0111\u01b0\u1ee3c thi\u1ebft k\u1ebf d\u00e0nh cho nh\u1eefng h\u1ecdc sinh t\u00f2 m\u00f2 v\u1ec1 tr\u00ed tu\u1ec7 v\u00e0 c\u00f3 \u0111\u1ed9ng l\u1ef1c h\u1ecdc t\u1eadp \u0111ang t\u00ecm ki\u1ebfm tr\u1ea3i nghi\u1ec7m \u1edf tr\u01b0\u1eddng trung h\u1ecdc s\u1ebd th\u00e1ch th\u1ee9c c\u00e1c em v\u1ec1 m\u1eb7t x\u00e3 h\u1ed9i v\u00e0 h\u1ecdc thu\u1eadt.<br \/>Nh\u1ea3y Cao l\u00e0 m\u1ed9t t\u1ed5 ch\u1ee9c phi l\u1ee3i nhu\u1eadn 501c(3).<\/p>\n\t\t\t\t\u0110i\u1ec1u g\u00ec l\u00e0m cho m\u1ed9t sinh vi\u00ean tr\u1edf th\u00e0nh m\u1ed9t h\u1ecdc gi\u1ea3?\u00a0\u00a0\n\t\t\t\t<p><strong>Y\u00eau th\u00edch h\u1ecdc t\u1eadp v\u00e0 mong mu\u1ed1n t\u00ecm ki\u1ebfm tr\u1ea3i nghi\u1ec7m \u0111\u1ec3 th\u1eed th\u00e1ch b\u1ea3n th\u00e2n v\u1ec1 m\u1eb7t x\u00e3 h\u1ed9i v\u00e0 h\u1ecdc thu\u1eadt.\u00a0<\/strong>H\u1ecdc sinh c\u1ee7a ch\u00fang t\u00f4i r\u1ea5t t\u00f2 m\u00f2 v\u1ec1 tr\u00ed tu\u1ec7 v\u00e0 c\u00f3 \u0111\u1ed9ng l\u1ef1c h\u1ecdc t\u1eadp; nhi\u1ec1u ng\u01b0\u1eddi l\u00e0 nh\u1eefng ng\u01b0\u1eddi \u0111\u1ea7u ti\u00ean trong gia \u0111\u00ecnh c\u1ee7a h\u1ecd theo h\u1ecdc \u0111\u1ea1i h\u1ecdc.<\/p>\n\t\t\t\tAi c\u00f3 th\u1ec3 \u00e1p d\u1ee5ng?\n\t\t\t\t<ul>\n<li>T\u1ea5t c\u1ea3 h\u1ecdc sinh hi\u1ec7n \u0111ang h\u1ecdc l\u1edbp 6<\/li>\n<li>H\u1ecdc sinh c\u00f3 \u0111i\u1ec3m trung b\u00ecnh B tr\u1edf l\u00ean (H\u1ecdc sinh c\u00f3 \u0111i\u1ec3m C v\u1eabn \u0111\u01b0\u1ee3c xem x\u00e9t v\u00e0 khuy\u1ebfn kh\u00edch n\u1ed9p \u0111\u01a1n)<\/li>\n<li>Nh\u1eefng ng\u01b0\u1eddi t\u00f2 m\u00f2 v\u1ec1 tr\u00ed tu\u1ec7 v\u00e0 c\u00f3 \u0111\u1ed9ng l\u1ef1c h\u1ecdc t\u1eadp<\/li>\n<li>H\u1ecdc sinh t\u00ecm ki\u1ebfm tr\u1ea3i nghi\u1ec7m \u1edf tr\u01b0\u1eddng trung h\u1ecdc s\u1ebd th\u00e1ch th\u1ee9c h\u1ecd v\u1ec1 m\u1eb7t x\u00e3 h\u1ed9i v\u00e0 h\u1ecdc t\u1eadp<\/li>\n<li>H\u1ecdc sinh ch\u1ee9ng minh \u0111\u01b0\u1ee3c nhu c\u1ea7u t\u00e0i ch\u00ednh<\/li>\n<\/ul>\n<p>High Jump nh\u1eadn h\u1ecdc sinh l\u00e0 h\u1ecdc sinh l\u1edbp 6, v\u00e0 c\u00e1c em b\u1eaft \u0111\u1ea7u ch\u01b0\u01a1ng tr\u00ecnh v\u00e0o m\u00f9a h\u00e8 tr\u01b0\u1edbc l\u1edbp 7.\u00a0<strong>Nh\u1ea3y Cao kh\u00f4ng nh\u1eadn h\u1ed3 s\u01a1 c\u1ee7a h\u1ecdc sinh l\u1edbp 7 v\u00e0 l\u1edbp 8.<\/strong><\/p>\n\t\t\t\tTh\u1ebf n\u00e0o \u0111\u01b0\u1ee3c coi l\u00e0 \u201cph\u01b0\u01a1ng ti\u1ec7n kinh t\u1ebf h\u1ea1n ch\u1ebf\u201d?\u00a0\u00a0\n\t\t\t\t<p>Ch\u00fang t\u00f4i th\u01b0\u1eddng xem x\u00e9t c\u00e1c gia \u0111\u00ecnh c\u00f3 thu nh\u1eadp $71.000 ho\u1eb7c th\u1ea5p h\u01a1n. N\u1ebfu b\u1ea1n ki\u1ebfm \u0111\u01b0\u1ee3c nhi\u1ec1u h\u01a1n th\u1ebf, nh\u00f3m c\u1ee7a ch\u00fang t\u00f4i s\u1ebd gi\u1edbi thi\u1ec7u \u0111\u1ebfn Illinois<br \/>Ti\u00eau ch\u00ed \u0111\u1ee7 \u0111i\u1ec1u ki\u1ec7n h\u01b0\u1edfng ch\u1ebf \u0111\u1ed9 \u0103n tr\u01b0a mi\u1ec5n ph\u00ed v\u00e0 gi\u1ea3m gi\u00e1 c\u1ee7a H\u1ed9i \u0111\u1ed3ng Gi\u00e1o d\u1ee5c \u0111\u1ec3 hi\u1ec3u r\u00f5 h\u01a1n v\u1ec1 \u0111i\u1ec1u ki\u1ec7n tham gia ch\u01b0\u01a1ng tr\u00ecnh.<\/p>\n\t\t\t\tL\u00e0m th\u1ebf n\u00e0o \u0111\u1ec3 \u00e1p d\u1ee5ng?\n\t\t\t\t<ul>\n<li>\u0110\u01a1n \u0111\u0103ng k\u00fd m\u1edf tr\u1ef1c tuy\u1ebfn v\u00e0o ng\u00e0y 2 th\u00e1ng 11 n\u0103m 2024<\/li>\n<li>N\u1ed9p \u0111\u01a1n tr\u01b0\u1edbc ng\u00e0y 21 th\u00e1ng 1 n\u0103m 2025<\/li>\n<li>Y\u00eau c\u1ea7u \u1ee9ng d\u1ee5ng bao g\u1ed3m:\n<ul>\n<li>1 b\u00e0i lu\u1eadn c\u00e1 nh\u00e2n<\/li>\n<li>H\u1ecdc b\u1ea1 l\u1edbp 5 &amp; l\u1edbp 6<\/li>\n<li>3 \u0110\u1ec1 xu\u1ea5t c\u1ee7a Gi\u00e1o vi\u00ean\/Nh\u00e0 tr\u01b0\u1eddng<\/li>\n<li>Khai thu\u1ebf n\u0103m 2023<\/li>\n<\/ul>\n<\/li>\n<\/ul>\n<p>Sau khi \u0111\u01a1n \u0111\u0103ng k\u00fd \u0111\u01b0\u1ee3c xem x\u00e9t, nh\u1eefng \u1ee9ng vi\u00ean \u0111\u1ee7 \u0111i\u1ec1u ki\u1ec7n s\u1ebd \u0111\u01b0\u1ee3c m\u1eddi ph\u1ecfng v\u1ea5n v\u00e0o th\u00e1ng 3. \u1ee8ng vi\u00ean l\u00e0<br \/>\u0111\u01b0\u1ee3c th\u00f4ng b\u00e1o ch\u1ea5p nh\u1eadn tr\u01b0\u1edbc th\u00e1ng 4\/th\u00e1ng 5.<\/p>\n\t\t\t\tKhi n\u00e0o l\u00e0 h\u1ea1n ch\u00f3t n\u1ed9p \u0111\u01a1n?\u00a0\u00a0\n\t\t\t\t<p>H\u1ea1n ch\u00f3t n\u1ed9p \u0111\u01a1n l\u00e0 Th\u1ee9 Ba, ng\u00e0y 21 th\u00e1ng 1 n\u0103m 2025. \u0110\u01a1n \u0111\u0103ng k\u00fd ch\u1ec9 c\u00f3 s\u1eb5n tr\u1ef1c tuy\u1ebfn. Vui l\u00f2ng truy c\u1eadp <a href=\"https:\/\/highjumpchicago.org\/vi\/our-programs\/scholars\/apply\/\">trang \u1ee9ng d\u1ee5ng<\/a>\u00a0\u0111\u1ec3 c\u1eadp nh\u1eadt v\u00e0 truy c\u1eadp \u1ee9ng d\u1ee5ng.<\/p>\n\t\t\t\tHigh Jump c\u00f3 ph\u1ea3i l\u00e0 d\u1ecbch v\u1ee5 gia s\u01b0 kh\u00f4ng?\n\t\t\t\t<p>High Jump KH\u00d4NG ph\u1ea3i l\u00e0 d\u1ecbch v\u1ee5 gia s\u01b0. Ch\u00fang t\u00f4i cung c\u1ea5p ch\u01b0\u01a1ng tr\u00ecnh b\u1ed3i d\u01b0\u1ee1ng h\u1ecdc thu\u1eadt nh\u1eb1m gi\u1edbi thi\u1ec7u cho h\u1ecdc sinh<br \/>nh\u1eefng \u00fd t\u01b0\u1edfng, k\u1ef9 n\u0103ng ho\u1eb7c ch\u1ee7 \u0111\u1ec1 m\u1edbi c\u00f3 th\u1ec3 gi\u00fap h\u1ecd ph\u00e1t tri\u1ec3n. H\u00e3y coi \u0111\u00f3 l\u00e0 nh\u1eefng ho\u1ea1t \u0111\u1ed9ng th\u00fa v\u1ecb v\u00e0 \u0111\u1ea7y th\u1eed th\u00e1ch h\u01a1n<br \/>l\u00e0m cho vi\u1ec7c h\u1ecdc tr\u1edf n\u00ean th\u00fa v\u1ecb!<\/p>\n\t\t\t\tH\u1ecdc sinh h\u1ecdc Nh\u1ea3y cao l\u00e0m g\u00ec?\n\t\t\t\t<p>H\u1ecdc sinh ti\u1ebfp x\u00fac v\u1edbi c\u00e1c kh\u00e1i ni\u1ec7m To\u00e1n v\u00e0 Khoa h\u1ecdc n\u00e2ng cao bao g\u1ed3m ti\u1ec1n \u0111\u1ea1i s\u1ed1, \u0111\u1ea1i s\u1ed1, H\u00f3a h\u1ecdc v\u00e0 V\u1eadt l\u00fd. H\u1ecd tham gia v\u00e0o c\u00e1c b\u00e0i t\u1eadp h\u1ecdc t\u1eadp v\u1ec1 c\u1ea3m x\u00fac x\u00e3 h\u1ed9i ch\u1eb3ng h\u1ea1n nh\u01b0 c\u00e1c v\u00f2ng n\u00f3i chuy\u1ec7n l\u1ea5y h\u1ecdc sinh l\u00e0m trung t\u00e2m. Ngo\u00e0i ra, c\u00e1c h\u1ecdc gi\u1ea3 tham gia th\u1ea3o lu\u1eadn s\u00f4i n\u1ed5i v\u00e0 tr\u1ea3 l\u1eddi b\u1eb1ng v\u0103n b\u1ea3n \u0111\u1ed1i v\u1edbi c\u00e1c b\u00e0i b\u00e1o, v\u0103n b\u1ea3n v\u00e0 ch\u1ee7 \u0111\u1ec1 li\u00ean quan \u0111\u1ebfn v\u0103n h\u00f3a.<\/p>\n\t\t\t\tGia \u0111\u00ecnh c\u00f3 ph\u1ea3i \u0111\u00f3ng ph\u00ed g\u00ec kh\u00f4ng?\u00a0\u00a0\n\t\t\t\t<p><strong>Kh\u00f4ng c\u00f3 chi ph\u00ed.<\/strong>\u00a0T\u1ea5t c\u1ea3 c\u00e1c t\u00e0i li\u1ec7u h\u1ecdc t\u1eadp cho ch\u01b0\u01a1ng tr\u00ecnh s\u1ebd \u0111\u01b0\u1ee3c cung c\u1ea5p. C\u00e1c ho\u1ea1t \u0111\u1ed9ng Nh\u1ea3y cao \u0111\u01b0\u1ee3c cung c\u1ea5p cho c\u00e1c h\u1ecdc gi\u1ea3 l\u00e0 ho\u00e0n to\u00e0n mi\u1ec5n ph\u00ed. \u0110i\u1ec1u n\u00e0y bao g\u1ed3m b\u1eefa s\u00e1ng v\u00e0 b\u1eefa tr\u01b0a h\u00e0ng ng\u00e0y, t\u1ea5t c\u1ea3 t\u00e0i li\u1ec7u h\u1ecdc t\u1eadp cho ch\u01b0\u01a1ng tr\u00ecnh, c\u00e1c chuy\u1ebfn \u0111i th\u1ef1c t\u1ebf, ho\u1ea1t \u0111\u1ed9ng v\u00e0 s\u1ef1 ki\u1ec7n.<\/p>\n\t\t\t\tCam k\u1ebft l\u00e0 g\u00ec v\u00e0 khi n\u00e0o h\u1ecdc sinh tham gia High Jump? High Jump l\u00e0 m\u1ed9t ch\u01b0\u01a1ng tr\u00ecnh k\u00e9o d\u00e0i hai n\u0103m. C\u00e1c cam k\u1ebft c\u00e1 nh\u00e2n v\u00e0 gia \u0111\u00ecnh n\u00ean \u0111\u01b0\u1ee3c s\u1eafp x\u1ebfp xung quanh c\u00e1c bu\u1ed5i h\u1ecdc.<br \/>\nH\u1ecdc sinh tham d\u1ef1 c\u00e1c l\u1edbp h\u1ecdc v\u00e0 c\u00e1c ho\u1ea1t \u0111\u1ed9ng kh\u00e1c c\u1ee7a ch\u01b0\u01a1ng tr\u00ecnh:\n<ul>\n<li>2-3 l\u1ea7n\/th\u00e1ng v\u00e0o c\u00e1c ng\u00e0y th\u1ee9 b\u1ea3y trong n\u0103m h\u1ecdc<\/li>\n<li>Tr\u1ecdn ng\u00e0y v\u00e0o m\u00f9a h\u00e8, t\u1eeb gi\u1eefa th\u00e1ng 6 \u0111\u1ebfn th\u00e1ng 7<\/li>\n<\/ul>\n<p>H\u1ecdc sinh ph\u1ea3i tham d\u1ef1 v\u00e0 chu\u1ea9n b\u1ecb cho m\u1ed7i l\u1edbp h\u1ecdc, ho\u00e0n th\u00e0nh t\u1ea5t c\u1ea3 c\u00e1c b\u00e0i t\u1eadp v\u1ec1 nh\u00e0 v\u00e0 t\u00edch c\u1ef1c tham gia v\u00e0o c\u00e1c cu\u1ed9c th\u1ea3o lu\u1eadn trong l\u1edbp v\u00e0 c\u00e1c d\u1ef1 \u00e1n nh\u00f3m.<\/p>\n\t\t\t\tNh\u1ea3y Cao \u1edf \u0111\u00e2u?\n\t\t\t\t<p>Ch\u01b0\u01a1ng tr\u00ecnh High Jump Scholars c\u00f3 ba \u0111\u1ecba \u0111i\u1ec3m \u1edf Chicago:<\/p>\n<ul>\n<li>Tr\u01b0\u1eddng Latinh Chicago (59 W. North Blvd)<\/li>\n<li>Tr\u01b0\u1eddng Francis W. Parker (330 W. Webster)<\/li>\n<li>Tr\u01b0\u1eddng Ph\u00f2ng th\u00ed nghi\u1ec7m \u0110\u1ea1i h\u1ecdc Chicago (1362 E. 59th Street)<\/li>\n<\/ul>\n\t\t\t\tPh\u01b0\u01a1ng ti\u1ec7n \u0111i l\u1ea1i c\u00f3 \u0111\u01b0\u1ee3c cung c\u1ea5p kh\u00f4ng?\u00a0\u00a0\n\t\t\t\t<p>Kh\u00f4ng, v\u1eadn chuy\u1ec3n kh\u00f4ng \u0111\u01b0\u1ee3c cung c\u1ea5p. Ph\u1ee5 huynh\/ng\u01b0\u1eddi gi\u00e1m h\u1ed9 ch\u1ecbu tr\u00e1ch nhi\u1ec7m \u0111\u01b0a \u0111\u00f3n con em m\u00ecnh \u0111\u1ebfn m\u1ed7i bu\u1ed5i h\u1ecdc Nh\u1ea3y cao. Nh\u1ea3y cao c\u00f3 th\u1ec3 cung c\u1ea5p t\u00f9y ch\u1ecdn v\u1eadn chuy\u1ec3n c\u1ee7a b\u00ean th\u1ee9 3 trong t\u01b0\u01a1ng lai. Tuy nhi\u00ean, ch\u00fang t\u00f4i y\u00eau c\u1ea7u ph\u1ee5 huynh\/ng\u01b0\u1eddi gi\u00e1m h\u1ed9 th\u1ef1c hi\u1ec7n cam k\u1ebft n\u00e0y \u0111\u1ec3 \u0111\u01b0a h\u1ecdc sinh c\u1ee7a h\u1ecd \u0111\u1ebfn v\u00e0 r\u1eddi kh\u1ecfi ch\u01b0\u01a1ng tr\u00ecnh.<\/p>\n\t\t\t\tHigh Jump c\u00f3 cung c\u1ea5p h\u1ecdc b\u1ed5ng trung h\u1ecdc kh\u00f4ng?\n\t\t\t\t<p>Ch\u00fang t\u00f4i kh\u00f4ng cung c\u1ea5p b\u1ea5t k\u1ef3 h\u1ecdc b\u1ed5ng n\u00e0o, tuy nhi\u00ean, nhi\u1ec1u h\u1ecdc sinh Nh\u1ea3y cao c\u1ee7a ch\u00fang t\u00f4i \u0111\u00e3 nh\u1eadn \u0111\u01b0\u1ee3c nh\u1eefng h\u1ecdc b\u1ed5ng tuy\u1ec7t v\u1eddi<br \/>c\u00e1c g\u00f3i h\u1ed7 tr\u1ee3 t\u00e0i ch\u00ednh v\u00e0\/ho\u1eb7c h\u1ecdc b\u1ed5ng nh\u01b0 Qu\u1ef9 h\u1ecdc b\u1ed5ng Daniel Murphy, HFS, v.v.!<\/p>","protected":false},"excerpt":{"rendered":"<p>Trang ch\u1ee7 Ch\u01b0\u01a1ng tr\u00ecnh c\u1ee7a ch\u00fang t\u00f4i Ch\u01b0\u01a1ng tr\u00ecnh C\u00e2u h\u1ecfi th\u01b0\u1eddng g\u1eb7p Nh\u1ea3y cao l\u00e0 g\u00ec? High Jump cung c\u1ea5p hai ch\u01b0\u01a1ng tr\u00ecnh mi\u1ec5n ph\u00ed v\u1edbi nh\u1eefng tr\u1ea3i nghi\u1ec7m c\u00f3 m\u1ed9t kh\u00f4ng hai, kh\u1ea3 n\u0103ng ti\u1ebfp c\u1eadn c\u00e1c ngu\u1ed3n t\u00e0i nguy\u00ean v\u00e0 c\u01a1 h\u1ed9i gi\u00e1o d\u1ee5c d\u00e0nh cho h\u1ecdc sinh l\u1edbp 7 v\u00e0 l\u1edbp 8 \u0111\u00e1p \u1ee9ng ng\u01b0\u1ee1ng thu nh\u1eadp b\u1eaft bu\u1ed9c. C\u00e1c ch\u01b0\u01a1ng tr\u00ecnh c\u1ee7a ch\u00fang t\u00f4i \u0111\u01b0\u1ee3c thi\u1ebft k\u1ebf d\u00e0nh cho nh\u1eefng h\u1ecdc sinh c\u00f3 tr\u00ed tu\u1ec7 t\u00f2 m\u00f2 v\u00e0 c\u00f3 \u0111\u1ed9ng l\u1ef1c h\u1ecdc t\u1eadp \u0111ang t\u00ecm ki\u1ebfm tr\u1ea3i nghi\u1ec7m \u1edf tr\u01b0\u1eddng trung h\u1ecdc s\u1ebd th\u1eed th\u00e1ch h\u1ecd\u2026<\/p>","protected":false},"author":7,"featured_media":0,"parent":52,"menu_order":3,"comment_status":"closed","ping_status":"closed","template":"","meta":{"_seopress_robots_primary_cat":"","_seopress_titles_title":"","_seopress_titles_desc":"","_seopress_robots_index":"","inline_featured_image":false,"footnotes":""},"class_list":["post-54","page","type-page","status-publish","hentry"],"_links":{"self":[{"href":"https:\/\/highjumpchicago.org\/vi\/wp-json\/wp\/v2\/pages\/54","targetHints":{"allow":["GET"]}}],"collection":[{"href":"https:\/\/highjumpchicago.org\/vi\/wp-json\/wp\/v2\/pages"}],"about":[{"href":"https:\/\/highjumpchicago.org\/vi\/wp-json\/wp\/v2\/types\/page"}],"author":[{"embeddable":true,"href":"https:\/\/highjumpchicago.org\/vi\/wp-json\/wp\/v2\/users\/7"}],"replies":[{"embeddable":true,"href":"https:\/\/highjumpchicago.org\/vi\/wp-json\/wp\/v2\/comments?post=54"}],"version-history":[{"count":5,"href":"https:\/\/highjumpchicago.org\/vi\/wp-json\/wp\/v2\/pages\/54\/revisions"}],"predecessor-version":[{"id":58874,"href":"https:\/\/highjumpchicago.org\/vi\/wp-json\/wp\/v2\/pages\/54\/revisions\/58874"}],"up":[{"embeddable":true,"href":"https:\/\/highjumpchicago.org\/vi\/wp-json\/wp\/v2\/pages\/52"}],"wp:attachment":[{"href":"https:\/\/highjumpchicago.org\/vi\/wp-json\/wp\/v2\/media?parent=54"}],"curies":[{"name":"wp","href":"https:\/\/api.w.org\/{rel}","templated":true}]}}