{"id":58,"date":"2018-10-08T01:59:14","date_gmt":"2018-10-08T06:59:14","guid":{"rendered":"https:\/\/d46e648428.nxcli.io\/?page_id=49"},"modified":"2026-02-14T13:46:31","modified_gmt":"2026-02-14T19:46:31","slug":"apply","status":"publish","type":"page","link":"https:\/\/highjumpchicago.org\/vi\/our-programs\/scholars\/apply\/","title":{"rendered":"\u1ee8ng d\u1ee5ng, c\u00e1c b\u01b0\u1edbc v\u00e0 m\u1ed1c th\u1eddi gian"},"content":{"rendered":"<nav  aria-label=\"v\u1ee5n b\u00e1nh m\u00ec\"><ol itemscope itemtype=\"https:\/\/schema.org\/BreadcrumbList\"><li itemprop=\"itemListElement\" itemscope itemtype=\"https:\/\/schema.org\/ListItem\"><a itemscope itemtype=\"https:\/\/schema.org\/WebPage\" itemprop=\"item\" itemid=\"https:\/\/highjumpchicago.org\" href=\"https:\/\/highjumpchicago.org\/vi\/\">Nh\u00e0<\/a><meta itemprop=\"position\" content=\"1\"\/><\/li><li itemprop=\"itemListElement\" itemscope itemtype=\"https:\/\/schema.org\/ListItem\"><a itemscope itemtype=\"https:\/\/schema.org\/WebPage\" itemprop=\"item\" itemid=\"https:\/\/highjumpchicago.org\/our-programs\/\" href=\"https:\/\/highjumpchicago.org\/vi\/our-programs\/\">ch\u01b0\u01a1ng tr\u00ecnh c\u1ee7a ch\u00fang t\u00f4i<\/a><meta itemprop=\"position\" content=\"2\"\/><\/li><li itemprop=\"itemListElement\" itemscope itemtype=\"https:\/\/schema.org\/ListItem\"><a itemscope itemtype=\"https:\/\/schema.org\/WebPage\" itemprop=\"item\" itemid=\"https:\/\/highjumpchicago.org\/our-programs\/scholars\/\" href=\"https:\/\/highjumpchicago.org\/vi\/our-programs\/scholars\/\">h\u1ecdc gi\u1ea3<\/a><meta itemprop=\"position\" content=\"3\"\/><\/li><li aria-current=\"page\" itemprop=\"itemListElement\" itemscope itemtype=\"https:\/\/schema.org\/ListItem\">\u1ee8ng d\u1ee5ng, c\u00e1c b\u01b0\u1edbc v\u00e0 m\u1ed1c th\u1eddi gian<meta itemprop=\"position\" content=\"4\"\/><\/li><\/ol><\/nav>\n\t<h1>\u0110\u1ee3t tuy\u1ec3n sinh n\u0103m h\u1ecdc 2025-2026 d\u00e0nh cho h\u1ecdc sinh l\u1edbp 6 hi\u1ec7n t\u1ea1i \u0111\u00e3 k\u1ebft th\u00fac. N\u1ebfu c\u00f3 b\u1ea5t k\u1ef3 th\u1eafc m\u1eafc n\u00e0o, vui l\u00f2ng g\u1eedi email cho ch\u00fang t\u00f4i theo \u0111\u1ecba ch\u1ec9: <a href=\"mailto:apply@highjumpchicago.org\" target=\"_blank\" rel=\"noopener\"><u>apply@highjumpchicago.org<\/u><\/a> \u0111\u1ec3 \u0111\u01b0\u1ee3c h\u1ed7 tr\u1ee3 th\u00eam.<\/h1>\n\t<h3>High Jump gi\u00fap h\u1ecdc sinh trung h\u1ecdc c\u01a1 s\u1edf Chicago ph\u00e1t tri\u1ec3n tr\u00ed t\u00f2 m\u00f2, s\u1ef1 t\u1ef1 tin v\u00e0 c\u00e1c k\u1ef9 n\u0103ng h\u1ecdc thu\u1eadt trong m\u1ed9t c\u1ed9ng \u0111\u1ed3ng ng\u01b0\u1eddi h\u1ecdc h\u1ed7 tr\u1ee3.<\/h3>\n\t<p>Ch\u01b0\u01a1ng tr\u00ecnh k\u00e9o d\u00e0i 2 n\u0103m, bao g\u1ed3m s\u00e1u tu\u1ea7n h\u1ecdc h\u00e8 h\u00e0ng ng\u00e0y v\u00e0 hai bu\u1ed5i h\u1ecdc v\u00e0o th\u1ee9 B\u1ea3y m\u1ed7i th\u00e1ng trong su\u1ed1t n\u0103m h\u1ecdc. H\u1ecdc sinh s\u1ebd \u0111\u01b0\u1ee3c h\u1ecdc t\u1eadp th\u00f4ng qua c\u00e1c ch\u01b0\u01a1ng tr\u00ecnh h\u1ecdc thu\u1eadt h\u1ea5p d\u1eabn, c\u00e1c b\u00e0i \u0111\u1ecdc li\u00ean quan \u0111\u1ebfn v\u0103n h\u00f3a v\u00e0 c\u00e1c ho\u1ea1t \u0111\u1ed9ng th\u1ef1c h\u00e0nh t\u1ea1i m\u1ed9t trong ba c\u01a1 s\u1edf \u0111\u1ed1i t\u00e1c c\u1ee7a ch\u00fang t\u00f4i: <strong>Tr\u01b0\u1eddng Latinh Chicago<\/strong>, <strong>Tr\u01b0\u1eddng Francis W. Parker<\/strong>, v\u00e0 <strong>Tr\u01b0\u1eddng Ph\u00f2ng th\u00ed nghi\u1ec7m \u0110\u1ea1i h\u1ecdc Chicago<\/strong>.<\/p>\n\t\t\t<a href=\"https:\/\/highjumpchicago.org\/vi\/our-programs\/scholars\/\"  target=\"_self\">\n\t\t\t\t\t\t\tT\u00ecm hi\u1ec3u th\u00eam v\u1ec1 H\u1ecdc gi\u1ea3 nh\u1ea3y cao\n\t\t\t\t\t<\/a>\n\t<p>D\u00e0nh cho sinh vi\u00ean tham d\u1ef1 <strong>Tr\u01b0\u1eddng ti\u1ec3u h\u1ecdc George B. Armstrong<\/strong> ho\u1eb7c <strong>Tr\u01b0\u1eddng ti\u1ec3u h\u1ecdc m\u1ef9 thu\u1eadt Philip Rogers<\/strong>, b\u1ea1n c\u00f3 th\u1ec3 quan t\u00e2m \u0111\u1ebfn ch\u01b0\u01a1ng tr\u00ecnh H\u1ecdc gi\u1ea3 c\u1ed9ng \u0111\u1ed3ng c\u1ee7a ch\u00fang t\u00f4i.<\/p>\n\t\t\t<a href=\"https:\/\/highjumpchicago.org\/vi\/our-programs\/community-scholars\/\"  target=\"_self\">\n\t\t\t\t\t\t\tT\u00ecm hi\u1ec3u v\u1ec1 H\u1ecdc gi\u1ea3 c\u1ed9ng \u0111\u1ed3ng\n\t\t\t\t\t<\/a>\n\t<p><i>S\u1eed d\u1ee5ng c\u00e1i n\u00e0y <strong>Danh s\u00e1ch ki\u1ec3m tra \u1ee9ng d\u1ee5ng nh\u1ea3y cao<\/strong> \u0111\u1ec3 theo d\u00f5i ti\u1ebfn \u0111\u1ed9 \u0111\u01a1n \u0111\u0103ng k\u00fd c\u1ee7a b\u1ea1n. <\/i><\/p>\n<figure itemscope itemtype=\"https:\/\/schema.org\/ImageObject\">\n\t\t\t\t<a href=\"https:\/\/highjumpchicago.org\/wp-content\/uploads\/2025\/10\/2025-26-Application-Checklist-Student-Friendly.pdf\"  target=\"_blank\" rel=\"noopener\"  itemprop=\"url\">\n\t\t\t\t<img decoding=\"async\" src=\"https:\/\/highjumpchicago.org\/wp-content\/uploads\/2024\/10\/Application-Checklist-Student-Friendly-232x300.jpg\" alt=\"Application Checklist (Student Friendly)\" height=\"300\" width=\"232\" title=\"Danh s\u00e1ch ki\u1ec3m tra \u1ee9ng d\u1ee5ng (Th\u00e2n thi\u1ec7n v\u1edbi sinh vi\u00ean)\" onerror=\"this.style.display='none'\" loading=\"lazy\" \/>\n\t\t\t\t<\/a>\n\t<\/figure>\n\t<a href=\"https:\/\/highjumpchicago.org\/wp-content\/uploads\/2025\/10\/2025-26-Application-Checklist-Student-Friendly.pdf\" target=\"_self\" role=\"button\" download=\"2025-26-Application-Checklist-Student-Friendly.pdf\" aria-label=\"T\u1ea2I XU\u1ed0NG DANH S\u00c1CH KI\u1ec2M TRA C\u1ee6A T\u00d4I\">\n\t\t\t\t\t\tT\u1ea2I XU\u1ed0NG DANH S\u00c1CH KI\u1ec2M TRA C\u1ee6A T\u00d4I\n\t\t\t<\/a>\n<h1>\n\t\t\tH\u01b0\u1edbng d\u1eabn \u0111\u0103ng k\u00fd nh\u1ea3y cao\t<\/h1>\n\t<h3>T\u00ecm hi\u1ec3u v\u1ec1 quy tr\u00ecnh n\u1ed9p \u0111\u01a1n, kh\u00e1m ph\u00e1 c\u00e1c h\u1ea1n ch\u00f3t quan tr\u1ecdng v\u00e0 truy c\u1eadp c\u00e1c ngu\u1ed3n l\u1ef1c h\u1ed7 tr\u1ee3 b\u1ea1n n\u1ed9p \u0111\u01a1n. High Jump l\u00e0 n\u01a1i nh\u1eefng sinh vi\u00ean n\u0103ng \u0111\u1ed9ng b\u1eaft \u0111\u1ea7u h\u00e0nh tr\u00ecnh h\u01b0\u1edbng t\u1edbi s\u1ef1 ph\u00e1t tri\u1ec3n h\u1ecdc thu\u1eadt v\u00e0 kh\u1ea3 n\u0103ng l\u00e3nh \u0111\u1ea1o. <\/h3>\n\t\t\t\t\t\t\t\t\t\t\t\t\t\t\t\t\t\t\t<p>Ng\u00e0y 25 th\u00e1ng 10 n\u0103m 2025 \u2013 Ng\u00e0y 20 th\u00e1ng 1 n\u0103m 2026<\/p>\n\t\t\t\t\t\t\t\t\t\t\t\t\t\t\t\t\t\t\t\t\t\t\t<h4>\u1ee8ng d\u1ee5ng m\u1edf<\/h4> \t\t\t\t\t\t\t\t\t\t\t\n\t\t\t\t\t\t\t\t\t\t\t\t\t\t\t\t\t\t\t\t\t\t\t\t\t\t\t\t\t\t\t\t\t\t\t\t\t\t\t\t\t\t\t\t\t\t\t\t\t\t\t\t\t\t\t\t<ul><li>H\u1ecdc sinh hi\u1ec7n \u0111ang \u1edf <b>L\u1edbp 6<\/b> c\u00f3 th\u1ec3 \u00e1p d\u1ee5ng.<\/li><li>Thu th\u1eadp t\u1ea5t c\u1ea3 c\u00e1c t\u00e0i li\u1ec7u:<ul><li><b>Vi\u1ebft b\u00e0i lu\u1eadn c\u1ee7a b\u1ea1n!<\/b> Ch\u1ecdn m\u1ed9t trong nh\u1eefng l\u1eddi nh\u1eafc \u0111\u01b0\u1ee3c li\u1ec7t k\u00ea trong \u1ee9ng d\u1ee5ng.<ul><li><strong>Y\u00eau c\u1ea7u #1:<\/strong> Ai l\u00e0 ng\u01b0\u1eddi, d\u00f9 c\u00f3 th\u1eadt hay h\u01b0 c\u1ea5u, \u0111\u00e3 truy\u1ec1n c\u1ea3m h\u1ee9ng cho b\u1ea1n trong n\u0103m nay? H\u00e3y chia s\u1ebb 2-3 l\u00fd do t\u1ea1i sao h\u1ecd truy\u1ec1n c\u1ea3m h\u1ee9ng cho b\u1ea1n v\u00e0 c\u00e1ch h\u1ecd \u0111\u00e3 gi\u00fap b\u1ea1n thay \u0111\u1ed5i suy ngh\u0129 v\u1ec1 vi\u1ec7c h\u1ecdc t\u1eadp ho\u1eb7c kh\u00f4ng b\u1ecf cu\u1ed9c.<\/li><li><strong>Y\u00eau c\u1ea7u #2:<\/strong> Nh\u1ea3y cao l\u00e0 ch\u01b0\u01a1ng tr\u00ecnh d\u00e0nh cho nh\u1eefng h\u1ecdc sinh lu\u00f4n n\u1ed7 l\u1ef1c d\u00f9 g\u1eb7p kh\u00f3 kh\u0103n, th\u00edch h\u1ecdc h\u1ecfi \u0111i\u1ec1u m\u1edbi v\u00e0 tin r\u1eb1ng m\u00ecnh c\u00f3 th\u1ec3 tr\u01b0\u1edfng th\u00e0nh nh\u1edd n\u1ed7 l\u1ef1c. B\u1ea1n c\u00f3 nh\u1eefng ph\u1ea9m ch\u1ea5t n\u00e0o cho th\u1ea5y m\u00ecnh s\u1eb5n s\u00e0ng cho th\u1eed th\u00e1ch n\u00e0y? H\u00e3y cho v\u00ed d\u1ee5 v\u1ec1 c\u00e1ch b\u1ea1n \u0111\u00e3 th\u1ec3 hi\u1ec7n nh\u1eefng ph\u1ea9m ch\u1ea5t n\u00e0y trong cu\u1ed9c s\u1ed1ng.<\/li><li><strong>Y\u00eau c\u1ea7u #3:<\/strong> N\u1ebfu b\u1ea1n c\u00f3 th\u1ec3 chia s\u1ebb m\u1ed9t b\u00e0i h\u1ecdc b\u1ea1n \u0111\u00e3 h\u1ecdc \u0111\u01b0\u1ee3c v\u1edbi b\u1ea3n th\u00e2n m\u00ecnh h\u1ed3i tr\u1ebb, \u0111\u00f3 s\u1ebd l\u00e0 g\u00ec? H\u00e3y \u0111\u01b0a ra 2-3 v\u00ed d\u1ee5 v\u1ec1 nh\u1eefng l\u1ea7n b\u00e0i h\u1ecdc n\u00e0y \u0111\u00e3 \u1ea3nh h\u01b0\u1edfng \u0111\u1ebfn c\u00e1ch b\u1ea1n h\u1ecdc t\u1eadp, \u0111\u1ed1i m\u1eb7t v\u1edbi th\u1eed th\u00e1ch ho\u1eb7c \u0111\u01b0a ra quy\u1ebft \u0111\u1ecbnh, v\u00e0 gi\u1ea3i th\u00edch c\u00e1ch n\u00f3 c\u00f3 th\u1ec3 \u0111\u1ecbnh h\u01b0\u1edbng b\u1ea1n trong t\u01b0\u01a1ng lai.<\/li><\/ul><\/li><li><b>Nh\u1eadn b\u1ea3ng b\u00e1o c\u00e1o c\u1ee7a b\u1ea1n:<\/b> Thu th\u1eadp b\u1ea3ng \u0111i\u1ec3m Qu\u00fd 1 l\u1edbp 6 v\u00e0 b\u1ea3ng \u0111i\u1ec3m \u0111\u1ea7y \u0111\u1ee7 l\u1edbp 5 c\u1ee7a b\u1ea1n.<\/li><li><b>Khuy\u1ebfn ngh\u1ecb c\u1ee7a gi\u00e1o vi\u00ean:<\/b> H\u00e3y cho gi\u00e1o vi\u00ean c\u1ee7a b\u1ea1n bi\u1ebft \u0111\u1ec3 ho\u00e0n th\u00e0nh m\u1eabu \u0111\u01a1n gi\u1edbi thi\u1ec7u.<\/li><li><b>Bi\u1ec3u m\u1eabu thu\u1ebf gia \u0111\u00ecnh:<\/b> Chu\u1ea9n b\u1ecb m\u1eabu \u0111\u01a1n thu\u1ebf m\u1edbi nh\u1ea5t c\u1ee7a gia \u0111\u00ecnh b\u1ea1n \u0111\u1ec3 x\u00e1c minh t\u00ednh \u0111\u1ee7 \u0111i\u1ec1u ki\u1ec7n.<\/li><\/ul><\/li><li>C\u1ea7n th\u00eam th\u00f4ng tin? H\u00e3y xem <b><a href=\"https:\/\/drive.google.com\/drive\/folders\/1-PfdGW1JueWDdA_my7zfYpvyXUwjFEIi?usp=sharing\"><u>B\u1ed9 c\u00f4ng c\u1ee5 th\u00f4ng tin nh\u1ea3y cao t\u1ea1i \u0111\u00e2y<\/u><\/a> \u0111\u1ec3 c\u00f3 nh\u1eefng ngu\u1ed3n t\u00e0i nguy\u00ean h\u1eefu \u00edch!<\/b><\/li><\/ul> \t\t\t\t\t\t\t\t\t\t\t\t\t\t\t\t\t\t\t\t\t\t\t\t\t\t\t\t\t\n\t\t\t\t\t\t\t\t\t\t\t\t\t\t\t\t\t\t\t<p>Th\u00e1ng 1 \u2013 Th\u00e1ng 3<\/p>\n\t\t\t\t\t\t\t\t\t\t\t\t\t\t\t\t\t\t\t\t\t\t\t<h4>\u0110\u00e1nh gi\u00e1 \u1ee9ng d\u1ee5ng<\/h4> \t\t\t\t\t\t\t\t\t\t\t\n\t\t\t\t\t\t\t\t\t\t\t\t\t\t\t\t\t\t\t\t\t\t\t\t\t\t\t\t\t\t\t\t\t\t\t\t\t\t\t\t\t\t\t\t\t\t\t\t\t\t\t\t\t\t\t\t<ul>\n<li>Nh\u00f3m c\u1ee7a ch\u00fang t\u00f4i s\u1ebd xem x\u00e9t c\u1ea9n th\u1eadn t\u1ea5t c\u1ea3 c\u00e1c \u0111\u01a1n \u0111\u0103ng k\u00fd.<\/li>\n<\/ul>\n\t\t\t\t\t\t\t\t\t\t\t\t\t\t\t\t\t\t\t<p>\u0110\u1ea7u th\u00e1ng 3<\/p>\n\t\t\t\t\t\t\t\t\t\t\t\t\t\t\t\t\t\t\t\t\t\t\t<h4>L\u1eddi m\u1eddi ph\u1ecfng v\u1ea5n<\/h4> \t\t\t\t\t\t\t\t\t\t\t\n\t\t\t\t\t\t\t\t\t\t\t\t\t\t\t\t\t\t\t\t\t\t\t\t\t\t\t\t\t\t\t\t\t\t\t\t\t\t\t\t\t\t\t\t\t\t\t\t\t\t\t\t\t\t\t\t<ul>\n<li>Nh\u1eefng sinh vi\u00ean \u0111\u1ee7 \u0111i\u1ec1u ki\u1ec7n s\u1ebd \u0111\u01b0\u1ee3c m\u1eddi v\u00e0o v\u00f2ng ti\u1ebfp theo: <b>ph\u1ecfng v\u1ea5n<\/b>.<\/li>\n<\/ul>\n\t\t\t\t\t\t\t\t\t\t\t\t\t\t\t\t\t\t\t<p>B\u01b0\u1edbc \u0111\u1ec1u<\/p>\n\t\t\t\t\t\t\t\t\t\t\t\t\t\t\t\t\t\t\t\t\t\t\t<h4>Ph\u1ecfng v\u1ea5n<\/h4> \t\t\t\t\t\t\t\t\t\t\t\n\t\t\t\t\t\t\t\t\t\t\t\t\t\t\t\t\t\t\t\t\t\t\t\t\t\t\t\t\t\t\t\t\t\t\t\t\t\t\t\t\t\t\t\t\t\t\t\t\t\t\t\t\t\t\t\t<ul>\n<li>H\u1ecdc sinh tham gia ph\u1ecfng v\u1ea5n.<\/li>\n<\/ul>\n\t\t\t\t\t\t\t\t\t\t\t\t\t\t\t\t\t\t\t<p>Th\u00e1ng t\u01b0<\/p>\n\t\t\t\t\t\t\t\t\t\t\t\t\t\t\t\t\t\t\t\t\t\t\t<h4>Th\u00f4ng b\u00e1o quy\u1ebft \u0111\u1ecbnh<\/h4> \t\t\t\t\t\t\t\t\t\t\t\n\t\t\t\t\t\t\t\t\t\t\t\t\t\t\t\t\t\t\t\t\t\t\t\t\t\t\t\t\t\t\t\t\t\t\t\t\t\t\t\t\t\t\t\t\t\t\t\t\t\t\t\t\t\t\t\t<li>Ch\u00fang t\u00f4i g\u1eedi quy\u1ebft \u0111\u1ecbnh cu\u1ed1i c\u00f9ng cho sinh vi\u00ean.<\/li>\n\t\t\t\t\t\t\t\t\t\t\t\t\t\t\t\t\t\t\t<p>Th\u00e1ng s\u00e1u<\/p>\n\t\t\t\t\t\t\t\t\t\t\t\t\t\t\t\t\t\t\t\t\t\t\t<h4>Ch\u01b0\u01a1ng tr\u00ecnh b\u1eaft \u0111\u1ea7u<\/h4> \t\t\t\t\t\t\t\t\t\t\t\n\t\t\t\t\t\t\t\t\t\t\t\t\t\t\t\t\t\t\t\t\t\t\t\t\t\t\t\t\t\t\t\t\t\t\t\t\t\t\t\t\t\t\t\t\t\t\t\t\t\t\t\t\t\t\t\t<ul><li>H\u1ecdc sinh \u0111\u01b0\u1ee3c ch\u1ea5p nh\u1eadn s\u1ebd b\u1eaft \u0111\u1ea7u <strong>Ch\u01b0\u01a1ng tr\u00ecnh nh\u1ea3y cao<\/strong> m\u00f9a h\u00e8 tr\u01b0\u1edbc khi h\u1ecd <strong>N\u0103m l\u1edbp 7!<\/strong><\/li><\/ul>","protected":false},"excerpt":{"rendered":"<p>Trang ch\u1ee7 Ch\u01b0\u01a1ng tr\u00ecnh c\u1ee7a ch\u00fang t\u00f4i H\u1ecdc b\u1ed5ng \u0110\u01a1n \u0111\u0103ng k\u00fd, C\u00e1c b\u01b0\u1edbc &amp; Th\u1eddi gian bi\u1ec3u \u0110\u01a1n \u0111\u0103ng k\u00fd n\u0103m h\u1ecdc 2025-2026 d\u00e0nh cho h\u1ecdc sinh l\u1edbp 6 hi\u1ec7n t\u1ea1i \u0111\u00e3 \u0111\u00f3ng. N\u1ebfu b\u1ea1n c\u00f3 b\u1ea5t k\u1ef3 c\u00e2u h\u1ecfi n\u00e0o, vui l\u00f2ng g\u1eedi email cho ch\u00fang t\u00f4i theo \u0111\u1ecba ch\u1ec9 apply@highjumpchicago.org \u0111\u1ec3 \u0111\u01b0\u1ee3c h\u1ed7 tr\u1ee3 th\u00eam. High Jump gi\u00fap h\u1ecdc sinh trung h\u1ecdc c\u01a1 s\u1edf Chicago ph\u00e1t tri\u1ec3n s\u1ef1 t\u00f2 m\u00f2, t\u1ef1 tin v\u00e0 k\u1ef9 n\u0103ng h\u1ecdc t\u1eadp trong m\u1ed9t c\u1ed9ng \u0111\u1ed3ng h\u1ecdc t\u1eadp h\u1ed7 tr\u1ee3. Ch\u01b0\u01a1ng tr\u00ecnh k\u00e9o d\u00e0i 2 n\u0103m\u2026<\/p>","protected":false},"author":7,"featured_media":130269,"parent":4338,"menu_order":2,"comment_status":"closed","ping_status":"closed","template":"","meta":{"_seopress_robots_primary_cat":"","_seopress_titles_title":"","_seopress_titles_desc":"","_seopress_robots_index":"","inline_featured_image":false,"footnotes":""},"class_list":["post-58","page","type-page","status-publish","has-post-thumbnail","hentry"],"_links":{"self":[{"href":"https:\/\/highjumpchicago.org\/vi\/wp-json\/wp\/v2\/pages\/58","targetHints":{"allow":["GET"]}}],"collection":[{"href":"https:\/\/highjumpchicago.org\/vi\/wp-json\/wp\/v2\/pages"}],"about":[{"href":"https:\/\/highjumpchicago.org\/vi\/wp-json\/wp\/v2\/types\/page"}],"author":[{"embeddable":true,"href":"https:\/\/highjumpchicago.org\/vi\/wp-json\/wp\/v2\/users\/7"}],"replies":[{"embeddable":true,"href":"https:\/\/highjumpchicago.org\/vi\/wp-json\/wp\/v2\/comments?post=58"}],"version-history":[{"count":10,"href":"https:\/\/highjumpchicago.org\/vi\/wp-json\/wp\/v2\/pages\/58\/revisions"}],"predecessor-version":[{"id":168327,"href":"https:\/\/highjumpchicago.org\/vi\/wp-json\/wp\/v2\/pages\/58\/revisions\/168327"}],"up":[{"embeddable":true,"href":"https:\/\/highjumpchicago.org\/vi\/wp-json\/wp\/v2\/pages\/4338"}],"wp:featuredmedia":[{"embeddable":true,"href":"https:\/\/highjumpchicago.org\/vi\/wp-json\/wp\/v2\/media\/130269"}],"wp:attachment":[{"href":"https:\/\/highjumpchicago.org\/vi\/wp-json\/wp\/v2\/media?parent=58"}],"curies":[{"name":"wp","href":"https:\/\/api.w.org\/{rel}","templated":true}]}}