{"id":5906,"date":"2022-11-07T10:07:19","date_gmt":"2022-11-07T16:07:19","guid":{"rendered":"https:\/\/d46e648428.nxcli.io\/?page_id=5906"},"modified":"2025-10-20T10:28:18","modified_gmt":"2025-10-20T15:28:18","slug":"employee-matching-gifts","status":"publish","type":"page","link":"https:\/\/highjumpchicago.org\/vi\/donate\/ways-to-donate\/employee-matching-gifts\/","title":{"rendered":"Qu\u00e0 t\u1eb7ng ph\u00f9 h\u1ee3p v\u1edbi nh\u00e2n vi\u00ean"},"content":{"rendered":"<nav  aria-label=\"v\u1ee5n b\u00e1nh m\u00ec\"><ol itemscope itemtype=\"https:\/\/schema.org\/BreadcrumbList\"><li itemprop=\"itemListElement\" itemscope itemtype=\"https:\/\/schema.org\/ListItem\"><a itemscope itemtype=\"https:\/\/schema.org\/WebPage\" itemprop=\"item\" itemid=\"https:\/\/highjumpchicago.org\" href=\"https:\/\/highjumpchicago.org\/vi\/\">Nh\u00e0<\/a><meta itemprop=\"position\" content=\"1\"\/><\/li><li itemprop=\"itemListElement\" itemscope itemtype=\"https:\/\/schema.org\/ListItem\"><a itemscope itemtype=\"https:\/\/schema.org\/WebPage\" itemprop=\"item\" itemid=\"https:\/\/highjumpchicago.org\/donate\/\" href=\"https:\/\/highjumpchicago.org\/vi\/donate\/\">Quy\u00ean t\u1eb7ng<\/a><meta itemprop=\"position\" content=\"2\"\/><\/li><li itemprop=\"itemListElement\" itemscope itemtype=\"https:\/\/schema.org\/ListItem\"><a itemscope itemtype=\"https:\/\/schema.org\/WebPage\" itemprop=\"item\" itemid=\"https:\/\/highjumpchicago.org\/donate\/ways-to-donate\/\" href=\"https:\/\/highjumpchicago.org\/vi\/donate\/ways-to-donate\/\">C\u00e1ch quy\u00ean g\u00f3p<\/a><meta itemprop=\"position\" content=\"3\"\/><\/li><li aria-current=\"page\" itemprop=\"itemListElement\" itemscope itemtype=\"https:\/\/schema.org\/ListItem\">Qu\u00e0 t\u1eb7ng ph\u00f9 h\u1ee3p v\u1edbi nh\u00e2n vi\u00ean<meta itemprop=\"position\" content=\"4\"\/><\/li><\/ol><\/nav>\n\t<h2>B\u1ea1n c\u00f3 bi\u1ebft r\u1eb1ng h\u00e0ng ngh\u00ecn c\u00f4ng ty ph\u00f9 h\u1ee3p v\u1edbi c\u00e1c kho\u1ea3n quy\u00ean g\u00f3p c\u1ee7a nh\u00e2n vi\u00ean cho c\u00e1c t\u1ed5 ch\u1ee9c nh\u01b0 Nh\u1ea3y cao kh\u00f4ng?<\/h2>\n<p><strong>C\u00f4ng ty c\u1ee7a b\u1ea1n c\u00f3 th\u1ec3 l\u00e0 m\u1ed9t trong nh\u1eefng c\u00f4ng ty c\u00f3 th\u1ec3 gi\u00fap nh\u00e2n l\u00ean t\u00e1c \u0111\u1ed9ng c\u1ee7a s\u1ef1 h\u1ed7 tr\u1ee3 v\u00e0 \u0111\u1ea7u t\u01b0 c\u1ee7a b\u1ea1n<\/strong> trong vi\u1ec7c gi\u00e1o d\u1ee5c c\u00e1c nh\u00e0 l\u00e3nh \u0111\u1ea1o t\u01b0\u01a1ng lai c\u1ee7a Chicago!<\/p>\n<p><strong>Vui l\u00f2ng s\u1eed d\u1ee5ng n\u00fat b\u00ean d\u01b0\u1edbi \u0111\u1ec3 xem c\u00f4ng ty c\u1ee7a b\u1ea1n c\u00f3 \u0111\u00f3ng g\u00f3p t\u01b0\u01a1ng \u1ee9ng hay kh\u00f4ng<\/strong> v\u00e0 \u0111\u1ec3 truy c\u1eadp c\u00e1c bi\u1ec3u m\u1eabu, nguy\u00ean t\u1eafc v\u00e0 h\u01b0\u1edbng d\u1eabn m\u00e0 b\u1ea1n c\u1ea7n \u0111\u1ec3 g\u1eedi m\u1ed9t m\u00f3n qu\u00e0 ph\u00f9 h\u1ee3p.<\/p>\n\t\t\t<a href=\"https:\/\/www.charitynavigator.org\/donor-basics\/giving-101\/employee-match-programs\/#:~:text=See%20if%20your%20employer%20will%20match%20your%20donation!\" target=\"_blank\" rel=\"noopener\">\n\t\t\t\t\t\t\tLi\u1ec7u ch\u1ee7 lao \u0111\u1ed9ng c\u1ee7a t\u00f4i c\u00f3 \u0110\u00c1P \u1ee8NG kho\u1ea3n quy\u00ean g\u00f3p c\u1ee7a t\u00f4i kh\u00f4ng? Nh\u1ea5p v\u00e0o \u0111\u00e2y \u0111\u1ec3 t\u00ecm hi\u1ec3u tr\u00ean Charity Navigator.\n\t\t\t\t\t<\/a>\n\t<p><strong>Th\u00f4ng tin nh\u1ea3y cao<\/strong><\/p>\n<p>Khi g\u1eedi m\u1ed9t m\u00f3n qu\u00e0 ph\u00f9 h\u1ee3p th\u00f4ng qua c\u00f4ng ty c\u1ee7a b\u1ea1n, b\u1ea1n c\u00f3 th\u1ec3 c\u1ea7n nh\u1eefng th\u00f4ng tin sau:<\/p>\n<strong>EIN c\u1ee7a ch\u00fang t\u00f4i:<\/strong><br \/>\n36-4470186\n<strong>\u0110\u1ecba ch\u1ec9 g\u1eedi th\u01b0 c\u1ee7a ch\u00fang t\u00f4i:<\/strong><br \/>\nNh\u1ea3y cao<br \/>\n820 W Jackson Blvd.<br \/>\nPh\u00f2ng 310<br \/>\nChicago, IL 60607\n<strong>Th\u00f4ng tin li\u00ean h\u1ec7 c\u1ee7a ch\u00fang t\u00f4i:<\/strong><br \/>\n\u0110i\u1ec7n tho\u1ea1i: (312) 582-7712<br \/>\nEmail: advance@highjumpchicago.org","protected":false},"excerpt":{"rendered":"<p>Trang ch\u1ee7 &gt; Quy\u00ean g\u00f3p &gt; C\u00e1c c\u00e1ch quy\u00ean g\u00f3p &gt; Ch\u01b0\u01a1ng tr\u00ecnh \u0111\u1ed1i \u1ee9ng quy\u00ean g\u00f3p c\u1ee7a nh\u00e2n vi\u00ean &gt; B\u1ea1n c\u00f3 bi\u1ebft r\u1eb1ng h\u00e0ng ng\u00e0n c\u00f4ng ty \u0111ang \u0111\u1ed1i \u1ee9ng c\u00e1c kho\u1ea3n quy\u00ean g\u00f3p c\u1ee7a nh\u00e2n vi\u00ean cho c\u00e1c t\u1ed5 ch\u1ee9c nh\u01b0 High Jump? C\u00f4ng ty c\u1ee7a b\u1ea1n c\u00f3 th\u1ec3 l\u00e0 m\u1ed9t trong nh\u1eefng c\u00f4ng ty gi\u00fap nh\u00e2n l\u00ean t\u00e1c \u0111\u1ed9ng c\u1ee7a s\u1ef1 h\u1ed7 tr\u1ee3 v\u00e0 \u0111\u1ea7u t\u01b0 c\u1ee7a b\u1ea1n v\u00e0o vi\u1ec7c gi\u00e1o d\u1ee5c c\u00e1c nh\u00e0 l\u00e3nh \u0111\u1ea1o t\u01b0\u01a1ng lai c\u1ee7a Chicago! Vui l\u00f2ng s\u1eed d\u1ee5ng n\u00fat\u2026<\/p>","protected":false},"author":7,"featured_media":0,"parent":1955,"menu_order":0,"comment_status":"closed","ping_status":"closed","template":"","meta":{"_seopress_robots_primary_cat":"","_seopress_titles_title":"","_seopress_titles_desc":"","_seopress_robots_index":"","inline_featured_image":false,"footnotes":""},"class_list":["post-5906","page","type-page","status-publish","hentry"],"_links":{"self":[{"href":"https:\/\/highjumpchicago.org\/vi\/wp-json\/wp\/v2\/pages\/5906","targetHints":{"allow":["GET"]}}],"collection":[{"href":"https:\/\/highjumpchicago.org\/vi\/wp-json\/wp\/v2\/pages"}],"about":[{"href":"https:\/\/highjumpchicago.org\/vi\/wp-json\/wp\/v2\/types\/page"}],"author":[{"embeddable":true,"href":"https:\/\/highjumpchicago.org\/vi\/wp-json\/wp\/v2\/users\/7"}],"replies":[{"embeddable":true,"href":"https:\/\/highjumpchicago.org\/vi\/wp-json\/wp\/v2\/comments?post=5906"}],"version-history":[{"count":5,"href":"https:\/\/highjumpchicago.org\/vi\/wp-json\/wp\/v2\/pages\/5906\/revisions"}],"predecessor-version":[{"id":130674,"href":"https:\/\/highjumpchicago.org\/vi\/wp-json\/wp\/v2\/pages\/5906\/revisions\/130674"}],"up":[{"embeddable":true,"href":"https:\/\/highjumpchicago.org\/vi\/wp-json\/wp\/v2\/pages\/1955"}],"wp:attachment":[{"href":"https:\/\/highjumpchicago.org\/vi\/wp-json\/wp\/v2\/media?parent=5906"}],"curies":[{"name":"wp","href":"https:\/\/api.w.org\/{rel}","templated":true}]}}