{"id":5930,"date":"2022-11-07T15:35:03","date_gmt":"2022-11-07T21:35:03","guid":{"rendered":"https:\/\/d46e648428.nxcli.io\/?page_id=5930"},"modified":"2025-07-11T15:57:34","modified_gmt":"2025-07-11T20:57:34","slug":"high-jump-endowment","status":"publish","type":"page","link":"https:\/\/highjumpchicago.org\/vi\/donate\/ways-to-donate\/high-jump-endowment\/","title":{"rendered":"N\u0103ng khi\u1ebfu nh\u1ea3y cao"},"content":{"rendered":"<nav  aria-label=\"v\u1ee5n b\u00e1nh m\u00ec\"><ol itemscope itemtype=\"https:\/\/schema.org\/BreadcrumbList\"><li itemprop=\"itemListElement\" itemscope itemtype=\"https:\/\/schema.org\/ListItem\"><a itemscope itemtype=\"https:\/\/schema.org\/WebPage\" itemprop=\"item\" itemid=\"https:\/\/highjumpchicago.org\" href=\"https:\/\/highjumpchicago.org\/vi\/\">Nh\u00e0<\/a><meta itemprop=\"position\" content=\"1\"\/><\/li><li itemprop=\"itemListElement\" itemscope itemtype=\"https:\/\/schema.org\/ListItem\"><a itemscope itemtype=\"https:\/\/schema.org\/WebPage\" itemprop=\"item\" itemid=\"https:\/\/highjumpchicago.org\/donate\/\" href=\"https:\/\/highjumpchicago.org\/vi\/donate\/\">Quy\u00ean t\u1eb7ng<\/a><meta itemprop=\"position\" content=\"2\"\/><\/li><li itemprop=\"itemListElement\" itemscope itemtype=\"https:\/\/schema.org\/ListItem\"><a itemscope itemtype=\"https:\/\/schema.org\/WebPage\" itemprop=\"item\" itemid=\"https:\/\/highjumpchicago.org\/donate\/ways-to-donate\/\" href=\"https:\/\/highjumpchicago.org\/vi\/donate\/ways-to-donate\/\">C\u00e1ch quy\u00ean g\u00f3p<\/a><meta itemprop=\"position\" content=\"3\"\/><\/li><li aria-current=\"page\" itemprop=\"itemListElement\" itemscope itemtype=\"https:\/\/schema.org\/ListItem\">N\u0103ng khi\u1ebfu nh\u1ea3y cao<meta itemprop=\"position\" content=\"4\"\/><\/li><\/ol><\/nav>\n\t\t\t\t<img decoding=\"async\" src=\"https:\/\/highjumpchicago.org\/wp-content\/uploads\/2023\/01\/Endowment_logo-e1674163343678-214x300.png\" alt=\"Endowment_logo\" itemprop=\"image\" height=\"300\" width=\"214\" title=\"Endowment_logo\" onerror=\"this.style.display='none'\" loading='lazy' \/>\n<h1>\n\t\t\tM\u1edf r\u1ed9ng n\u0103ng l\u1ef1c, t\u1ea1o c\u01a1 h\u1ed9i- Qu\u1ef9 t\u00e0i tr\u1ee3 c\u1ee7a High Jump \u0111\u1ec3 ph\u00e1t tri\u1ec3n v\u00e0 \u0111\u1ed5i m\u1edbi ch\u01b0\u01a1ng tr\u00ecnh\t<\/h1>\n\t<p><a href=\"https:\/\/highjumpchicago.org\/vi\/our-programs\/\">ch\u01b0\u01a1ng tr\u00ecnh c\u1ee7a ch\u00fang t\u00f4i<\/a> thu h\u1eb9p hi\u1ec7u qu\u1ea3 kho\u1ea3ng c\u00e1ch th\u00e0nh t\u00edch v\u00e0 c\u01a1 h\u1ed9i cho nh\u1eefng ng\u01b0\u1eddi tr\u1ebb tu\u1ed5i th\u1ec3 hi\u1ec7n tham v\u1ecdng h\u1ecdc t\u1eadp v\u00e0 xu\u1ea5t th\u00e2n t\u1eeb ph\u01b0\u01a1ng ti\u1ec7n kinh t\u1ebf h\u1ea1n ch\u1ebf. \u1ede m\u00f4n Nh\u1ea3y cao, ch\u00fang t\u00f4i <a href=\"https:\/\/highjumpchicago.org\/vi\/\">gi\u00fap ng\u01b0\u1eddi h\u1ecdc ph\u00e1t tri\u1ec3n c\u00e1c k\u1ef9 n\u0103ng h\u1ecd c\u1ea7n \u0111\u1ec3 ph\u00e1t tri\u1ec3n m\u1ea1nh \u1edf b\u1ea5t c\u1ee9 n\u01a1i n\u00e0o h\u1ecd \u0111\u1ebfn.<\/a> Ch\u01b0\u01a1ng tr\u00ecnh gi\u1ea3ng d\u1ea1y c\u1ee7a ch\u00fang t\u00f4i gi\u00fap h\u1ecdc sinh ti\u1ebfp x\u00fac v\u1edbi v\u0103n h\u1ecdc li\u00ean quan \u0111\u1ebfn v\u0103n h\u00f3a, h\u01b0\u1edbng d\u1eabn to\u00e1n nghi\u00eam ng\u1eb7t v\u00e0 h\u1ecdc t\u1eadp qua tr\u1ea3i nghi\u1ec7m \u0111\u1ec3 gi\u00fap c\u00e1c em chu\u1ea9n b\u1ecb cho tr\u01b0\u1eddng trung h\u1ecdc, \u0111\u1ea1i h\u1ecdc v\u00e0 h\u01a1n th\u1ebf n\u1eefa.<\/p>\n\t<ul>\n\t\t<li>\t\t\t\t\n\t\t<h3>H\u1eccC T\u1eacP N\u00c2NG CAO<\/h3><p><strong>Tr\u00ecnh \u0111\u1ed9 cao<\/strong> to\u00e1n h\u1ecdc, khoa h\u1ecdc, v\u0103n h\u1ecdc v\u00e0 nh\u00e2n v\u0103n <strong>c\u00e1c l\u1edbp h\u1ecdc<\/strong><\/p><\/li><li>\t\t\t\t\n\t\t<h3>H\u1eccC C\u1ea2M X\u00c3 H\u1ed8I-X\u00c3 H\u1ed8I<\/h3><p><strong>M\u00f4i tr\u01b0\u1eddng h\u1ed7 tr\u1ee3 v\u1ec1 m\u1eb7t c\u1ea3m x\u00fac<\/strong> d\u1ea1y c\u00e1c k\u1ef9 n\u0103ng phi nh\u1eadn th\u1ee9c c\u1ea7n thi\u1ebft \u0111\u1ec3 th\u00e0nh c\u00f4ng<\/p><\/li><li>\t\t\t\t\n\t\t<h3>CH\u1eccN TR\u01af\u1edcNG TRUNG H\u1eccC<\/h3><p><strong>H\u1ed7 tr\u1ee3 cho tr\u01b0\u1eddng trung h\u1ecdc<\/strong> bao g\u1ed3m c\u00e1c \u1ee9ng d\u1ee5ng, h\u1ed7 tr\u1ee3 t\u00e0i ch\u00ednh v\u00e0 h\u1ecdc b\u1ed5ng<\/p><\/li>\t<\/ul>\n\t<h3>C\u00e1c h\u1ecdc gi\u1ea3 v\u00e0 c\u1ef1u h\u1ecdc vi\u00ean nh\u1ea3y cao \u0111\u1ea1t \u0111\u01b0\u1ee3c nh\u1eefng m\u1ee5c ti\u00eau sau:<\/h3>\n\t\t<h1>0%<\/h1>\t\t\n\t\tc\u1ee7a c\u00e1c h\u1ecdc gi\u1ea3 Nh\u1ea3y cao <b>tr\u00fang tuy\u1ec3n v\u00e0o c\u00e1c tr\u01b0\u1eddng trung h\u1ecdc d\u1ef1 b\u1ecb \u0111\u1ea1i h\u1ecdc h\u00e0ng \u0111\u1ea7u kh\u1eaft khe<\/b>\t\n\t\t<h1>0%<\/h1>\t\t\n\t\tc\u1ee7a c\u1ef1u h\u1ecdc sinh Nh\u1ea3y Cao <strong>\u0110\u00e3 t\u1ed1t nghi\u1ec7p tr\u01b0\u1eddng trung h\u1ecdc ph\u1ed5 th\u00f4ng<\/><\/strong>\t\n\t\t<h1>0%<\/h1>\t\t\n\t\tc\u1ee7a c\u00e1c c\u1ef1u h\u1ecdc sinh Nh\u1ea3y Cao s\u1ebd l\u00e0 <b>ng\u01b0\u1eddi \u0111\u1ea7u ti\u00ean trong gia \u0111\u00ecnh h\u1ecd h\u1ecdc \u0111\u1ea1i h\u1ecdc<\/b>\t\n\t<h3>V\u00e0 c\u1ee9 m\u1ed7i n\u0103m Nh\u1ea3y Cao, \u0111i\u1ec3m ki\u1ec3m tra to\u00e1n v\u00e0 \u0111\u1ecdc c\u1ee7a c\u00e1c h\u1ecdc sinh c\u1ea3i thi\u1ec7n g\u1ea7n g\u1ea5p \u0111\u00f4i t\u1ef7 l\u1ec7 c\u1ee7a h\u1ecdc sinh trung h\u1ecdc c\u01a1 s\u1edf trung b\u00ecnh tr\u00ean to\u00e0n qu\u1ed1c.<\/h3>\n\t<h1>Endowment s\u1ebd gi\u00fap High Jump l\u00e0m g\u00ec?<\/h1>\n\t<p><img decoding=\"async\" role=\"img\" draggable=\"false\" src=\"https:\/\/s.w.org\/images\/core\/emoji\/14.0.0\/svg\/2714.svg\" alt=\"\u2714\" \/> Duy tr\u00ec s\u1ef1 ph\u00e1t tri\u1ec3n c\u1ee7a ch\u00fang t\u00f4i v\u00e0 h\u1ed7 tr\u1ee3 n\u1ec1n \u0111\u1ed9c l\u1eadp c\u1ee7a ch\u00fang t\u00f4i<\/p>\n<p><img decoding=\"async\" role=\"img\" draggable=\"false\" src=\"https:\/\/s.w.org\/images\/core\/emoji\/14.0.0\/svg\/2714.svg\" alt=\"\u2714\" \/> Ph\u00e1t tri\u1ec3n \u0111\u1ec3 ti\u1ebfp c\u1eadn m\u1ecdi sinh vi\u00ean \u0111\u1ee7 \u0111i\u1ec1u ki\u1ec7n \u1edf Chicago<\/p>\n<p><img decoding=\"async\" role=\"img\" draggable=\"false\" src=\"https:\/\/s.w.org\/images\/core\/emoji\/14.0.0\/svg\/2714.svg\" alt=\"\u2714\" \/> Nhanh nh\u1eb9n v\u00e0 nh\u1ea1y b\u00e9n v\u1edbi c\u00e1c c\u01a1 h\u1ed9i \u0111\u1ed5i m\u1edbi<\/p>\n\t<h3>\u201cC\u1ea3 hai ch\u00fang t\u00f4i \u0111\u1ec1u l\u1edbn l\u00ean trong nh\u1eefng gia \u0111\u00ecnh coi tr\u1ecdng gi\u00e1o d\u1ee5c nh\u01b0 m\u1ed9t con \u0111\u01b0\u1eddng thi\u1ebft y\u1ebfu d\u1eabn \u0111\u1ebfn t\u01b0\u01a1ng lai v\u00e0 \u0111\u00e3 tr\u1ef1c ti\u1ebfp tr\u1ea3i nghi\u1ec7m s\u1ef1 kh\u00e1c bi\u1ec7t m\u00e0 c\u00e1c c\u01a1 h\u1ed9i do m\u1ed9t n\u1ec1n gi\u00e1o d\u1ee5c ch\u1ea5t l\u01b0\u1ee3ng c\u00f3 th\u1ec3 mang l\u1ea1i \u2013 kh\u00f4ng ch\u1ec9 cho m\u1ed9t h\u1ecdc sinh m\u00e0 c\u00f2n cho c\u1ea3 gia \u0111\u00ecnh h\u1ecd. Trong th\u1eddi \u0111i\u1ec3m n\u00e0y, khi vi\u1ec7c \u0111\u1ea7u t\u01b0 v\u00e0o t\u01b0\u01a1ng lai c\u1ee7a nh\u1eefng ng\u01b0\u1eddi tr\u1ebb tu\u1ed5i c\u1ee7a ch\u00fang ta ch\u01b0a bao gi\u1edd quan tr\u1ecdng h\u01a1n th\u1ebf, ch\u00fang t\u00f4i mong m\u1ecdi ng\u01b0\u1eddi h\u00e3y suy ngh\u0129 v\u1ec1 vai tr\u00f2 c\u1ee7a gi\u00e1o d\u1ee5c \u0111\u1ed1i v\u1edbi th\u00e0nh c\u00f4ng c\u1ee7a ch\u00ednh h\u1ecd v\u00e0 tham gia c\u00f9ng ch\u00fang t\u00f4i \u0111\u1ec3 High Jump c\u00f3 th\u1ec3 ph\u1ee5c v\u1ee5 nhi\u1ec1u h\u1ecdc sinh h\u01a1n, nh\u1eefng ng\u01b0\u1eddi c\u00f3 th\u1ec3 nh\u1eadn \u0111\u01b0\u1ee3c nh\u1eefng l\u1ee3i \u00edch t\u01b0\u01a1ng t\u1ef1 v\u00e0 ph\u00e1t tri\u1ec3n th\u00e0nh nh\u1eefng nh\u00e0 l\u00e3nh \u0111\u1ea1o c\u1ee7a ng\u00e0y mai.\u201d<\/h3>\n<strong>Georgy Ann v\u00e0 Bill Peluchiwski<\/strong><br \/>\nQu\u1ef9 t\u00e0i tr\u1ee3 ph\u00f9 h\u1ee3p v\u1edbi c\u00e1c nh\u00e0 t\u00e0i tr\u1ee3\n\t\t\t\t<img decoding=\"async\" src=\"https:\/\/highjumpchicago.org\/wp-content\/uploads\/2022\/12\/HighJump_Headshots_2022-0028-7650-751x1024.jpg\" alt=\"\" itemprop=\"image\" height=\"1024\" width=\"751\" onerror=\"this.style.display='none'\" loading='lazy' \/>\n\t<strong>Qu\u1ef9 h\u1ed7 tr\u1ee3 High Jump c\u00f3 t\u00e1c d\u1ee5ng g\u00ec?<\/strong><br \/>\nQu\u1ef9 T\u00e0i tr\u1ee3 c\u1ee7a ch\u00fang t\u00f4i cung c\u1ea5p s\u1ef1 h\u1ed7 tr\u1ee3 c\u1ea7n thi\u1ebft \u0111\u1ec3 High Jump tr\u1edf n\u00ean linh ho\u1ea1t v\u00e0 nh\u1ea1y b\u00e9n v\u1edbi c\u00e1c c\u01a1 h\u1ed9i \u0111\u1ed5i m\u1edbi, ph\u1ee5c v\u1ee5 nhi\u1ec1u h\u1ecdc sinh h\u01a1n n\u1eefa. Trong n\u0103m n\u0103m t\u1edbi, ch\u00fang t\u00f4i c\u00f3 m\u1ed9t \u01b0u ti\u00ean chi\u1ebfn l\u01b0\u1ee3c l\u00e0 m\u1edf r\u1ed9ng c\u00e1c ch\u01b0\u01a1ng tr\u00ecnh H\u1ecdc gi\u1ea3 v\u00e0 H\u1ecdc gi\u1ea3 C\u1ed9ng \u0111\u1ed3ng \u0111\u1ec3 c\u00f3 th\u1ec3 ti\u1ebfp c\u1eadn nhi\u1ec1u h\u1ecdc sinh trung h\u1ecdc c\u01a1 s\u1edf h\u01a1n t\u1eeb nhi\u1ec1u khu v\u1ef1c l\u00e2n c\u1eadn tr\u00ean kh\u1eafp Chicago \u2013 v\u1edbi m\u1ee5c ti\u00eau m\u1ed9t ng\u00e0y n\u00e0o \u0111\u00f3 c\u00f3 th\u1ec3 ph\u1ee5c v\u1ee5 m\u1ecdi h\u1ecdc sinh quan t\u00e2m v\u00e0 \u0111\u1ee7 \u0111i\u1ec1u ki\u1ec7n! Vi\u1ec7c x\u00e2y d\u1ef1ng qu\u1ef9 t\u00e0i tr\u1ee3 n\u00e0y t\u1ea1o ra s\u1ef1 an to\u00e0n t\u00e0i ch\u00ednh l\u00e2u d\u00e0i cho High Jump, duy tr\u00ec s\u1ef1 ph\u00e1t tri\u1ec3n, h\u1ed7 tr\u1ee3 s\u1ef1 \u0111\u1ed9c l\u1eadp c\u1ee7a ch\u00fang t\u00f4i v\u00e0 gi\u00fap ch\u00fang t\u00f4i lu\u00f4n \u1edf \u0111\u00e2y v\u00ec th\u1ebf h\u1ec7 h\u1ecdc sinh ti\u1ebfp theo.\n<strong>M\u1ee5c ti\u00eau g\u00e2y qu\u1ef9 d\u00e0i h\u1ea1n c\u1ee7a High Jump Endowment l\u00e0 g\u00ec?<\/strong><br \/>\nHuy \u0111\u1ed9ng $5M ti\u1ec1n qu\u1ef9 trong v\u00e0i n\u0103m t\u1edbi, g\u1ea5p hai (2) l\u1ea7n ng\u00e2n s\u00e1ch ho\u1ea1t \u0111\u1ed9ng h\u00e0ng n\u0103m hi\u1ec7n t\u1ea1i c\u1ee7a High Jump. Trong N\u0103m t\u00e0i ch\u00ednh 2025, ch\u00fang t\u00f4i \u0111\u00e3 v\u01b0\u1ee3t qua ng\u01b0\u1ee1ng $1M, cho ph\u00e9p ch\u00fang t\u00f4i b\u1eaft \u0111\u1ea7u s\u1eed d\u1ee5ng qu\u1ef9 t\u00e0i tr\u1ee3 \u0111\u1ec3 h\u1ed7 tr\u1ee3 ng\u00e2n s\u00e1ch ho\u1ea1t \u0111\u1ed9ng.\n<strong>H\u00e3y cho t\u00f4i bi\u1ebft v\u1ec1 m\u00f3n qu\u00e0 th\u1eed th\u00e1ch c\u1ee7a gia \u0111\u00ecnh Peluchiwski<\/strong><br \/>\n\u0110\u1ec3 kh\u1edfi \u0111\u1ed9ng Qu\u1ef9 t\u00e0i tr\u1ee3, gia \u0111\u00ecnh Peluchiwski \u0111\u00e3 h\u00e0o ph\u00f3ng cam k\u1ebft \u0111\u00f3ng g\u00f3p $500.000 \u0111\u1ec3 khuy\u1ebfn kh\u00edch kh\u1edfi \u0111\u1ed9ng ch\u01b0\u01a1ng tr\u00ecnh t\u1eb7ng qu\u00e0 t\u00e0i tr\u1ee3.\n<ul>\n<li>$250.000 sau khi nh\u1eadn \u0111\u01b0\u1ee3c qu\u00e0 t\u1eb7ng ho\u1eb7c cam k\u1ebft c\u00f3 t\u1ed5ng tr\u1ecb gi\u00e1 $250.000 (\u0111\u00e3 v\u01b0\u1ee3t qua th\u1eed th\u00e1ch!)<\/li>\n<li>$250.000 sau khi 100% c\u1ee7a c\u00e1c th\u00e0nh vi\u00ean H\u1ed9i \u0111\u1ed3ng \u0111\u00e3 th\u1ef1c hi\u1ec7n m\u00f3n qu\u00e0 ho\u1eb7c cam k\u1ebft c\u1ee7a h\u1ecd (th\u1eed th\u00e1ch \u0111\u00e3 \u0111\u01b0\u1ee3c \u0111\u00e1p \u1ee9ng!)<\/li>\n<\/ul>\n<p><strong>B\u1ea1n c\u00f3 th\u1eafc m\u1eafc ho\u1eb7c mu\u1ed1n t\u00ecm hi\u1ec3u th\u00eam v\u1ec1 c\u00e1ch l\u00e0m qu\u00e0 t\u1eb7ng Endowment c\u1ee7a m\u00ecnh?<\/strong> Vui l\u00f2ng li\u00ean h\u1ec7 v\u1edbi Molly Gilbride, Gi\u00e1m \u0111\u1ed1c Ph\u00e1t tri\u1ec3n, t\u1ea1i <a href=\"mailto:mgilbride@highjumpchicago.org?subject=Endowment Gift Inquiry\">mgilbride@highjumpchicago.org<\/a>.<\/p>\n<h1>\n\t\t\tB\u00e1o c\u00e1o th\u01b0\u1eddng ni\u00ean v\u1ec1 Nh\u1ea3y cao\t<\/h1>\n\t<div class=\"_df_book df-lite\" id=\"df_60754\"  _slug=\"high-jump-annual-report-2021-2022-2\" data-title=\"high-jump-annual-report-2022-2023\" wpoptions=\"true\" thumbtype=\"\" ><\/div><script class=\"df-shortcode-script\" nowprocket type=\"application\/javascript\">window.option_df_60754 = {\"outline\":[],\"backgroundColor\":\"#2cafa4\",\"autoEnableOutline\":\"false\",\"autoEnableThumbnail\":\"false\",\"overwritePDFOutline\":\"false\",\"direction\":\"1\",\"pageSize\":\"0\",\"source\":\"https:\\\/\\\/highjumpchicago.org\\\/wp-content\\\/uploads\\\/2024\\\/11\\\/High-Jump-Annual-Report-2022-2023.pdf\",\"wpOptions\":\"true\"}; if(window.DFLIP && window.DFLIP.parseBooks){window.DFLIP.parseBooks();}<\/script>\n\t<h1>Khi ch\u00fang t\u00f4i n\u00f3i \u201c\u0111\u1ea7u t\u01b0\u201d, ch\u00fang t\u00f4i th\u1ef1c s\u1ef1 mu\u1ed1n n\u00f3i \u0111i\u1ec1u \u0111\u00f3.<\/h1>\n<h3>H\u00e0ng n\u0103m, h\u1ecdc gi\u1ea3 c\u1ee7a ch\u00fang t\u00f4i nh\u1eadn \u0111\u01b0\u1ee3c 300 gi\u1edd h\u1ecdc b\u1ed3i d\u01b0\u1ee1ng ki\u1ebfn th\u1ee9c mi\u1ec5n ph\u00ed, t\u01b0 v\u1ea5n c\u00e1 nh\u00e2n v\u00e0 h\u1ed7 tr\u1ee3 t\u1eadn t\u00ecnh.<\/h3>\n<h2>Ph\u1ea7n quan tr\u1ecdng nh\u1ea5t: n\u00f3 ho\u1ea1t \u0111\u1ed9ng.<\/h2>\n\t<h1>2 N\u0102M<\/h1>\n\t<p>t\u0103ng tr\u01b0\u1edfng h\u1ecdc thu\u1eadt <em>m\u1ed7i n\u0103m<\/em> m\u00f4n Nh\u1ea3y cao<\/p>\n\t\t\t\t\t<h1>0%<\/h1>\t\t\t\t\n\t\t\tc\u1ef1u h\u1ecdc sinh Nh\u1ea3y Cao hi\u1ec7n \u0111ang theo h\u1ecdc \u0111\u1ea1i h\u1ecdc\t\n\t\t\t<a href =\"https:\/\/highjumpchicago.org\/vi\/about\/impact\/\" target=\"_self\"  aria-label=\"Xem T\u00e1c \u0111\u1ed9ng c\u1ee7a ch\u00fang t\u00f4i \u0111\u1ec3 bi\u1ebft nh\u1eefng g\u00ec h\u1ecdc gi\u1ea3 c\u1ee7a ch\u00fang t\u00f4i \u0111\u00e3 \u0111\u1ea1t \u0111\u01b0\u1ee3c.\">\n\t\t\t\t\t\t\t\tXem T\u00e1c \u0111\u1ed9ng c\u1ee7a ch\u00fang t\u00f4i \u0111\u1ec3 xem nh\u1eefng g\u00ec c\u00e1c h\u1ecdc gi\u1ea3 c\u1ee7a ch\u00fang t\u00f4i \u0111\u00e3 \u0111\u1ea1t \u0111\u01b0\u1ee3c.\t\t\t\t\t\t\t\n\t\t\t\t\t\t<\/a>","protected":false},"excerpt":{"rendered":"<p>Trang ch\u1ee7 Quy\u00ean g\u00f3p C\u00e1c c\u00e1ch quy\u00ean g\u00f3p T\u00e0i tr\u1ee3 Nh\u1ea3y cao M\u1edf r\u1ed9ng N\u0103ng l\u1ef1c, T\u1ea1o c\u01a1 h\u1ed9i- Qu\u1ef9 t\u00e0i tr\u1ee3 c\u1ee7a Nh\u1ea3y cao \u0111\u1ec3 Ph\u00e1t tri\u1ec3n v\u00e0 \u0110\u1ed5i m\u1edbi Ch\u01b0\u01a1ng tr\u00ecnh C\u00e1c ch\u01b0\u01a1ng tr\u00ecnh c\u1ee7a ch\u00fang t\u00f4i thu h\u1eb9p kho\u1ea3ng c\u00e1ch th\u00e0nh t\u00edch v\u00e0 c\u01a1 h\u1ed9i m\u1ed9t c\u00e1ch hi\u1ec7u qu\u1ea3 cho nh\u1eefng ng\u01b0\u1eddi tr\u1ebb tu\u1ed5i c\u00f3 tham v\u1ecdng h\u1ecdc t\u1eadp v\u00e0 xu\u1ea5t ph\u00e1t t\u1eeb \u0111i\u1ec1u ki\u1ec7n kinh t\u1ebf h\u1ea1n ch\u1ebf. T\u1ea1i Nh\u1ea3y cao, ch\u00fang t\u00f4i gi\u00fap h\u1ecdc vi\u00ean ph\u00e1t tri\u1ec3n c\u00e1c k\u1ef9 n\u0103ng c\u1ea7n thi\u1ebft\u2026<\/p>","protected":false},"author":7,"featured_media":6999,"parent":1955,"menu_order":0,"comment_status":"closed","ping_status":"closed","template":"","meta":{"_seopress_robots_primary_cat":"","_seopress_titles_title":"","_seopress_titles_desc":"","_seopress_robots_index":"","inline_featured_image":false,"footnotes":""},"class_list":["post-5930","page","type-page","status-publish","has-post-thumbnail","hentry"],"_links":{"self":[{"href":"https:\/\/highjumpchicago.org\/vi\/wp-json\/wp\/v2\/pages\/5930","targetHints":{"allow":["GET"]}}],"collection":[{"href":"https:\/\/highjumpchicago.org\/vi\/wp-json\/wp\/v2\/pages"}],"about":[{"href":"https:\/\/highjumpchicago.org\/vi\/wp-json\/wp\/v2\/types\/page"}],"author":[{"embeddable":true,"href":"https:\/\/highjumpchicago.org\/vi\/wp-json\/wp\/v2\/users\/7"}],"replies":[{"embeddable":true,"href":"https:\/\/highjumpchicago.org\/vi\/wp-json\/wp\/v2\/comments?post=5930"}],"version-history":[{"count":5,"href":"https:\/\/highjumpchicago.org\/vi\/wp-json\/wp\/v2\/pages\/5930\/revisions"}],"predecessor-version":[{"id":106362,"href":"https:\/\/highjumpchicago.org\/vi\/wp-json\/wp\/v2\/pages\/5930\/revisions\/106362"}],"up":[{"embeddable":true,"href":"https:\/\/highjumpchicago.org\/vi\/wp-json\/wp\/v2\/pages\/1955"}],"wp:featuredmedia":[{"embeddable":true,"href":"https:\/\/highjumpchicago.org\/vi\/wp-json\/wp\/v2\/media\/6999"}],"wp:attachment":[{"href":"https:\/\/highjumpchicago.org\/vi\/wp-json\/wp\/v2\/media?parent=5930"}],"curies":[{"name":"wp","href":"https:\/\/api.w.org\/{rel}","templated":true}]}}