{"id":6175,"date":"2022-11-10T14:19:34","date_gmt":"2022-11-10T20:19:34","guid":{"rendered":"https:\/\/d46e648428.nxcli.io\/?page_id=6175"},"modified":"2024-04-05T09:17:23","modified_gmt":"2024-04-05T14:17:23","slug":"endowment-donation","status":"publish","type":"page","link":"https:\/\/highjumpchicago.org\/vi\/donate\/ways-to-donate\/endowment-donation\/","title":{"rendered":"Quy\u00ean g\u00f3p t\u00e0i tr\u1ee3"},"content":{"rendered":"<h2>\n\t\t\u0110\u00f3ng g\u00f3p c\u1ee7a b\u1ea1n trong h\u00e0nh \u0111\u1ed9ng\n\t<\/h2>\n\t<ul>\n\t\t<li>\t\t\t\t\n\t\t<h3>L\u00e0m gi\u00e0u h\u1ecdc thu\u1eadt mi\u1ec5n ph\u00ed<\/h3><\/li><li>\t\t\t\t\n\t\t<h3>\u0110\u1ed3 \u0103n nh\u1eb9 v\u00e0 b\u1eefa \u0103n cho h\u1ecdc sinh<\/h3><\/li><li>\t\t\t\t\n\t\t<h3>Laptop v\u0129nh vi\u1ec5n cho sinh vi\u00ean<\/h3><\/li>\t<\/ul>\n\t<ul>\n\t\t<li>\t\t\t\t\n\t\t<h3>\u0110\u1ed9i ng\u0169 gi\u1ea3ng vi\u00ean v\u00e0 nh\u00e2n vi\u00ean t\u1eadn t\u00e2m<\/h3><\/li><li>\t\t\t\t\n\t\t<h3>H\u1ed7 tr\u1ee3 sinh vi\u00ean tr\u1ef1c ti\u1ebfp <\/h3><\/li><li>\t\t\t\t\n\t\t<h3>T\u1ea5t c\u1ea3 c\u00e1c t\u00e0i li\u1ec7u h\u1ecdc t\u1eadp \u0111\u01b0\u1ee3c cung c\u1ea5p<\/h3><\/li>\t<\/ul>","protected":false},"excerpt":{"rendered":"<p>\u0110\u00f3ng g\u00f3p c\u1ee7a b\u1ea1n \u0111\u01b0\u1ee3c th\u1ec3 hi\u1ec7n qua h\u00e0nh \u0111\u1ed9ng: Ch\u01b0\u01a1ng tr\u00ecnh b\u1ed3i d\u01b0\u1ee1ng h\u1ecdc thu\u1eadt mi\u1ec5n ph\u00ed; \u0110\u1ed3 \u0103n nh\u1eb9 v\u00e0 b\u1eefa \u0103n cho h\u1ecdc sinh; M\u00e1y t\u00ednh x\u00e1ch tay c\u1ed1 \u0111\u1ecbnh cho h\u1ecdc sinh; \u0110\u1ed9i ng\u0169 gi\u1ea3ng vi\u00ean v\u00e0 nh\u00e2n vi\u00ean t\u1eadn t\u00e2m; H\u1ed7 tr\u1ee3 h\u1ecdc t\u1eadp tr\u1ef1c ti\u1ebfp; T\u1ea5t c\u1ea3 t\u00e0i li\u1ec7u h\u1ecdc t\u1eadp \u0111\u01b0\u1ee3c cung c\u1ea5p.<\/p>","protected":false},"author":7,"featured_media":5523,"parent":1955,"menu_order":8,"comment_status":"closed","ping_status":"closed","template":"","meta":{"_seopress_robots_primary_cat":"","_seopress_titles_title":"","_seopress_titles_desc":"","_seopress_robots_index":"","inline_featured_image":false,"footnotes":""},"class_list":["post-6175","page","type-page","status-publish","has-post-thumbnail","hentry"],"_links":{"self":[{"href":"https:\/\/highjumpchicago.org\/vi\/wp-json\/wp\/v2\/pages\/6175","targetHints":{"allow":["GET"]}}],"collection":[{"href":"https:\/\/highjumpchicago.org\/vi\/wp-json\/wp\/v2\/pages"}],"about":[{"href":"https:\/\/highjumpchicago.org\/vi\/wp-json\/wp\/v2\/types\/page"}],"author":[{"embeddable":true,"href":"https:\/\/highjumpchicago.org\/vi\/wp-json\/wp\/v2\/users\/7"}],"replies":[{"embeddable":true,"href":"https:\/\/highjumpchicago.org\/vi\/wp-json\/wp\/v2\/comments?post=6175"}],"version-history":[{"count":5,"href":"https:\/\/highjumpchicago.org\/vi\/wp-json\/wp\/v2\/pages\/6175\/revisions"}],"predecessor-version":[{"id":29843,"href":"https:\/\/highjumpchicago.org\/vi\/wp-json\/wp\/v2\/pages\/6175\/revisions\/29843"}],"up":[{"embeddable":true,"href":"https:\/\/highjumpchicago.org\/vi\/wp-json\/wp\/v2\/pages\/1955"}],"wp:featuredmedia":[{"embeddable":true,"href":"https:\/\/highjumpchicago.org\/vi\/wp-json\/wp\/v2\/media\/5523"}],"wp:attachment":[{"href":"https:\/\/highjumpchicago.org\/vi\/wp-json\/wp\/v2\/media?parent=6175"}],"curies":[{"name":"wp","href":"https:\/\/api.w.org\/{rel}","templated":true}]}}