{"id":63,"date":"2018-10-08T02:01:14","date_gmt":"2018-10-08T07:01:14","guid":{"rendered":"https:\/\/d46e648428.nxcli.io\/?page_id=63"},"modified":"2026-01-27T16:06:56","modified_gmt":"2026-01-27T22:06:56","slug":"volunteer","status":"publish","type":"page","link":"https:\/\/highjumpchicago.org\/vi\/donate\/volunteer\/","title":{"rendered":"t\u00ecnh nguy\u1ec7n v\u1edbi ch\u00fang t\u00f4i"},"content":{"rendered":"<nav  aria-label=\"v\u1ee5n b\u00e1nh m\u00ec\"><ol itemscope itemtype=\"https:\/\/schema.org\/BreadcrumbList\"><li itemprop=\"itemListElement\" itemscope itemtype=\"https:\/\/schema.org\/ListItem\"><a itemscope itemtype=\"https:\/\/schema.org\/WebPage\" itemprop=\"item\" itemid=\"https:\/\/highjumpchicago.org\" href=\"https:\/\/highjumpchicago.org\/vi\/\">Nh\u00e0<\/a><meta itemprop=\"position\" content=\"1\"\/><\/li><li itemprop=\"itemListElement\" itemscope itemtype=\"https:\/\/schema.org\/ListItem\"><a itemscope itemtype=\"https:\/\/schema.org\/WebPage\" itemprop=\"item\" itemid=\"https:\/\/highjumpchicago.org\/donate\/\" href=\"https:\/\/highjumpchicago.org\/vi\/donate\/\">Quy\u00ean t\u1eb7ng<\/a><meta itemprop=\"position\" content=\"2\"\/><\/li><li aria-current=\"page\" itemprop=\"itemListElement\" itemscope itemtype=\"https:\/\/schema.org\/ListItem\">t\u00ecnh nguy\u1ec7n v\u1edbi ch\u00fang t\u00f4i<meta itemprop=\"position\" content=\"3\"\/><\/li><\/ol><\/nav>\n\t<p><b>C\u00e1c h\u1ecdc gi\u1ea3 c\u1ee7a ch\u00fang t\u00f4i r\u1ea5t n\u00f3ng l\u00f2ng \u0111\u01b0\u1ee3c g\u1eb7p b\u1ea1n.<\/b> H\u1ecdc sinh Nh\u1ea3y Cao r\u1ea5t t\u00f2 m\u00f2 v\u1ec1 tr\u00ed tu\u1ec7 v\u00e0 c\u00f3 \u0111\u1ed9ng l\u1ef1c h\u1ecdc t\u1eadp, v\u00e0 h\u1ecd t\u00ecm ki\u1ebfm tr\u1ea3i nghi\u1ec7m \u1edf tr\u01b0\u1eddng trung h\u1ecdc s\u1ebd th\u00e1ch th\u1ee9c h\u1ecd v\u1ec1 m\u1eb7t x\u00e3 h\u1ed9i v\u00e0 h\u1ecdc thu\u1eadt. H\u00e0ng n\u0103m, ch\u00fang t\u00f4i c\u00f3 ba c\u01a1 h\u1ed9i t\u00ecnh nguy\u1ec7n l\u1edbn \u0111\u1ec3 b\u1ea1n k\u1ebft n\u1ed1i v\u00e0 gi\u00fap \u0111\u1ee1 h\u1ecdc sinh c\u1ee7a ch\u00fang t\u00f4i v\u00e0o nh\u1eefng th\u1eddi \u0111i\u1ec3m quan tr\u1ecdng trong tr\u1ea3i nghi\u1ec7m Nh\u1ea3y cao c\u1ee7a c\u00e1c em:<\/p>\n<figure data-animation-delay=\"1\" data-animation-duration=\"1\" itemscope itemtype=\"https:\/\/schema.org\/ImageObject\">\n\t\t\t\t<img decoding=\"async\" src=\"https:\/\/highjumpchicago.org\/wp-content\/uploads\/2024\/10\/IMG_7852.jpg\" alt=\"A large cafeteria full of adult volunteers interviewing students at many tables\" height=\"1536\" width=\"2048\" title=\"\u1ea2nh_7852\" onerror=\"this.style.display='none'\" loading=\"lazy\" \/>\n\t<\/figure>\n<h2>\n\t\t\tPh\u1ecfng v\u1ea5n tuy\u1ec3n sinh\t<\/h2>\n\t<p>M\u1ed7i n\u0103m ch\u00fang t\u00f4i th\u1eeba nh\u1eadn m\u1ed9t nh\u00f3m sinh vi\u00ean m\u1edbi v\u00e0 c\u00e1c cu\u1ed9c ph\u1ecfng v\u1ea5n tuy\u1ec3n sinh h\u00e0ng n\u0103m c\u1ee7a ch\u00fang t\u00f4i l\u00e0 c\u01a1 h\u1ed9i duy nh\u1ea5t \u0111\u1ec3 b\u1ea1n tham gia.<\/p>\n\t\t\t\tTH\u00caM TH\u00d4NG TIN\n\t\t\t\t\t<ul>\n<li><b>H\u00e0ng n\u0103m v\u00e0o m\u00f9a xu\u00e2n<\/b><\/li>\n<li><strong>Th\u1eddi gian cam k\u1ebft:<\/strong> 2 gi\u1edd m\u1ed7i phi\u00ean<\/li>\n<li><strong>Vai di\u1ec5n:<\/strong> Th\u1ef1c hi\u1ec7n hai \u0111\u1ebfn ba cu\u1ed9c ph\u1ecfng v\u1ea5n k\u00e9o d\u00e0i 20 ph\u00fat v\u1edbi c\u00e1c h\u1ecdc gi\u1ea3 Nh\u1ea3y cao ti\u1ec1m n\u0103ng nh\u01b0 l\u00e0 giai \u0111o\u1ea1n cu\u1ed1i c\u00f9ng trong qu\u00e1 tr\u00ecnh \u0111\u0103ng k\u00fd c\u1ee7a h\u1ecd. B\u1ea1n s\u1ebd cung c\u1ea5p ph\u1ea3n h\u1ed3i v\u1ec1 t\u1eebng \u1ee9ng vi\u00ean, \u0111i\u1ec1u n\u00e0y s\u1ebd gi\u00fap nh\u00f3m tuy\u1ec3n sinh c\u1ee7a ch\u00fang t\u00f4i x\u00e1c \u0111\u1ecbnh ai s\u1ebd \u0111\u01b0\u1ee3c ch\u1ea5p nh\u1eadn v\u00e0o nh\u00f3m h\u1ecdc gi\u1ea3 Nh\u1ea3y cao ti\u1ebfp theo.<\/li>\n<\/ul>\n<p><strong>Quan t\u00e2m \u0111\u1ebfn t\u00ecnh nguy\u1ec7n?<\/strong><br \/>G\u1eedi email cho Gabi theo \u0111\u1ecba ch\u1ec9 sau: <a href=\"mailto:gkizer@highjumpchicago.org\">gkizer@highjumpchicago.org<\/a><\/p>\n<figure data-animation-delay=\"1\" data-animation-duration=\"1\" itemscope itemtype=\"https:\/\/schema.org\/ImageObject\">\n\t\t\t\t<img decoding=\"async\" src=\"https:\/\/highjumpchicago.org\/wp-content\/uploads\/2022\/11\/IMG_1287-1024x768.jpg\" alt=\"IMG_1287\" height=\"768\" width=\"1024\" title=\"IMG_1287\" onerror=\"this.style.display='none'\" loading=\"lazy\" \/>\n\t<\/figure>\n<h2>\n\t\t\tph\u1ecfng v\u1ea5n gi\u1ea3\t<\/h2>\n\t<p>G\u1eb7p g\u1ee1 v\u00e0 ph\u1ecfng v\u1ea5n c\u00e1c h\u1ecdc sinh l\u1edbp t\u00e1m \u0111\u1ec3 gi\u00fap c\u00e1c em chu\u1ea9n b\u1ecb cho c\u00e1c cu\u1ed9c ph\u1ecfng v\u1ea5n tuy\u1ec3n sinh trung h\u1ecdc s\u1eafp t\u1edbi.<\/p>\n\t\t\t\tTH\u00caM TH\u00d4NG TIN\n\t\t\t\t\t<ul>\n<li><b>H\u00e0ng n\u0103m v\u00e0o m\u00f9a thu<\/b><\/li>\n<li><strong>Th\u1eddi gian cam k\u1ebft:<\/strong> 2,5 gi\u1edd<\/li>\n<li><strong>Vai di\u1ec5n:<\/strong> Th\u1ef1c hi\u1ec7n ba cu\u1ed9c ph\u1ecfng v\u1ea5n k\u00e9o d\u00e0i 30 ph\u00fat v\u1edbi h\u1ecdc sinh l\u1edbp 8 trong m\u00f4n Nh\u1ea3y cao. B\u1ea1n s\u1ebd cung c\u1ea5p ph\u1ea3n h\u1ed3i mang t\u00ednh x\u00e2y d\u1ef1ng v\u1ec1 c\u00e1c cu\u1ed9c ph\u1ecfng v\u1ea5n m\u00e0 gi\u00e1o vi\u00ean s\u1ebd chia s\u1ebb v\u1edbi h\u1ecdc sinh.<\/li>\n<\/ul>\n<p><strong>B\u1ea1n c\u00f3 mu\u1ed1n tham gia t\u00ecnh nguy\u1ec7n cho bu\u1ed5i ph\u1ecfng v\u1ea5n th\u1eed v\u00e0o n\u0103m sau kh\u00f4ng?<\/strong> Li\u00ean h\u1ec7 v\u1edbi Gabi qua \u0111\u1ecba ch\u1ec9 sau: <a href=\"mailto:gkizer@highjumpchicago.org\">gkizer@highjumpchicago.org<\/a><\/p>\n\t<p><b>B\u1ea1n mu\u1ed1n tr\u1edf th\u00e0nh t\u00ecnh nguy\u1ec7n vi\u00ean c\u1ee7a High Jump?<\/b> Li\u00ean h\u1ec7 ch\u00fang t\u00f4i t\u1ea1i <a href=\"mailto:advancement@highjumpchicago.org\">advancement@highjumpchicago.org<\/a>\u00a0\u0111\u1ec3 t\u00ecm hi\u1ec3u th\u00eam.<\/p>","protected":false},"excerpt":{"rendered":"<p>Trang ch\u1ee7 \u0110\u00f3ng g\u00f3p T\u00ecnh nguy\u1ec7n vi\u00ean v\u1edbi ch\u00fang t\u00f4i C\u00e1c h\u1ecdc gi\u1ea3 c\u1ee7a ch\u00fang t\u00f4i r\u1ea5t n\u00f3ng l\u00f2ng \u0111\u01b0\u1ee3c g\u1eb7p b\u1ea1n. H\u1ecdc sinh nh\u1ea3y cao r\u1ea5t t\u00f2 m\u00f2 v\u1ec1 m\u1eb7t tr\u00ed tu\u1ec7 v\u00e0 c\u00f3 \u0111\u1ed9ng l\u1ef1c h\u1ecdc t\u1eadp, \u0111\u1ed3ng th\u1eddi h\u1ecd t\u00ecm ki\u1ebfm tr\u1ea3i nghi\u1ec7m \u1edf tr\u01b0\u1eddng trung h\u1ecdc s\u1ebd th\u00e1ch th\u1ee9c h\u1ecd v\u1ec1 m\u1eb7t x\u00e3 h\u1ed9i v\u00e0 h\u1ecdc thu\u1eadt. H\u00e0ng n\u0103m, ch\u00fang t\u00f4i c\u00f3 ba c\u01a1 h\u1ed9i t\u00ecnh nguy\u1ec7n l\u1edbn \u0111\u1ec3 b\u1ea1n k\u1ebft n\u1ed1i v\u00e0 gi\u00fap \u0111\u1ee1 sinh vi\u00ean c\u1ee7a ch\u00fang t\u00f4i v\u00e0o nh\u1eefng th\u1eddi \u0111i\u1ec3m quan tr\u1ecdng trong\u2026<\/p>","protected":false},"author":7,"featured_media":0,"parent":2056,"menu_order":2,"comment_status":"closed","ping_status":"closed","template":"","meta":{"_seopress_robots_primary_cat":"","_seopress_titles_title":"","_seopress_titles_desc":"","_seopress_robots_index":"","inline_featured_image":false,"footnotes":""},"class_list":["post-63","page","type-page","status-publish","hentry"],"_links":{"self":[{"href":"https:\/\/highjumpchicago.org\/vi\/wp-json\/wp\/v2\/pages\/63","targetHints":{"allow":["GET"]}}],"collection":[{"href":"https:\/\/highjumpchicago.org\/vi\/wp-json\/wp\/v2\/pages"}],"about":[{"href":"https:\/\/highjumpchicago.org\/vi\/wp-json\/wp\/v2\/types\/page"}],"author":[{"embeddable":true,"href":"https:\/\/highjumpchicago.org\/vi\/wp-json\/wp\/v2\/users\/7"}],"replies":[{"embeddable":true,"href":"https:\/\/highjumpchicago.org\/vi\/wp-json\/wp\/v2\/comments?post=63"}],"version-history":[{"count":7,"href":"https:\/\/highjumpchicago.org\/vi\/wp-json\/wp\/v2\/pages\/63\/revisions"}],"predecessor-version":[{"id":160991,"href":"https:\/\/highjumpchicago.org\/vi\/wp-json\/wp\/v2\/pages\/63\/revisions\/160991"}],"up":[{"embeddable":true,"href":"https:\/\/highjumpchicago.org\/vi\/wp-json\/wp\/v2\/pages\/2056"}],"wp:attachment":[{"href":"https:\/\/highjumpchicago.org\/vi\/wp-json\/wp\/v2\/media?parent=63"}],"curies":[{"name":"wp","href":"https:\/\/api.w.org\/{rel}","templated":true}]}}