{"id":65,"date":"2018-10-08T02:01:34","date_gmt":"2018-10-08T07:01:34","guid":{"rendered":"https:\/\/d46e648428.nxcli.io\/?page_id=65"},"modified":"2026-02-12T16:51:19","modified_gmt":"2026-02-12T22:51:19","slug":"sponsor-us","status":"publish","type":"page","link":"https:\/\/highjumpchicago.org\/vi\/donate\/sponsor-us\/","title":{"rendered":"t\u00e0i tr\u1ee3 cho ch\u00fang t\u00f4i"},"content":{"rendered":"<nav  aria-label=\"v\u1ee5n b\u00e1nh m\u00ec\"><ol itemscope itemtype=\"https:\/\/schema.org\/BreadcrumbList\"><li itemprop=\"itemListElement\" itemscope itemtype=\"https:\/\/schema.org\/ListItem\"><a itemscope itemtype=\"https:\/\/schema.org\/WebPage\" itemprop=\"item\" itemid=\"https:\/\/highjumpchicago.org\" href=\"https:\/\/highjumpchicago.org\/vi\/\">Nh\u00e0<\/a><meta itemprop=\"position\" content=\"1\"\/><\/li><li itemprop=\"itemListElement\" itemscope itemtype=\"https:\/\/schema.org\/ListItem\"><a itemscope itemtype=\"https:\/\/schema.org\/WebPage\" itemprop=\"item\" itemid=\"https:\/\/highjumpchicago.org\/donate\/\" href=\"https:\/\/highjumpchicago.org\/vi\/donate\/\">Quy\u00ean t\u1eb7ng<\/a><meta itemprop=\"position\" content=\"2\"\/><\/li><li aria-current=\"page\" itemprop=\"itemListElement\" itemscope itemtype=\"https:\/\/schema.org\/ListItem\">t\u00e0i tr\u1ee3 cho ch\u00fang t\u00f4i<meta itemprop=\"position\" content=\"3\"\/><\/li><\/ol><\/nav>\n\t<p><strong>t\u1ea5t c\u1ea3 \u0111\u1ec1u b\u1eaft \u0111\u1ea7u v\u1edbi b\u1ea1n \\<\/strong> S\u1ef1 h\u00e0o ph\u00f3ng c\u1ee7a nh\u1eefng c\u00e1 nh\u00e2n, nh\u00e0 gi\u00e1o d\u1ee5c, t\u00ecnh nguy\u1ec7n vi\u00ean v\u00e0 nh\u00e0 t\u00e0i tr\u1ee3 doanh nghi\u1ec7p, gi\u1ed1ng nh\u01b0 b\u1ea1n, \u0111\u00e3 gi\u00fap ch\u00fang t\u00f4i \u0111\u1ea7u t\u01b0 v\u00e0o th\u1ebf h\u1ec7 l\u00e3nh \u0111\u1ea1o ti\u1ebfp theo trong h\u01a1n ba m\u01b0\u01a1i n\u0103m.<\/p>\n<p><strong>C\u00f4ng vi\u1ec7c \u0111ang di\u1ec5n ra.<\/strong> M\u1ee5c ti\u00eau c\u1ee7a ch\u00fang t\u00f4i l\u00e0 m\u1edf r\u1ed9ng ngu\u1ed3n l\u1ef1c c\u1ee7a m\u00ecnh t\u1edbi nhi\u1ec1u sinh vi\u00ean h\u01a1n tr\u00ean kh\u1eafp Chicago. \u0110\u00f3ng g\u00f3p c\u1ee7a b\u1ea1n gi\u00fap ch\u00fang t\u00f4i l\u00e0m \u0111i\u1ec1u \u0111\u00f3 v\u00e0 h\u01a1n th\u1ebf n\u1eefa. H\u00e3y tham gia c\u00f9ng ch\u00fang t\u00f4i trong s\u1ee9 m\u1ec7nh cung c\u1ea5p c\u00e1c ngu\u1ed3n t\u00e0i nguy\u00ean v\u00e0 ki\u1ebfn th\u1ee9c h\u1ecdc t\u1eadp phong ph\u00fa mi\u1ec5n ph\u00ed gi\u00fap h\u1ecdc sinh v\u01b0\u01a1n cao h\u01a1n v\u00e0 ti\u1ebfn xa h\u01a1n nh\u1eefng g\u00ec h\u1ecd t\u1eebng ngh\u0129 l\u00e0 c\u00f3 th\u1ec3.<\/p>\n\t<h3>T\u00e0i tr\u1ee3 s\u1ef1 ki\u1ec7n v\u00e0 d\u1ecbch v\u1ee5 cho h\u1ecdc gi\u1ea3<\/h3>\n\t<p><strong>S\u1ef1 \u1ee7ng h\u1ed9 c\u1ee7a b\u1ea1n gi\u00fap ch\u00fang t\u00f4i t\u1ea1o ra t\u00e1c \u0111\u1ed9ng l\u1edbn h\u01a1n.<\/strong> B\u1eb1ng c\u00e1ch t\u00e0i tr\u1ee3 chi ph\u00ed cho c\u00e1c s\u1ef1 ki\u1ec7n v\u00e0 d\u1ecbch v\u1ee5 c\u1ee7a Ch\u01b0\u01a1ng tr\u00ecnh h\u1ecdc gi\u1ea3, b\u1ea1n \u0111\u1ea3m b\u1ea3o r\u1eb1ng High Jump c\u00f3 th\u1ec3 ti\u1ebfp t\u1ee5c t\u1ea1o ra t\u00e1c \u0111\u1ed9ng l\u00e2u d\u00e0i \u0111\u00e1ng kinh ng\u1ea1c \u0111\u1ed1i v\u1edbi th\u1ebf h\u1ec7 h\u1ecdc gi\u1ea3 ti\u1ebfp theo.<\/p>\n\t\t\t<a href=\"https:\/\/highjumpchicago.org\/wp-content\/uploads\/2026\/01\/Corporate-Sponsorship-Opportunities-FY26.pdf\" target=\"_blank\" rel=\"noopener\">\n\t\t\t\t\t\t\tT\u00ccM HI\u1ec2U V\u1ec0 C\u01a0 H\u1ed8I T\u00c0I TR\u1ee2\n\t\t\t\t\t<\/a>\n\t\t\t\t<img decoding=\"async\" src=\"https:\/\/highjumpchicago.org\/wp-content\/uploads\/2025\/06\/IMG_0918.jpeg\" alt=\"IMG_0918\" itemprop=\"image\" height=\"1365\" width=\"2048\" title=\"IMG_0918\" onerror=\"this.style.display='none'\" loading=\"lazy\" \/>\n\t<p><strong>B\u1ea1n c\u00f3 th\u1eafc m\u1eafc ho\u1eb7c mu\u1ed1n t\u00ecm hi\u1ec3u th\u00eam v\u1ec1 vi\u1ec7c tr\u1edf th\u00e0nh nh\u00e0 t\u00e0i tr\u1ee3 c\u1ee7a c\u00f4ng ty?<\/strong> Vui l\u00f2ng li\u00ean h\u1ec7 v\u1edbi Molly Gilbride t\u1ea1i <a href=\"mailto:vherrera@highjumpchicago.org\">mgilbride@highjumpchicago.org<\/a>.<\/p>\n\t\t\t\t<img decoding=\"async\" src=\"https:\/\/highjumpchicago.org\/wp-content\/uploads\/2022\/01\/LRP_9744.jpg\" alt=\"LRP_9744\" itemprop=\"image\" height=\"1365\" width=\"2048\" title=\"LRP_9744\" onerror=\"this.style.display='none'\" loading=\"lazy\" \/>\n\t<h3>\n\t\t\t\tT\u00e0i tr\u1ee3 Quy\u1ec1n l\u1ee3i C\u01a1 h\u1ed9i M\u00f9a xu\u00e2n c\u1ee7a ch\u00fang t\u00f4i\n\t\t\t<\/h3>\n\t<p><b>\u0110\u00f3ng g\u00f3p l\u1edbn h\u01a1n, t\u1ea1o ra t\u00e1c \u0111\u1ed9ng l\u1edbn h\u01a1n.<\/b> Ph\u00fac l\u1ee3i c\u1ee7a ch\u00fang t\u00f4i \u0111\u01b0\u1ee3c t\u1ed5 ch\u1ee9c h\u00e0ng n\u0103m v\u00e0o th\u00e1ng 5, nh\u01b0ng b\u1ea1n c\u00f3 th\u1ec3 b\u1eaft \u0111\u1ea7u cu\u1ed9c tr\u00f2 chuy\u1ec7n quanh n\u0103m. Ch\u00fang t\u00f4i c\u00f3 nhi\u1ec1u m\u1ee9c t\u00e0i tr\u1ee3 b\u1eaft \u0111\u1ea7u t\u1eeb $2.500.<\/p>\n\t\t\t<a href=\"https:\/\/www.classy.org\/event\/2026-high-jump-spring-of-opportunity-benefit\/e704247\" target=\"_blank\" rel=\"noopener\">\n\t\t\t\t\t\t\tTr\u1edf th\u00e0nh nh\u00e0 t\u00e0i tr\u1ee3\n\t\t\t\t\t<\/a>\n<h1>\n\t\t\tC\u1ea3m \u01a1n c\u00e1c nh\u00e0 t\u00e0i tr\u1ee3 doanh nghi\u1ec7p c\u1ee7a ch\u00fang t\u00f4i\t<\/h1>\n\t<p><b>C\u1ea3m \u01a1n b\u1ea1n \u0111\u00e3 \u0111\u1ea7u t\u01b0 v\u00e0o c\u00e1c nh\u00e0 l\u00e3nh \u0111\u1ea1o t\u01b0\u01a1ng lai c\u1ee7a Chicago.<\/b> Nh\u1edd c\u00f3 b\u1ea1n, High Jump \u0111\u00e3 ph\u1ee5c v\u1ee5 nhi\u1ec1u h\u1ecdc sinh h\u01a1n bao gi\u1edd h\u1ebft, h\u1ed7 tr\u1ee3 thanh thi\u1ebfu ni\u00ean trung h\u1ecdc c\u01a1 s\u1edf \u1edf Chicago v\u1edbi nh\u1eefng tr\u1ea3i nghi\u1ec7m c\u00f3 m\u1ed9t kh\u00f4ng hai c\u0169ng nh\u01b0 kh\u1ea3 n\u0103ng ti\u1ebfp c\u1eadn c\u00e1c t\u00e0i nguy\u00ean v\u00e0 h\u1ed7 tr\u1ee3 gi\u00e1o d\u1ee5c. Ch\u00fang t\u00f4i kh\u00f4ng th\u1ec3 th\u1ef1c hi\u1ec7n c\u00f4ng vi\u1ec7c n\u00e0y n\u1ebfu kh\u00f4ng c\u00f3 b\u1ea1n v\u00e0 ch\u00fang t\u00f4i r\u1ea5t n\u00f3ng l\u00f2ng mu\u1ed1n xem nh\u00f3m h\u1ecdc gi\u1ea3 ti\u1ebfp theo c\u1ee7a ch\u00fang t\u00f4i th\u1eed th\u00e1ch b\u1ea3n th\u00e2n nh\u01b0 th\u1ebf n\u00e0o trong h\u1ecdc t\u1eadp.<\/p>\n        \t<a href=\"https:\/\/www.bamfunds.com\/\" target=\"_blank\" rel=\"nofollow noopener\">            \n\t\t\t\t\t\t<img decoding=\"async\" src=\"https:\/\/highjumpchicago.org\/wp-content\/uploads\/2018\/11\/balyasny-RGB-300x96.jpg\" alt=\"Balyasny Asset Management L.P.\" data-no-lazy=\"1\" \/>\t\t\t\t\t\n                            <p>Qu\u1ea3n l\u00fd t\u00e0i s\u1ea3n Balyasny LP<\/p>\n            <\/a>\t\t\n        \t<a href=\"https:\/\/www.comed.com\/Pages\/default.aspx\" target=\"_blank\" rel=\"nofollow noopener\">            \n\t\t\t\t\t\t<img decoding=\"async\" src=\"https:\/\/highjumpchicago.org\/wp-content\/uploads\/2018\/11\/ComEd_PoweringLogo_NEW.jpg\" alt=\"ComEd\" data-no-lazy=\"1\" \/>\t\t\t\t\t\n                            <p>ComEd<\/p>\n            <\/a>\t\t\n        \t<a href=\"https:\/\/www.countryfinancial.com\/\" target=\"_blank\" rel=\"nofollow noopener\">            \n\t\t\t\t\t\t<img decoding=\"async\" src=\"https:\/\/highjumpchicago.org\/wp-content\/uploads\/2018\/11\/country-financial-logo-300x117.jpg\" alt=\"Country Financial\" data-no-lazy=\"1\" \/>\t\t\t\t\t\n                            <p>t\u00e0i ch\u00ednh qu\u1ed1c gia<\/p>\n            <\/a>\t\t\n        \t<a href=\"https:\/\/www.fwparker.org\/\" target=\"_blank\" rel=\"nofollow noopener\">            \n\t\t\t\t\t\t<img decoding=\"async\" src=\"https:\/\/highjumpchicago.org\/wp-content\/uploads\/2018\/11\/parker-logo.jpg\" alt=\"F. W. Parker\" data-no-lazy=\"1\" \/>\t\t\t\t\t\n                            <p>FW Parker<\/p>\n            <\/a>\t\t\n        \t<a href=\"http:\/\/www.grosvenor.com\/home\/\" target=\"_blank\" rel=\"nofollow noopener\">            \n\t\t\t\t\t\t<img decoding=\"async\" src=\"https:\/\/highjumpchicago.org\/wp-content\/uploads\/2018\/11\/grosvenor-RGB-300x65.jpg\" alt=\"GCM Grosvenor\" data-no-lazy=\"1\" \/>\t\t\t\t\t\n                            <p>GCM Grosvenor<\/p>\n            <\/a>\t\t\n        \t<a href=\"https:\/\/jenner.com\/\" target=\"_blank\" rel=\"nofollow noopener\">            \n\t\t\t\t\t\t<img decoding=\"async\" src=\"https:\/\/highjumpchicago.org\/wp-content\/uploads\/2018\/11\/JB-logo-masterBlack-LLP-2-300x16.jpg\" alt=\"Jenner &#038; Block LLP\" data-no-lazy=\"1\" \/>\t\t\t\t\t\n                            <p>Jenner &amp; Block LLP<\/p>\n            <\/a>\t\t\n        \t<a href=\"https:\/\/www.us.jll.com\/en\" target=\"_blank\" rel=\"nofollow noopener\">            \n\t\t\t\t\t\t<img decoding=\"async\" src=\"https:\/\/highjumpchicago.org\/wp-content\/uploads\/2018\/11\/JLL-Logo-Positive-_30mm-CMYK-300x132.jpg\" alt=\"JLL\" data-no-lazy=\"1\" \/>\t\t\t\t\t\n                            <p>JLL<\/p>\n            <\/a>\t\t\n        \t<a href=\"https:\/\/www.lw.com\/\" target=\"_blank\" rel=\"nofollow noopener\">            \n\t\t\t\t\t\t<img decoding=\"async\" src=\"https:\/\/highjumpchicago.org\/wp-content\/uploads\/2019\/01\/Latham-Logo-Red-300x30.jpg\" alt=\"Latham &#038; Watkins LLP\" data-no-lazy=\"1\" \/>\t\t\t\t\t\n                            <p>Latham &amp; Watkins LLP<\/p>\n            <\/a>\t\t\n        \t<a href=\"https:\/\/www.latinschool.org\/\" target=\"_blank\" rel=\"nofollow noopener\">            \n\t\t\t\t\t\t<img decoding=\"async\" src=\"https:\/\/highjumpchicago.org\/wp-content\/uploads\/2018\/11\/latin-logo.jpg\" alt=\"Latin School of Chicago\" data-no-lazy=\"1\" \/>\t\t\t\t\t\n                            <p>Tr\u01b0\u1eddng Latinh Chicago<\/p>\n            <\/a>\t\t\n        \t<a href=\"https:\/\/www.sidley.com\/en\/us\/\" target=\"_blank\" rel=\"nofollow noopener\">            \n\t\t\t\t\t\t<img decoding=\"async\" src=\"https:\/\/highjumpchicago.org\/wp-content\/uploads\/2018\/11\/Sidley_Foundation_Logo-300x44.jpg\" alt=\"The Sidley Austin Foundation\" data-no-lazy=\"1\" \/>\t\t\t\t\t\n                            <p>Qu\u1ef9 Sidley Austin<\/p>\n            <\/a>\t\t\n        \t<a href=\"https:\/\/www.ucls.uchicago.edu\/\" target=\"_blank\" rel=\"nofollow noopener\">            \n\t\t\t\t\t\t<img decoding=\"async\" src=\"https:\/\/highjumpchicago.org\/wp-content\/uploads\/2018\/12\/Lab-School_Maroon-1-300x54.png\" alt=\"The University of Chicago Laboratory Schools\" data-no-lazy=\"1\" \/>\t\t\t\t\t\n                            <p>Tr\u01b0\u1eddng Th\u1ef1c nghi\u1ec7m \u0110\u1ea1i h\u1ecdc Chicago<\/p>\n            <\/a>\t\t\n        \t<a href=\"https:\/\/www.ventasreit.com\/\" target=\"_blank\" rel=\"nofollow noopener\">            \n\t\t\t\t\t\t<img decoding=\"async\" src=\"https:\/\/highjumpchicago.org\/wp-content\/uploads\/2018\/11\/ventas-RGB-300x76.jpg\" alt=\"Ventas\" data-no-lazy=\"1\" \/>\t\t\t\t\t\n                            <p>l\u1ed7 th\u00f4ng h\u01a1i<\/p>\n            <\/a>\t\t\n        \t<a href=\"https:\/\/vivacitytech.com\/blogs\/news\" target=\"_blank\" rel=\"nofollow noopener\">            \n\t\t\t\t\t\t<img decoding=\"async\" src=\"https:\/\/highjumpchicago.org\/wp-content\/uploads\/2023\/03\/Copy-of-logo_horizontal_PURPLE.png\" alt=\"Vivacity Logo\" data-no-lazy=\"1\" \/>\t\t\t\t\t\n                            <p>Ho\u1ea1t b\u00e1t Logo<\/p>\n            <\/a>\t\t\n        \t<a href=\"https:\/\/www.westmonroepartners.com\/\" target=\"_blank\" rel=\"nofollow noopener\">            \n\t\t\t\t\t\t<img decoding=\"async\" src=\"https:\/\/highjumpchicago.org\/wp-content\/uploads\/2018\/11\/WestMonroe-blueyellow-300x52.jpg\" alt=\"West Monroe\" data-no-lazy=\"1\" \/>\t\t\t\t\t\n                            <p>T\u00e2y Monroe<\/p>\n            <\/a>\t\t\n        \t<a href=\"https:\/\/www.williamblair.com\/\" target=\"_blank\" rel=\"nofollow noopener\">            \n\t\t\t\t\t\t<img decoding=\"async\" src=\"https:\/\/highjumpchicago.org\/wp-content\/uploads\/2018\/11\/william-blair-RGB.jpg\" alt=\"William Blair\" data-no-lazy=\"1\" \/>\t\t\t\t\t\n                            <p>William Blair<\/p>\n            <\/a>\t\t\n\t<p><strong>v\u1edbi l\u1eddi c\u1ea3m \u01a1n \u0111\u1eb7c bi\u1ec7t \u0111\u1ebfn<\/strong><\/p>\nC\u00f4ng Ty TNHH C\u00e1c Nh\u00e0 \u0110\u1ea7u T\u01b0 Aviva Ch\u00e2u M\u1ef9<br \/>\nBerger Schatz<br \/>\nM\u00e1y th\u1ed5i DLA<br \/>\nErnst &amp; Young<br \/>\nTrang tr\u1ea1i Ferro<br \/>\nGolin<br \/>\nGoulston &amp; Storrs<br \/>\nKi\u1ebfn tr\u00fac s\u01b0 Morgante-Wilson<br \/>\nL\u1ef1c l\u01b0\u1ee3ng b\u00e1n h\u00e0ng.org<br \/>\nWeiss &amp; Company LLP","protected":false},"excerpt":{"rendered":"<p>Trang ch\u1ee7 \u0110\u00f3ng g\u00f3p T\u00e0i tr\u1ee3 cho ch\u00fang t\u00f4i T\u1ea5t c\u1ea3 \u0111\u1ec1u b\u1eaft \u0111\u1ea7u t\u1eeb b\u1ea1n. S\u1ef1 h\u00e0o ph\u00f3ng c\u1ee7a t\u1eebng c\u00e1 nh\u00e2n, nh\u00e0 gi\u00e1o d\u1ee5c, t\u00ecnh nguy\u1ec7n vi\u00ean v\u00e0 nh\u00e0 t\u00e0i tr\u1ee3 doanh nghi\u1ec7p, nh\u01b0 b\u1ea1n, \u0111\u00e3 gi\u00fap ch\u00fang t\u00f4i \u0111\u1ea7u t\u01b0 v\u00e0o th\u1ebf h\u1ec7 l\u00e3nh \u0111\u1ea1o ti\u1ebfp theo trong h\u01a1n ba m\u01b0\u01a1i n\u0103m. C\u00f4ng vi\u1ec7c \u0111ang di\u1ec5n ra. M\u1ee5c ti\u00eau c\u1ee7a ch\u00fang t\u00f4i l\u00e0 m\u1edf r\u1ed9ng ngu\u1ed3n l\u1ef1c c\u1ee7a m\u00ecnh t\u1edbi nhi\u1ec1u sinh vi\u00ean h\u01a1n tr\u00ean kh\u1eafp Chicago. S\u1ef1 \u0111\u00f3ng g\u00f3p c\u1ee7a b\u1ea1n gi\u00fap\u2026<\/p>","protected":false},"author":7,"featured_media":0,"parent":2056,"menu_order":3,"comment_status":"closed","ping_status":"closed","template":"","meta":{"_seopress_robots_primary_cat":"","_seopress_titles_title":"","_seopress_titles_desc":"","_seopress_robots_index":"","inline_featured_image":false,"footnotes":""},"class_list":["post-65","page","type-page","status-publish","hentry"],"_links":{"self":[{"href":"https:\/\/highjumpchicago.org\/vi\/wp-json\/wp\/v2\/pages\/65","targetHints":{"allow":["GET"]}}],"collection":[{"href":"https:\/\/highjumpchicago.org\/vi\/wp-json\/wp\/v2\/pages"}],"about":[{"href":"https:\/\/highjumpchicago.org\/vi\/wp-json\/wp\/v2\/types\/page"}],"author":[{"embeddable":true,"href":"https:\/\/highjumpchicago.org\/vi\/wp-json\/wp\/v2\/users\/7"}],"replies":[{"embeddable":true,"href":"https:\/\/highjumpchicago.org\/vi\/wp-json\/wp\/v2\/comments?post=65"}],"version-history":[{"count":6,"href":"https:\/\/highjumpchicago.org\/vi\/wp-json\/wp\/v2\/pages\/65\/revisions"}],"predecessor-version":[{"id":154950,"href":"https:\/\/highjumpchicago.org\/vi\/wp-json\/wp\/v2\/pages\/65\/revisions\/154950"}],"up":[{"embeddable":true,"href":"https:\/\/highjumpchicago.org\/vi\/wp-json\/wp\/v2\/pages\/2056"}],"wp:attachment":[{"href":"https:\/\/highjumpchicago.org\/vi\/wp-json\/wp\/v2\/media?parent=65"}],"curies":[{"name":"wp","href":"https:\/\/api.w.org\/{rel}","templated":true}]}}