{"id":67,"date":"2018-10-08T02:01:49","date_gmt":"2018-10-08T02:01:49","guid":{"rendered":"https:\/\/d46e648428.nxcli.io\/?page_id=67"},"modified":"2023-10-19T12:05:26","modified_gmt":"2023-10-19T17:05:26","slug":"benefit","status":"publish","type":"page","link":"https:\/\/highjumpchicago.org\/vi\/donate\/benefit\/","title":{"rendered":"M\u1ed9t m\u00f9a xu\u00e2n c\u01a1 h\u1ed9i"},"content":{"rendered":"<nav  aria-label=\"v\u1ee5n b\u00e1nh m\u00ec\"><ol itemscope itemtype=\"https:\/\/schema.org\/BreadcrumbList\"><li itemprop=\"itemListElement\" itemscope itemtype=\"https:\/\/schema.org\/ListItem\"><a itemscope itemtype=\"http:\/\/schema.org\/WebPage\" itemprop=\"item\" itemid=\"https:\/\/highjumpchicago.org\" href=\"https:\/\/highjumpchicago.org\/vi\/\">Nh\u00e0<\/a><meta itemprop=\"position\" content=\"1\"\/><\/li><li itemprop=\"itemListElement\" itemscope itemtype=\"https:\/\/schema.org\/ListItem\"><a itemscope itemtype=\"http:\/\/schema.org\/WebPage\" itemprop=\"item\" itemid=\"https:\/\/highjumpchicago.org\/donate\/\" href=\"https:\/\/highjumpchicago.org\/vi\/donate\/\">Quy\u00ean t\u1eb7ng<\/a><meta itemprop=\"position\" content=\"2\"\/><\/li><li aria-current=\"page\" itemprop=\"itemListElement\" itemscope itemtype=\"https:\/\/schema.org\/ListItem\">M\u1ed9t m\u00f9a xu\u00e2n c\u01a1 h\u1ed9i<meta itemprop=\"position\" content=\"3\"\/><\/li><\/ol><\/nav>\n\t<h1>L\u01b0u ng\u00e0y v\u00e0 tham gia v\u1edbi ch\u00fang t\u00f4i!<\/h1>\n\t<h2>M\u1ed9t m\u00f9a xu\u00e2n c\u01a1 h\u1ed9i<br \/>\nTh\u1ee9 S\u00e1u, ng\u00e0y 3 th\u00e1ng 5 n\u0103m 2024<\/h2>\n<h3>Kh\u00e1ch S\u1ea1n B\u1ed1n M\u00f9a Chicago<\/h3>\n\t<p><strong>H\u00e3y tham gia c\u00f9ng ch\u00fang t\u00f4i v\u00ec M\u00f9a Xu\u00e2n C\u01a1 H\u1ed9i,<\/strong> m\u1ed9t s\u1ef1 ki\u1ec7n nh\u1eb1m t\u00f4n vinh th\u1ebf h\u1ec7 l\u00e3nh \u0111\u1ea1o ti\u1ebfp theo c\u1ee7a Chicago v\u00e0 h\u1ed7 tr\u1ee3 h\u1ecd tr\u00ean h\u00e0nh tr\u00ecnh h\u1ecdc t\u1eadp.<\/p>\n<p><strong>Ch\u00fang t\u00f4i hy v\u1ecdng b\u1ea1n c\u00f3 th\u1ec3 gi\u00fap \u0111\u1ee1<\/strong> <strong>k\u1ec9 ni\u1ec7m<\/strong> ch\u01b0\u01a1ng tr\u00ecnh thay \u0111\u1ed5i cu\u1ed9c s\u1ed1ng n\u00e0y v\u00e0 nghe nh\u1eefng c\u00e2u chuy\u1ec7n \u0111\u1ea7y c\u1ea3m h\u1ee9ng c\u1ee7a c\u00e1c h\u1ecdc gi\u1ea3 v\u00e0 c\u1ef1u sinh vi\u00ean ch\u01b0\u01a1ng tr\u00ecnh.<\/p>\n\t<h3>\u0110\u1ed3ng ch\u1ee7 t\u1ecbch ph\u00fac l\u1ee3i n\u0103m 2024: Jenny Bekkerman, Jymme Chaouki, Meg Frey, Catherine Rosenberg v\u00e0 Daisie Siska<\/h3>\n\t\t\t\t<img loading=\"lazy\" decoding=\"async\" src=\"https:\/\/highjumpchicago.org\/wp-content\/uploads\/2023\/10\/HighJump-Gala-050523-8596.jpg\" alt=\"2023 Benefit Co-ChairsL to R: Lena Jessen, Kimberly Picciola, Krissan Jennings, Erica Chandrasekhar, Meg Frey, and J.R. Berger\" itemprop=\"image\" height=\"800\" width=\"1200\" title=\"\u0110\u1ed3ng ch\u1ee7 t\u1ecbch l\u1ee3i \u00edch m\u00f9a xu\u00e2n c\u01a1 h\u1ed9i\" onerror=\"this.style.display='none'\"  \/>\n\t\t\u0110\u1ed3ng ch\u1ee7 t\u1ecbch l\u1ee3i \u00edch n\u0103m 2023 t\u1eeb L \u0111\u1ebfn R: Lena Jessen, Kimberly Picciola, Krissan Jennings, Erica Chandrasekhar, Meg Frey v\u00e0 JR Berger\n\t\t\t<a href=\"https:\/\/highjumpchicago.org\/wp-content\/uploads\/2023\/10\/A-Spring-of-Opportunity-Annual-Benefit-Event.pdf\" target=\"_self\" rel=\"noopener\">\n\t\t\t\t\t\tH\u00e3y xem C\u1ea5p \u0111\u1ed9 t\u00e0i tr\u1ee3 M\u1edaI c\u1ee7a ch\u00fang t\u00f4i trong n\u0103m nay!\n\t\t\t\t\t<\/a>\n\t<p><strong>B\u1ea1n c\u00f3 th\u1eafc m\u1eafc ho\u1eb7c mu\u1ed1n t\u00ecm hi\u1ec3u th\u00eam v\u1ec1 c\u00e1c c\u01a1 h\u1ed9i t\u00e0i tr\u1ee3 ph\u00fac l\u1ee3i c\u00f3 s\u1eb5n trong n\u0103m nay?<\/strong> Vui l\u00f2ng li\u00ean h\u1ec7 v\u1edbi Alison Hanold Shah, Tr\u1ee3 l\u00fd Gi\u00e1m \u0111\u1ed1c T\u1ed5 ch\u1ee9c Quy\u00ean g\u00f3p, theo s\u1ed1 (312) 582-7700 ho\u1eb7c <a href=\"mailto:ahanold@highjumpchicago.org\"><u>ahanold@highjumpchicago.org<\/u><\/a>.<\/p>\n<h2>\n\t\tL\u1eddi c\u1ea3m \u01a1n \u0111\u1eb7c bi\u1ec7t \u0111\u1ebfn c\u00e1c nh\u00e0 t\u00e0i tr\u1ee3 l\u1ee3i \u00edch n\u0103m 2023 c\u1ee7a ch\u00fang t\u00f4i\n\t<\/h2>\n<p><strong>Nh\u00e0 t\u00e0i tr\u1ee3 tr\u00ecnh b\u00e0y<\/strong><\/p>\n<p>Arla v\u00e0 Joel Gomberg<\/p>\n<p>Qu\u1ef9 Gia \u0111\u00ecnh Michael v\u00e0 Pamela Gordon<\/p>\n<p>Lena v\u00e0 Andrew Jessen<\/p>\n<p>John v\u00e0 Jill Levi<\/p>\n<p>Nicole v\u00e0 Brad Mann<\/p>\n<p>Diane Saltoun v\u00e0 Bruce Braun<\/p>\n<p><img loading=\"lazy\" decoding=\"async\" id=\"img_60465073861044\" src=\"https:\/\/assets.classy.org\/25207127\/8a11f5da-c98f-11ed-b719-0a58a9feac02.png\" width=\"198\" height=\"200\" data-airgap-id=\"51\" \/><\/p>\n<p><img loading=\"lazy\" decoding=\"async\" id=\"img_62144659902009\" src=\"https:\/\/assets.classy.org\/25207127\/94a71c28-c98f-11ed-8939-0a58a9feac02.png\" width=\"201\" height=\"74\" data-airgap-id=\"52\" \/><\/p>\n<p><img loading=\"lazy\" decoding=\"async\" id=\"img_48778209831849\" src=\"https:\/\/assets.classy.org\/25207127\/59734344-df96-11ed-bb7c-0a8ce0170929.png\" width=\"204\" height=\"49\" data-airgap-id=\"53\" \/><\/p>\n<p><img loading=\"lazy\" decoding=\"async\" id=\"img_50473582037100\" src=\"https:\/\/assets.classy.org\/25207127\/9b89906a-e3a3-11ed-a1db-0a58a9feac02.png\" width=\"200\" height=\"36\" data-airgap-id=\"54\" \/><\/p>\n<p>&nbsp;<\/p>\n<p><strong>Truy c\u1eadp nh\u00e0 t\u00e0i tr\u1ee3<\/strong><\/p>\n<p>JR v\u00e0 Katie Berger<\/p>\n<p>Paula v\u00e0 Tim Friedman<\/p>\n<p>Anna Meytina-Lurye v\u00e0 Alexander Lurye<\/p>\n<p>Cindy v\u00e0 Mike O&#039;Connor<\/p>\n<p>Georgy Ann v\u00e0 Bill Peluchiwski<\/p>\n<p><img loading=\"lazy\" decoding=\"async\" id=\"img_58755449708865\" src=\"https:\/\/assets.classy.org\/25207127\/44e5de84-c1c1-11ed-b2f8-0e2be2e3693d.png\" width=\"196\" height=\"34\" data-airgap-id=\"55\" \/><\/p>\n<p>&nbsp;<\/p>\n<p><strong>Nh\u00e0 t\u00e0i tr\u1ee3 h\u1ecdc b\u1ed5ng<\/strong><\/p>\n<p>V\u00f4 danh<\/p>\n<p>Katherine Buck v\u00e0 Kevin Preloger<\/p>\n<p>david chazen<\/p>\n<p>Sarah v\u00e0 John Cobb<\/p>\n<p>Vincent Cozi<\/p>\n<p>Mary v\u00e0 Christopher Fifield<\/p>\n<p>Meg v\u00e0 Karl Frey<\/p>\n<p>Wilkingson v\u00e0 Nathalie Germain<\/p>\n<p>Cynthia Heusing v\u00e0 David Kistenbroker<\/p>\n<p>Krissan v\u00e0 John Jennings<\/p>\n<p>Erik v\u00e0 Adrienne King<\/p>\n<p>Karen v\u00e0 Liam Krehbiel<\/p>\n<p>Cathy v\u00e0 Mike Lee<\/p>\n<p>Deneese Walia Levin v\u00e0 Matthew Levin<\/p>\n<p>Kim Lynch<\/p>\n<p>Matthew D. Ngh\u0129a<\/p>\n<p>Thomas Meyers v\u00e0 Suzanne Lynch<\/p>\n<p>Liz v\u00e0 Dean Mihas<\/p>\n<p>Abby v\u00e0 Mason Phelps<\/p>\n<p>Kim v\u00e0 Manny Picciola<\/p>\n<p>Laurie v\u00e0 Scott Rose<\/p>\n<p><img loading=\"lazy\" decoding=\"async\" id=\"img_178394331238664\" src=\"https:\/\/assets.classy.org\/25207127\/396ee99e-e84d-11ed-8cbf-0e1c36e8742d.png\" width=\"199\" height=\"71\" data-airgap-id=\"56\" \/><\/p>\n<p><img loading=\"lazy\" decoding=\"async\" id=\"img_57226293240724\" src=\"https:\/\/assets.classy.org\/25207127\/cf0d3272-e9c3-11ed-8df4-0e6d54e3559f.png\" width=\"198\" height=\"62\" data-airgap-id=\"57\" \/><\/p>\n<p><img loading=\"lazy\" decoding=\"async\" id=\"img_47043459880004\" src=\"https:\/\/assets.classy.org\/25207127\/97955262-ce74-11ed-8b79-0a58a9feac02.png\" width=\"199\" height=\"108\" data-airgap-id=\"58\" \/><\/p>\n<p>\u00a0<img loading=\"lazy\" decoding=\"async\" id=\"img_46961268321212\" src=\"https:\/\/assets.classy.org\/25207127\/0d2c23fc-b3c2-11ed-80c6-0a58a9feac03.png\" width=\"201\" height=\"171\" data-airgap-id=\"59\" \/><\/p>\n<p><img loading=\"lazy\" decoding=\"async\" id=\"img_48595204430703\" src=\"https:\/\/assets.classy.org\/25207127\/7fdbacea-a631-11ed-b767-0e49d21fe4e1.png\" width=\"198\" height=\"72\" data-airgap-id=\"60\" \/><\/p>\n<p><img loading=\"lazy\" decoding=\"async\" id=\"img_48793695447541\" src=\"https:\/\/assets.classy.org\/25207127\/a25cf07a-e471-11ed-8f57-0a58a9feac02.png\" width=\"197\" height=\"43\" data-airgap-id=\"61\" \/><\/p>\n<p><img loading=\"lazy\" decoding=\"async\" id=\"img_61895609671058\" src=\"https:\/\/assets.classy.org\/25207127\/8c173cde-8c57-11ed-b45d-0edeccf13cd3.png\" width=\"196\" height=\"34\" data-airgap-id=\"62\" \/><\/p>\n<p><img loading=\"lazy\" decoding=\"async\" id=\"img_46919802113772\" src=\"https:\/\/assets.classy.org\/25207127\/fa92fcaa-a649-11ed-af70-0a58a9feac02.png\" width=\"198\" height=\"105\" data-airgap-id=\"63\" \/><\/p>\n<p>&nbsp;<\/p>\n<p><strong>Nh\u00e0 t\u00e0i tr\u1ee3 c\u01a1 h\u1ed9i<\/strong><\/p>\n<p>Katie v\u00e0 Chris Th\u1ee3 c\u1eaft t\u00f3c<\/p>\n<p>Qu\u1ef9 Gia \u0111\u00ecnh John v\u00e0 Jacolyn Bucksbaum<\/p>\n<p>Jymme v\u00e0 Steve Chaouki<\/p>\n<p>Joan Craig v\u00e0 Peter Ruggiero<\/p>\n<p>Charlie v\u00e0 Mary Gofen<\/p>\n<p>Mariana v\u00e0 Paul Ingersoll<\/p>\n<p>Dara v\u00e0 Ross Milner<\/p>\n<p>Cheryl v\u00e0 Thomas Rudbeck<\/p>\n<p><img loading=\"lazy\" decoding=\"async\" id=\"img_47088735652952\" src=\"https:\/\/assets.classy.org\/25207127\/71e1b740-dd29-11ed-b5f4-0a58a9feac02.png\" width=\"208\" height=\"56\" data-airgap-id=\"64\" \/><\/p>\n<p><img loading=\"lazy\" decoding=\"async\" id=\"img_46975608002736\" src=\"https:\/\/assets.classy.org\/25207127\/734f7ee8-b86a-11ed-aef6-0a58a9feac02.png\" width=\"198\" height=\"181\" data-airgap-id=\"65\" \/><\/p>\n<p><img loading=\"lazy\" decoding=\"async\" id=\"img_176711337517470\" src=\"https:\/\/assets.classy.org\/25207127\/98985faa-e84c-11ed-8ef3-0a58a9feac02.png\" width=\"247\" height=\"37\" data-airgap-id=\"66\" \/><\/p>\n<p>&nbsp;<\/p>\n<p><strong>Nh\u00e0 t\u00e0i tr\u1ee3 l\u00e0m gi\u00e0u<\/strong><\/p>\n<p>Farah v\u00e0 Praveen Adhi<\/p>\n<p>Qu\u1ef9 gia \u0111\u00ecnh Arkes<\/p>\n<p>Diana Aixal\u00e1 v\u00e0 Gavin Campbell<\/p>\n<p>Ranjini v\u00e0 Jose Ballen<\/p>\n<p>Leslie v\u00e0 Bill Barker<\/p>\n<p>Jenny v\u00e0 Jerry Bekkerman<\/p>\n<p>Sonia Chae v\u00e0 Bob Agler<\/p>\n<p>Michelle v\u00e0 Tom Cusick\u00a0<\/p>\n<p>Wende Fox Lawson v\u00e0 James Lawson<\/p>\n<p>Meggan Friedman v\u00e0 Sam Valenzisi<\/p>\n<p>Suzanne Gigniliat v\u00e0 Tom Hinkes<\/p>\n<p>Levi v\u00e0 Wallis Larson<\/p>\n<p>Sonya Malunda v\u00e0 Charles Lampley<\/p>\n<p>Zanna v\u00e0 Aram Nikitas<\/p>\n<p>Heidi Ortolaza-Alvear v\u00e0 Andres Alvear<\/p>\n<p>Trisha Rooney<\/p>\n<p>Ti\u1ebfn s\u0129 Stephanie Ross<\/p>\n<p>Lynn Sasamoto v\u00e0 Todd Kurisu<\/p>\n<p>Daisie v\u00e0 Michael Siska<\/p>\n<p>Julia v\u00e0 Errett Van Nice<\/p>\n<p>Ger v\u00e0 Margo Wolf O&#039;Donnell<\/p>","protected":false},"excerpt":{"rendered":"<p>Trang ch\u1ee7 Quy\u00ean g\u00f3p M\u1ed9t c\u01a1 h\u1ed9i m\u00f9a xu\u00e2n H\u00e3y h\u1eb9n h\u00f2 v\u00e0 tham gia c\u00f9ng ch\u00fang t\u00f4i! M\u00f9a xu\u00e2n c\u01a1 h\u1ed9i Th\u1ee9 s\u00e1u, ng\u00e0y 3 th\u00e1ng 5 n\u0103m 2024 Kh\u00e1ch s\u1ea1n Four Seasons Chicago H\u00e3y tham gia c\u00f9ng ch\u00fang t\u00f4i trong M\u00f9a xu\u00e2n c\u01a1 h\u1ed9i, m\u1ed9t s\u1ef1 ki\u1ec7n nh\u1eb1m t\u00f4n vinh th\u1ebf h\u1ec7 l\u00e3nh \u0111\u1ea1o ti\u1ebfp theo c\u1ee7a Chicago v\u00e0 h\u1ed7 tr\u1ee3 h\u1ecd tr\u00ean h\u00e0nh tr\u00ecnh h\u1ecdc t\u1eadp. Ch\u00fang t\u00f4i hy v\u1ecdng b\u1ea1n c\u00f3 th\u1ec3 gi\u00fap t\u1ed5 ch\u1ee9c l\u1ec5 k\u1ef7 ni\u1ec7m n\u00e0y\u2026<\/p>","protected":false},"author":7,"featured_media":3477,"parent":2056,"menu_order":4,"comment_status":"closed","ping_status":"closed","template":"","meta":{"_seopress_robots_primary_cat":"","_seopress_titles_title":"","_seopress_titles_desc":"","_seopress_robots_index":"","inline_featured_image":false,"footnotes":""},"class_list":["post-67","page","type-page","status-publish","has-post-thumbnail","hentry"],"_links":{"self":[{"href":"https:\/\/highjumpchicago.org\/vi\/wp-json\/wp\/v2\/pages\/67","targetHints":{"allow":["GET"]}}],"collection":[{"href":"https:\/\/highjumpchicago.org\/vi\/wp-json\/wp\/v2\/pages"}],"about":[{"href":"https:\/\/highjumpchicago.org\/vi\/wp-json\/wp\/v2\/types\/page"}],"author":[{"embeddable":true,"href":"https:\/\/highjumpchicago.org\/vi\/wp-json\/wp\/v2\/users\/7"}],"replies":[{"embeddable":true,"href":"https:\/\/highjumpchicago.org\/vi\/wp-json\/wp\/v2\/comments?post=67"}],"version-history":[{"count":5,"href":"https:\/\/highjumpchicago.org\/vi\/wp-json\/wp\/v2\/pages\/67\/revisions"}],"predecessor-version":[{"id":21442,"href":"https:\/\/highjumpchicago.org\/vi\/wp-json\/wp\/v2\/pages\/67\/revisions\/21442"}],"up":[{"embeddable":true,"href":"https:\/\/highjumpchicago.org\/vi\/wp-json\/wp\/v2\/pages\/2056"}],"wp:featuredmedia":[{"embeddable":true,"href":"https:\/\/highjumpchicago.org\/vi\/wp-json\/wp\/v2\/media\/3477"}],"wp:attachment":[{"href":"https:\/\/highjumpchicago.org\/vi\/wp-json\/wp\/v2\/media?parent=67"}],"curies":[{"name":"wp","href":"https:\/\/api.w.org\/{rel}","templated":true}]}}