{"id":9720,"date":"2023-02-03T15:50:13","date_gmt":"2023-02-03T21:50:13","guid":{"rendered":"https:\/\/d46e648428.nxcli.io\/?page_id=9720"},"modified":"2023-02-03T15:51:43","modified_gmt":"2023-02-03T21:51:43","slug":"mobile-messaging-terms-and-conditions","status":"publish","type":"page","link":"https:\/\/highjumpchicago.org\/vi\/mobile-messaging-terms-and-conditions\/","title":{"rendered":"\u0110i\u1ec1u kho\u1ea3n v\u00e0 \u0111i\u1ec1u ki\u1ec7n nh\u1eafn tin di \u0111\u1ed9ng"},"content":{"rendered":"<h1><strong>\u0110i\u1ec1u kho\u1ea3n v\u00e0 \u0111i\u1ec1u ki\u1ec7n nh\u1eafn tin di \u0111\u1ed9ng<\/strong><\/h1>\n<h4>C\u1eadp nh\u1eadt l\u1ea7n cu\u1ed1i: ng\u00e0y 3 th\u00e1ng 2 n\u0103m 2023<\/h4>\n<p>High Jump Chicago v\u1eadn h\u00e0nh m\u1ed9t ch\u01b0\u01a1ng tr\u00ecnh nh\u1eafn tin di \u0111\u1ed9ng (\u201cCh\u01b0\u01a1ng tr\u00ecnh\u201d) tu\u00e2n theo c\u00e1c \u0110i\u1ec1u kho\u1ea3n v\u00e0 \u0110i\u1ec1u ki\u1ec7n v\u1ec1 Nh\u1eafn tin Di \u0111\u1ed9ng n\u00e0y (\u201c\u0110i\u1ec1u kho\u1ea3n Nh\u1eafn tin Di \u0111\u1ed9ng\u201d). Ch\u01b0\u01a1ng tr\u00ecnh v\u00e0 vi\u1ec7c ch\u00fang t\u00f4i thu th\u1eadp c\u0169ng nh\u01b0 s\u1eed d\u1ee5ng th\u00f4ng tin c\u00e1 nh\u00e2n c\u1ee7a b\u1ea1n c\u0169ng ph\u1ea3i tu\u00e2n theo s\u1ef1 gi\u00e1m s\u00e1t c\u1ee7a ch\u00fang t\u00f4i. <a href=\"https:\/\/highjumpchicago.org\/vi\/privacy-policy\/\">Ch\u00ednh s\u00e1ch b\u1ea3o m\u1eadt<\/a>. B\u1eb1ng c\u00e1ch \u0111\u0103ng k\u00fd, \u0111\u0103ng k\u00fd ho\u1eb7c \u0111\u1ed3ng \u00fd tham gia Ch\u01b0\u01a1ng tr\u00ecnh, b\u1ea1n ch\u1ea5p nh\u1eadn v\u00e0 \u0111\u1ed3ng \u00fd v\u1edbi c\u00e1c \u0110i\u1ec1u kho\u1ea3n nh\u1eafn tin di \u0111\u1ed9ng n\u00e0y v\u00e0 c\u1ee7a ch\u00fang t\u00f4i. <a href=\"https:\/\/highjumpchicago.org\/vi\/privacy-policy\/\">Ch\u00ednh s\u00e1ch b\u1ea3o m\u1eadt<\/a>.<\/p>\n<ol>\n<li><strong>M\u00f4 t\u1ea3 ch\u01b0\u01a1ng tr\u00ecnh:<\/strong> Ch\u00fang t\u00f4i c\u00f3 th\u1ec3 g\u1eedi tin nh\u1eafn di \u0111\u1ed9ng qu\u1ea3ng c\u00e1o v\u00e0 giao d\u1ecbch \u1edf nhi\u1ec1u \u0111\u1ecbnh d\u1ea1ng kh\u00e1c nhau th\u00f4ng qua Ch\u01b0\u01a1ng tr\u00ecnh. Tin nh\u1eafn qu\u1ea3ng c\u00e1o qu\u1ea3ng c\u00e1o v\u00e0 qu\u1ea3ng b\u00e1 c\u00e1c s\u1ea3n ph\u1ea9m v\u00e0 d\u1ecbch v\u1ee5 c\u1ee7a ch\u00fang t\u00f4i v\u00e0 c\u00f3 th\u1ec3 bao g\u1ed3m l\u1eddi nh\u1eafc \u1ee9ng d\u1ee5ng, c\u1eadp nh\u1eadt ch\u01b0\u01a1ng tr\u00ecnh Nh\u1ea3y cao v\u00e0 b\u1ea5t k\u1ef3 th\u00f4ng tin n\u00e0o li\u00ean quan \u0111\u1ebfn ch\u01b0\u01a1ng tr\u00ecnh Nh\u1ea3y cao. Th\u00f4ng b\u00e1o giao d\u1ecbch li\u00ean quan \u0111\u1ebfn m\u1ed9t giao d\u1ecbch hi\u1ec7n c\u00f3 ho\u1eb7c \u0111ang di\u1ec5n ra v\u00e0 c\u00f3 th\u1ec3 bao g\u1ed3m c\u1eadp nh\u1eadt tr\u1ea1ng th\u00e1i \u1ee9ng d\u1ee5ng, nh\u1eafc ph\u1ecfng v\u1ea5n, nh\u1eafc th\u1eddi h\u1ea1n v\u00e0 b\u1ea5t k\u1ef3 th\u00f4ng tin n\u00e0o li\u00ean quan \u0111\u1ebfn ch\u01b0\u01a1ng tr\u00ecnh Nh\u1ea3y cao. Tin nh\u1eafn di \u0111\u1ed9ng c\u00f3 th\u1ec3 \u0111\u01b0\u1ee3c g\u1eedi b\u1eb1ng c\u00f4ng ngh\u1ec7 t\u1ef1 \u0111\u1ed9ng, bao g\u1ed3m tr\u00ecnh quay s\u1ed1 t\u1ef1 \u0111\u1ed9ng, h\u1ec7 th\u1ed1ng t\u1ef1 \u0111\u1ed9ng ho\u1eb7c h\u1ec7 th\u1ed1ng quay s\u1ed1 \u0111i\u1ec7n tho\u1ea1i t\u1ef1 \u0111\u1ed9ng. T\u1ea7n su\u1ea5t nh\u1eafn tin s\u1ebd kh\u00e1c nhau nh\u01b0ng s\u1ebd kh\u00f4ng v\u01b0\u1ee3t qu\u00e1 3 tin nh\u1eafn m\u1ed7i th\u00e1ng. B\u1ea1n \u0111\u1ed3ng \u00fd r\u1eb1ng ch\u00fang t\u00f4i, c\u00e1c chi nh\u00e1nh c\u1ee7a ch\u00fang t\u00f4i v\u00e0 b\u1ea5t k\u1ef3 nh\u00e0 cung c\u1ea5p d\u1ecbch v\u1ee5 b\u00ean th\u1ee9 ba n\u00e0o c\u00f3 th\u1ec3 g\u1eedi cho b\u1ea1n c\u00e1c tin nh\u1eafn li\u00ean quan \u0111\u1ebfn c\u00e1c ch\u1ee7 \u0111\u1ec1 \u0111\u00e3 n\u00f3i \u1edf tr\u00ean ho\u1eb7c b\u1ea5t k\u1ef3 ch\u1ee7 \u0111\u1ec1 n\u00e0o v\u00e0 r\u1eb1ng c\u00e1c tin nh\u1eafn v\u00e0\/ho\u1eb7c cu\u1ed9c g\u1ecdi \u0111\u00f3 c\u00f3 th\u1ec3 \u0111\u01b0\u1ee3c th\u1ef1c hi\u1ec7n ho\u1eb7c \u0111\u1eb7t b\u1eb1ng c\u00e1c s\u1ed1 \u0111i\u1ec7n tho\u1ea1i ho\u1eb7c m\u00e3 ng\u1eafn kh\u00e1c nhau. Ch\u00fang t\u00f4i kh\u00f4ng t\u00ednh ph\u00ed cho c\u00e1c tin nh\u1eafn di \u0111\u1ed9ng \u0111\u01b0\u1ee3c g\u1eedi qua Ch\u01b0\u01a1ng tr\u00ecnh nh\u01b0ng b\u1ea1n ch\u1ecbu tr\u00e1ch nhi\u1ec7m v\u1ec1 b\u1ea5t k\u1ef3 c\u01b0\u1edbc ph\u00ed tin nh\u1eafn v\u00e0 d\u1eef li\u1ec7u n\u00e0o do nh\u00e0 cung c\u1ea5p d\u1ecbch v\u1ee5 di \u0111\u1ed9ng c\u1ee7a b\u1ea1n \u00e1p \u0111\u1eb7t, v\u00ec c\u01b0\u1edbc ph\u00ed tin nh\u1eafn v\u00e0 d\u1eef li\u1ec7u ti\u00eau chu\u1ea9n c\u00f3 th\u1ec3 \u00e1p d\u1ee5ng cho c\u00e1c c\u1ea3nh b\u00e1o SMS v\u00e0 MMS.<\/li>\n<li><strong>Ch\u1ecdn tham gia c\u1ee7a ng\u01b0\u1eddi d\u00f9ng:<\/strong> B\u1eb1ng c\u00e1ch cung c\u1ea5p s\u1ed1 \u0111i\u1ec7n tho\u1ea1i di \u0111\u1ed9ng c\u1ee7a b\u1ea1n cho ch\u00fang t\u00f4i, b\u1ea1n t\u1ef1 nguy\u1ec7n ch\u1ecdn tham gia Ch\u01b0\u01a1ng tr\u00ecnh v\u00e0 b\u1ea1n \u0111\u1ed3ng \u00fd nh\u1eadn tin nh\u1eafn di \u0111\u1ed9ng \u0111\u1ecbnh k\u1ef3 t\u1eeb ch\u00fang t\u00f4i theo s\u1ed1 \u0111i\u1ec7n tho\u1ea1i di \u0111\u1ed9ng \u0111\u01b0\u1ee3c li\u00ean k\u1ebft v\u1edbi vi\u1ec7c ch\u1ecdn tham gia c\u1ee7a b\u1ea1n, ngay c\u1ea3 khi s\u1ed1 \u0111\u00f3 \u0111\u01b0\u1ee3c \u0111\u0103ng k\u00fd \u1edf b\u1ea5t k\u1ef3 ti\u1ec3u bang ho\u1eb7c li\u00ean bang n\u00e0o. Danh s\u00e1ch &quot;Kh\u00f4ng g\u1ecdi&quot;. B\u1ea1n \u0111\u1ed3ng \u00fd r\u1eb1ng b\u1ea5t k\u1ef3 s\u1ed1 \u0111i\u1ec7n tho\u1ea1i di \u0111\u1ed9ng n\u00e0o b\u1ea1n cung c\u1ea5p cho ch\u00fang t\u00f4i \u0111\u1ec1u l\u00e0 s\u1ed1 \u0111i\u1ec7n tho\u1ea1i di \u0111\u1ed9ng h\u1ee3p l\u1ec7 m\u00e0 b\u1ea1n l\u00e0 ch\u1ee7 s\u1edf h\u1eefu ho\u1eb7c ng\u01b0\u1eddi d\u00f9ng \u0111\u01b0\u1ee3c \u1ee7y quy\u1ec1n. N\u1ebfu b\u1ea1n thay \u0111\u1ed5i s\u1ed1 \u0111i\u1ec7n tho\u1ea1i di \u0111\u1ed9ng c\u1ee7a m\u00ecnh ho\u1eb7c kh\u00f4ng c\u00f2n l\u00e0 ch\u1ee7 s\u1edf h\u1eefu ho\u1eb7c ng\u01b0\u1eddi d\u00f9ng \u0111\u01b0\u1ee3c \u1ee7y quy\u1ec1n c\u1ee7a s\u1ed1 \u0111i\u1ec7n tho\u1ea1i di \u0111\u1ed9ng \u0111\u00f3, b\u1ea1n \u0111\u1ed3ng \u00fd th\u00f4ng b\u00e1o k\u1ecbp th\u1eddi cho ch\u00fang t\u00f4i theo \u0111\u1ecba ch\u1ec9 <a href=\"mailto:apply@highjumpchicago.org\">apply@highjumpchicago.org<\/a>. Vi\u1ec7c b\u1ea1n tham gia Ch\u01b0\u01a1ng tr\u00ecnh l\u00e0 kh\u00f4ng b\u1eaft bu\u1ed9c \u0111\u1ec3 th\u1ef1c hi\u1ec7n b\u1ea5t k\u1ef3 giao d\u1ecbch mua n\u00e0o t\u1eeb ch\u00fang t\u00f4i v\u00e0 vi\u1ec7c b\u1ea1n tham gia Ch\u01b0\u01a1ng tr\u00ecnh l\u00e0 ho\u00e0n to\u00e0n t\u1ef1 nguy\u1ec7n.<\/li>\n<li><strong>Ch\u1ecdn kh\u00f4ng tham gia v\u00e0 h\u1ed7 tr\u1ee3 ng\u01b0\u1eddi d\u00f9ng:<\/strong> B\u1ea1n c\u00f3 th\u1ec3 ch\u1ecdn kh\u00f4ng tham gia Ch\u01b0\u01a1ng tr\u00ecnh b\u1ea5t c\u1ee9 l\u00fac n\u00e0o. N\u1ebfu b\u1ea1n mu\u1ed1n ch\u1ecdn kh\u00f4ng tham gia Ch\u01b0\u01a1ng tr\u00ecnh v\u00e0 ng\u1eebng nh\u1eadn tin nh\u1eafn di \u0111\u1ed9ng t\u1eeb ch\u00fang t\u00f4i ho\u1eb7c b\u1ea1n kh\u00f4ng c\u00f2n \u0111\u1ed3ng \u00fd v\u1edbi c\u00e1c \u0110i\u1ec1u kho\u1ea3n nh\u1eafn tin di \u0111\u1ed9ng n\u00e0y, h\u00e3y tr\u1ea3 l\u1eddi <strong>D\u1eeaNG, B\u1ece, H\u1ee6Y, CH\u1eccN KH\u00d4NG THAM GIA,<\/strong> v\u00e0\/ho\u1eb7c <strong>H\u1ee6Y \u0110\u0102NG K\u00dd<\/strong> \u0111\u1ebfn b\u1ea5t k\u1ef3 tin nh\u1eafn di \u0111\u1ed9ng n\u00e0o t\u1eeb ch\u00fang t\u00f4i. B\u1ea1n c\u00f3 th\u1ec3 ti\u1ebfp t\u1ee5c nh\u1eadn \u0111\u01b0\u1ee3c tin nh\u1eafn v\u0103n b\u1ea3n trong m\u1ed9t kho\u1ea3ng th\u1eddi gian ng\u1eafn trong khi ch\u00fang t\u00f4i x\u1eed l\u00fd y\u00eau c\u1ea7u c\u1ee7a b\u1ea1n v\u00e0 b\u1ea1n c\u00f3 th\u1ec3 nh\u1eadn \u0111\u01b0\u1ee3c th\u00f4ng b\u00e1o x\u00e1c nh\u1eadn ch\u1ecdn kh\u00f4ng tham gia m\u1ed9t l\u1ea7n. B\u1ea1n hi\u1ec3u v\u00e0 \u0111\u1ed3ng \u00fd r\u1eb1ng nh\u1eefng \u0111i\u1ec1u \u0111\u00e3 n\u00f3i \u1edf tr\u00ean l\u00e0 ph\u01b0\u01a1ng ph\u00e1p h\u1ee3p l\u00fd duy nh\u1ea5t \u0111\u1ec3 ch\u1ecdn kh\u00f4ng tham gia. \u0110\u1ec3 \u0111\u01b0\u1ee3c h\u1ed7 tr\u1ee3, tr\u1ea3 l\u1eddi <strong>GI\u00daP \u0110\u1ee0<\/strong> \u0111\u1ebfn b\u1ea5t k\u1ef3 tin nh\u1eafn di \u0111\u1ed9ng n\u00e0o t\u1eeb ch\u00fang t\u00f4i. N\u1ec1n t\u1ea3ng nh\u1eafn tin di \u0111\u1ed9ng c\u1ee7a ch\u00fang t\u00f4i c\u00f3 th\u1ec3 kh\u00f4ng nh\u1eadn ra c\u00e1c y\u00eau c\u1ea7u s\u1eeda \u0111\u1ed5i c\u00e1c l\u1ec7nh n\u00eau tr\u00ean v\u00e0 b\u1ea1n \u0111\u1ed3ng \u00fd r\u1eb1ng ch\u00fang t\u00f4i v\u00e0 c\u00e1c nh\u00e0 cung c\u1ea5p d\u1ecbch v\u1ee5 c\u1ee7a ch\u00fang t\u00f4i s\u1ebd kh\u00f4ng ch\u1ecbu tr\u00e1ch nhi\u1ec7m ph\u00e1p l\u00fd v\u1ec1 vi\u1ec7c kh\u00f4ng th\u1ef1c hi\u1ec7n c\u00e1c y\u00eau c\u1ea7u kh\u00f4ng tu\u00e2n th\u1ee7 c\u00e1c y\u00eau c\u1ea7u trong c\u00e1c \u0110i\u1ec1u kho\u1ea3n nh\u1eafn tin di \u0111\u1ed9ng n\u00e0y. Ch\u00fang t\u00f4i c\u0169ng c\u00f3 th\u1ec3 thay \u0111\u1ed5i s\u1ed1 \u0111i\u1ec7n tho\u1ea1i ho\u1eb7c m\u00e3 ng\u1eafn m\u00e0 ch\u00fang t\u00f4i s\u1eed d\u1ee5ng \u0111\u1ec3 v\u1eadn h\u00e0nh Ch\u01b0\u01a1ng tr\u00ecnh v\u00e0 ch\u00fang t\u00f4i s\u1ebd th\u00f4ng b\u00e1o cho b\u1ea1n v\u1ec1 b\u1ea5t k\u1ef3 thay \u0111\u1ed5i n\u00e0o nh\u01b0 v\u1eady. B\u1ea1n th\u1eeba nh\u1eadn r\u1eb1ng b\u1ea5t k\u1ef3 y\u00eau c\u1ea7u n\u00e0o \u0111\u01b0\u1ee3c g\u1eedi \u0111\u1ebfn s\u1ed1 \u0111i\u1ec7n tho\u1ea1i ho\u1eb7c m\u00e3 ng\u1eafn \u0111\u00e3 \u0111\u01b0\u1ee3c thay \u0111\u1ed5i c\u00f3 th\u1ec3 kh\u00f4ng \u0111\u01b0\u1ee3c ch\u00fang t\u00f4i ti\u1ebfp nh\u1eadn v\u00e0 ch\u00fang t\u00f4i s\u1ebd kh\u00f4ng ch\u1ecbu tr\u00e1ch nhi\u1ec7m v\u1ec1 vi\u1ec7c kh\u00f4ng th\u1ef1c hi\u1ec7n y\u00eau c\u1ea7u \u0111\u01b0\u1ee3c g\u1eedi \u0111\u1ebfn s\u1ed1 \u0111i\u1ec7n tho\u1ea1i ho\u1eb7c m\u00e3 ng\u1eafn \u0111\u00e3 \u0111\u01b0\u1ee3c thay \u0111\u1ed5i.<\/li>\n<li><strong>Tuy\u00ean b\u1ed1 t\u1eeb ch\u1ed1i b\u1ea3o h\u00e0nh v\u00e0 tr\u00e1ch nhi\u1ec7m ph\u00e1p l\u00fd:<\/strong> Ch\u01b0\u01a1ng tr\u00ecnh \u0111\u01b0\u1ee3c cung c\u1ea5p tr\u00ean c\u01a1 s\u1edf \u201cnguy\u00ean tr\u1ea1ng\u201d v\u00e0 c\u00f3 th\u1ec3 kh\u00f4ng c\u00f3 s\u1eb5n \u1edf m\u1ecdi khu v\u1ef1c, m\u1ecdi l\u00fac ho\u1eb7c tr\u00ean t\u1ea5t c\u1ea3 c\u00e1c nh\u00e0 cung c\u1ea5p d\u1ecbch v\u1ee5 di \u0111\u1ed9ng. B\u1ea1n \u0111\u1ed3ng \u00fd r\u1eb1ng c\u1ea3 ch\u00fang t\u00f4i v\u00e0 nh\u00e0 cung c\u1ea5p d\u1ecbch v\u1ee5 c\u1ee7a ch\u00fang t\u00f4i s\u1ebd kh\u00f4ng ch\u1ecbu tr\u00e1ch nhi\u1ec7m ph\u00e1p l\u00fd \u0111\u1ed1i v\u1edbi b\u1ea5t k\u1ef3 tin nh\u1eafn ho\u1eb7c th\u00f4ng tin di \u0111\u1ed9ng n\u00e0o \u0111\u01b0\u1ee3c g\u1eedi qua Ch\u01b0\u01a1ng tr\u00ecnh kh\u00f4ng th\u00e0nh c\u00f4ng, b\u1ecb tr\u00ec ho\u00e3n ho\u1eb7c g\u1eedi sai \u0111\u1ecba ch\u1ec9.<\/li>\n<li><strong>s\u1eeda \u0111\u1ed5i:<\/strong> Ch\u00fang t\u00f4i c\u00f3 th\u1ec3 s\u1eeda \u0111\u1ed5i ho\u1eb7c h\u1ee7y b\u1ecf Ch\u01b0\u01a1ng tr\u00ecnh ho\u1eb7c b\u1ea5t k\u1ef3 t\u00ednh n\u0103ng n\u00e0o c\u1ee7a Ch\u01b0\u01a1ng tr\u00ecnh v\u00e0o b\u1ea5t k\u1ef3 l\u00fac n\u00e0o, c\u00f3 ho\u1eb7c kh\u00f4ng c\u00f3 th\u00f4ng b\u00e1o. Trong ph\u1ea1m vi \u0111\u01b0\u1ee3c lu\u1eadt hi\u1ec7n h\u00e0nh cho ph\u00e9p, ch\u00fang t\u00f4i c\u0169ng c\u00f3 th\u1ec3 s\u1eeda \u0111\u1ed5i c\u00e1c \u0110i\u1ec1u kho\u1ea3n nh\u1eafn tin di \u0111\u1ed9ng n\u00e0y b\u1ea5t c\u1ee9 l\u00fac n\u00e0o. B\u1ea5t k\u1ef3 s\u1eeda \u0111\u1ed5i n\u00e0o nh\u01b0 v\u1eady s\u1ebd c\u00f3 hi\u1ec7u l\u1ef1c khi n\u00f3 \u0111\u01b0\u1ee3c \u0111\u0103ng l\u00ean trang web c\u1ee7a ch\u00fang t\u00f4i. B\u1ea1n \u0111\u1ed3ng \u00fd xem l\u1ea1i c\u00e1c \u0110i\u1ec1u kho\u1ea3n nh\u1eafn tin di \u0111\u1ed9ng n\u00e0y \u0111\u1ecbnh k\u1ef3 \u0111\u1ec3 \u0111\u1ea3m b\u1ea3o r\u1eb1ng b\u1ea1n bi\u1ebft v\u1ec1 b\u1ea5t k\u1ef3 s\u1eeda \u0111\u1ed5i n\u00e0o. Vi\u1ec7c b\u1ea1n ti\u1ebfp t\u1ee5c tham gia Ch\u01b0\u01a1ng tr\u00ecnh s\u1ebd c\u1ea5u th\u00e0nh s\u1ef1 ch\u1ea5p nh\u1eadn c\u1ee7a b\u1ea1n \u0111\u1ed1i v\u1edbi nh\u1eefng s\u1eeda \u0111\u1ed5i \u0111\u00f3.<\/li>\n<\/ol>","protected":false},"excerpt":{"rendered":"<p>\u0110i\u1ec1u kho\u1ea3n v\u00e0 \u0110i\u1ec1u ki\u1ec7n v\u1ec1 Nh\u1eafn tin Di \u0111\u1ed9ng C\u1eadp nh\u1eadt l\u1ea7n cu\u1ed1i: Ng\u00e0y 3 th\u00e1ng 2 n\u0103m 2023 High Jump Chicago v\u1eadn h\u00e0nh m\u1ed9t ch\u01b0\u01a1ng tr\u00ecnh nh\u1eafn tin di \u0111\u1ed9ng (\u201cCh\u01b0\u01a1ng tr\u00ecnh\u201d) tu\u00e2n theo c\u00e1c \u0110i\u1ec1u kho\u1ea3n v\u00e0 \u0110i\u1ec1u ki\u1ec7n v\u1ec1 Nh\u1eafn tin Di \u0111\u1ed9ng n\u00e0y (\u201c\u0110i\u1ec1u kho\u1ea3n Nh\u1eafn tin Di \u0111\u1ed9ng\u201d). Ch\u01b0\u01a1ng tr\u00ecnh c\u0169ng nh\u01b0 vi\u1ec7c ch\u00fang t\u00f4i thu th\u1eadp v\u00e0 s\u1eed d\u1ee5ng th\u00f4ng tin c\u00e1 nh\u00e2n c\u1ee7a b\u1ea1n c\u0169ng tu\u00e2n theo Ch\u00ednh s\u00e1ch quy\u1ec1n ri\u00eang t\u01b0 c\u1ee7a ch\u00fang t\u00f4i. B\u1eb1ng c\u00e1ch \u0111\u0103ng k\u00fd, \u0111\u0103ng k\u00fd ho\u1eb7c\u2026<\/p>","protected":false},"author":7,"featured_media":0,"parent":0,"menu_order":0,"comment_status":"closed","ping_status":"closed","template":"","meta":{"_seopress_robots_primary_cat":"","_seopress_titles_title":"","_seopress_titles_desc":"","_seopress_robots_index":"","inline_featured_image":false,"footnotes":""},"class_list":["post-9720","page","type-page","status-publish","hentry"],"_links":{"self":[{"href":"https:\/\/highjumpchicago.org\/vi\/wp-json\/wp\/v2\/pages\/9720","targetHints":{"allow":["GET"]}}],"collection":[{"href":"https:\/\/highjumpchicago.org\/vi\/wp-json\/wp\/v2\/pages"}],"about":[{"href":"https:\/\/highjumpchicago.org\/vi\/wp-json\/wp\/v2\/types\/page"}],"author":[{"embeddable":true,"href":"https:\/\/highjumpchicago.org\/vi\/wp-json\/wp\/v2\/users\/7"}],"replies":[{"embeddable":true,"href":"https:\/\/highjumpchicago.org\/vi\/wp-json\/wp\/v2\/comments?post=9720"}],"version-history":[{"count":3,"href":"https:\/\/highjumpchicago.org\/vi\/wp-json\/wp\/v2\/pages\/9720\/revisions"}],"predecessor-version":[{"id":9725,"href":"https:\/\/highjumpchicago.org\/vi\/wp-json\/wp\/v2\/pages\/9720\/revisions\/9725"}],"wp:attachment":[{"href":"https:\/\/highjumpchicago.org\/vi\/wp-json\/wp\/v2\/media?parent=9720"}],"curies":[{"name":"wp","href":"https:\/\/api.w.org\/{rel}","templated":true}]}}